{"id":9525,"date":"2025-10-28T10:44:19","date_gmt":"2025-10-28T10:44:19","guid":{"rendered":""},"modified":"2026-04-07T13:25:44","modified_gmt":"2026-04-07T11:25:44","slug":"averbode-33cl","status":"publish","type":"product","link":"https:\/\/petitecave.ch\/de\/product\/averbode-33cl\/","title":{"rendered":"Averbode 33cl"},"content":{"rendered":"<p><strong>Visuel : <\/strong>Robe or coiff\u00e9e d&rsquo;une mousse blanche.<\/p>\n<p><strong>Nez :<\/strong> Ar\u00f4mes malt\u00e9s, floraux, fruit\u00e9s (pomme verte) et houblonn\u00e9s<\/p>\n<p><strong>Go\u00fbt :<\/strong> Bi\u00e8re douce, malt\u00e9e et houblonn\u00e9e avec un arri\u00e8re go\u00fbt frais et riche<\/p>","protected":false},"excerpt":{"rendered":"<p><strong>Averbode &#8211; Brasserie Huyghe &#8211; Abdij<\/strong><\/p>\n<p><strong><\/strong><\/p>\n<p><i>Averbode de la brasserie Huyghe est une bi\u00e8re blonde d&rsquo;abbaye multigrains, dont la robe jaune dor\u00e9e est coiff\u00e9e d&rsquo;une mousse blanche qui d\u00e9voile des ar\u00f4mes sucr\u00e9s de malt, de houblon et d&rsquo;\u00e9pices.<\/i><\/p>\n<p><i>Houblonn\u00e9e \u00e0 cru, elle b\u00e9n\u00e9ficie d&rsquo;une p\u00e9riode de garde ce qui va accro\u00eetre les ar\u00f4mes et saveurs, menant vers des saveurs rondes, malt\u00e9es, et p\u00e9tillantes avec une amertume mod\u00e9r\u00e9e.<\/i><\/p>","protected":false},"featured_media":12940,"comment_status":"open","ping_status":"closed","template":"","meta":[],"product_cat":[250],"product_tag":[],"class_list":{"0":"post-9525","1":"product","2":"type-product","3":"status-publish","4":"has-post-thumbnail","6":"product_cat-bieres","7":"pa_categorie-bieres-blondes","8":"pa_color-blonde","9":"pa_country-belgique","10":"pa_style-strong-ale","11":"pa_type-biere-d-abbaye","12":"product_deptype-0-30","13":"_wholesalex wsx-wholesalex-product","15":"first","16":"instock","17":"taxable","18":"shipping-taxable","19":"purchasable","20":"product-type-simple"},"_links":{"self":[{"href":"https:\/\/petitecave.ch\/de\/wp-json\/wp\/v2\/product\/9525","targetHints":{"allow":["GET"]}}],"collection":[{"href":"https:\/\/petitecave.ch\/de\/wp-json\/wp\/v2\/product"}],"about":[{"href":"https:\/\/petitecave.ch\/de\/wp-json\/wp\/v2\/types\/product"}],"replies":[{"embeddable":true,"href":"https:\/\/petitecave.ch\/de\/wp-json\/wp\/v2\/comments?post=9525"}],"wp:featuredmedia":[{"embeddable":true,"href":"https:\/\/petitecave.ch\/de\/wp-json\/wp\/v2\/media\/12940"}],"wp:attachment":[{"href":"https:\/\/petitecave.ch\/de\/wp-json\/wp\/v2\/media?parent=9525"}],"wp:term":[{"taxonomy":"product_cat","embeddable":true,"href":"https:\/\/petitecave.ch\/de\/wp-json\/wp\/v2\/product_cat?post=9525"},{"taxonomy":"product_tag","embeddable":true,"href":"https:\/\/petitecave.ch\/de\/wp-json\/wp\/v2\/product_tag?post=9525"}],"curies":[{"name":"wp","href":"https:\/\/api.w.org\/{rel}","templated":true}]}}