{"id":9523,"date":"2025-10-28T10:44:17","date_gmt":"2025-10-28T10:44:17","guid":{"rendered":""},"modified":"2026-04-07T13:25:44","modified_gmt":"2026-04-07T11:25:44","slug":"augustijn-blonde-33cl","status":"publish","type":"product","link":"https:\/\/petitecave.ch\/de\/product\/augustijn-blonde-33cl\/","title":{"rendered":"Augustijn Blonde 33cl"},"content":{"rendered":"<p><strong>Visuel :<\/strong> Robe jaune orang\u00e9e avec une belle mousse blanche.<\/p>\n<p><strong>Nez :<\/strong> Ar\u00f4mes fruit\u00e9s et \u00e9pic\u00e9s.<\/p>\n<p><strong>Go\u00fbt :<\/strong> Cette bi\u00e8re pr\u00e9sente des saveurs fruit\u00e9es, houblonn\u00e9es et \u00e9pic\u00e9es.<\/p>","protected":false},"excerpt":{"rendered":"<p><strong>Augustijn Blonde &#8211; Brasserie Van Steenberge &#8211;\u00a0<\/strong><b>Ertvelde<\/b><\/p>\n<\/p>\n<p><i>Bi\u00e8re d&rsquo;Abbaye Belge brass\u00e9e depuis 1925, la Augustijn Blonde \u00e9tait \u00e0 l&rsquo;origine brass\u00e9e dans le Monast\u00e8re des P\u00e8res Augustins de la ville de Gand.<\/i><\/p>\n<p><i>Si la production est aujourd&rsquo;hui assur\u00e9e par la Brasserie Van Steenberge, qui brasse entre autre la c\u00e9l\u00e8bre Gulden Draak, la Augustijn puise toujours dans son pass\u00e9 monastique pour vous offrir les meilleurs et les authentiques saveurs des bi\u00e8res d&rsquo;Abbaye Belge.<\/i><\/p>","protected":false},"featured_media":12938,"comment_status":"open","ping_status":"closed","template":"","meta":[],"product_cat":[250],"product_tag":[],"class_list":{"0":"post-9523","1":"product","2":"type-product","3":"status-publish","4":"has-post-thumbnail","6":"product_cat-bieres","7":"pa_categorie-bieres-blondes","8":"pa_color-blonde","9":"pa_country-belgique","10":"pa_style-belgian-pale-ale","11":"pa_type-biere-d-abbaye","12":"product_deptype-0-30","13":"_wholesalex wsx-wholesalex-product","15":"first","16":"instock","17":"taxable","18":"shipping-taxable","19":"purchasable","20":"product-type-simple"},"_links":{"self":[{"href":"https:\/\/petitecave.ch\/de\/wp-json\/wp\/v2\/product\/9523","targetHints":{"allow":["GET"]}}],"collection":[{"href":"https:\/\/petitecave.ch\/de\/wp-json\/wp\/v2\/product"}],"about":[{"href":"https:\/\/petitecave.ch\/de\/wp-json\/wp\/v2\/types\/product"}],"replies":[{"embeddable":true,"href":"https:\/\/petitecave.ch\/de\/wp-json\/wp\/v2\/comments?post=9523"}],"wp:featuredmedia":[{"embeddable":true,"href":"https:\/\/petitecave.ch\/de\/wp-json\/wp\/v2\/media\/12938"}],"wp:attachment":[{"href":"https:\/\/petitecave.ch\/de\/wp-json\/wp\/v2\/media?parent=9523"}],"wp:term":[{"taxonomy":"product_cat","embeddable":true,"href":"https:\/\/petitecave.ch\/de\/wp-json\/wp\/v2\/product_cat?post=9523"},{"taxonomy":"product_tag","embeddable":true,"href":"https:\/\/petitecave.ch\/de\/wp-json\/wp\/v2\/product_tag?post=9523"}],"curies":[{"name":"wp","href":"https:\/\/api.w.org\/{rel}","templated":true}]}}