{"id":9521,"date":"2026-03-27T16:44:16","date_gmt":"2026-03-27T15:44:16","guid":{"rendered":""},"modified":"2026-03-27T17:46:35","modified_gmt":"2026-03-27T16:46:35","slug":"achel-blonde-33cl","status":"publish","type":"product","link":"https:\/\/petitecave.ch\/de\/product\/achel-blonde-33cl\/","title":{"rendered":"Achel Triple 33cl"},"content":{"rendered":"<p><span style=\"color: #000000;\"><strong>Visuel :<\/strong> Robe orang\u00e9e, mousse blanche.<\/span><\/p>\n<p><span style=\"color: #000000;\"><strong>Nez :<\/strong> Ses notes fruit\u00e9es et nuances \u00e9pic\u00e9es s\u00e9duit aussi bien les amateurs avertis que les curieux en qu\u00eate de d\u00e9couvertes brassicoles.<\/span><\/p>\n<p><span style=\"color: #000000;\"><strong>Go\u00fbt :<\/strong> Ronde et \u00e9l\u00e9gante, ponctu\u00e9e de d\u00e9licates notes florales et d\u2019une amertume houblonn\u00e9e naturelle qui s\u2019\u00e9tire sur une finale s\u00e8che et persistante.<\/span><\/p>","protected":false},"excerpt":{"rendered":"<p><span style=\"color: #000000;\"><strong>Abbaye d&rsquo;Achel &#8211; Monast\u00e8re de Notre-Dame de Saint-Beno\u00eet\u00a0<\/strong><\/span><\/p>\n<p data-start=\"108\" data-end=\"405\"><em><span style=\"color: #000000;\">La Achel Tripel est une bi\u00e8re d\u2019abbaye de caract\u00e8re qui incarne pleinement l\u2019art du brassage traditionnel. Son profil aromatique unique s\u2019exprime gr\u00e2ce \u00e0 un proc\u00e9d\u00e9 de fabrication naturel et \u00e0 l\u2019utilisation de l\u2019eau douce d\u2019Achel, apportant finesse et \u00e9quilibre \u00e0 l\u2019ensemble.<\/span><\/em><\/p>\n<p data-start=\"577\" data-end=\"844\"><em><span style=\"color: #000000;\">Brass\u00e9e avec exigence selon des recettes ancestrales, cette tripel rend hommage \u00e0 l\u2019authenticit\u00e9.<\/span><\/em><\/p>","protected":false},"featured_media":19035,"comment_status":"open","ping_status":"closed","template":"","meta":[],"product_cat":[250],"product_tag":[],"class_list":{"0":"post-9521","1":"product","2":"type-product","3":"status-publish","4":"has-post-thumbnail","6":"product_cat-bieres","7":"pa_categorie-bieres-blondes","8":"pa_color-blonde","9":"pa_country-belgique","10":"pa_style-tripel","11":"pa_type-biere-d-abbaye","12":"product_deptype-0-30","13":"_wholesalex wsx-wholesalex-product","15":"first","16":"instock","17":"taxable","18":"shipping-taxable","19":"purchasable","20":"product-type-simple"},"_links":{"self":[{"href":"https:\/\/petitecave.ch\/de\/wp-json\/wp\/v2\/product\/9521","targetHints":{"allow":["GET"]}}],"collection":[{"href":"https:\/\/petitecave.ch\/de\/wp-json\/wp\/v2\/product"}],"about":[{"href":"https:\/\/petitecave.ch\/de\/wp-json\/wp\/v2\/types\/product"}],"replies":[{"embeddable":true,"href":"https:\/\/petitecave.ch\/de\/wp-json\/wp\/v2\/comments?post=9521"}],"wp:featuredmedia":[{"embeddable":true,"href":"https:\/\/petitecave.ch\/de\/wp-json\/wp\/v2\/media\/19035"}],"wp:attachment":[{"href":"https:\/\/petitecave.ch\/de\/wp-json\/wp\/v2\/media?parent=9521"}],"wp:term":[{"taxonomy":"product_cat","embeddable":true,"href":"https:\/\/petitecave.ch\/de\/wp-json\/wp\/v2\/product_cat?post=9521"},{"taxonomy":"product_tag","embeddable":true,"href":"https:\/\/petitecave.ch\/de\/wp-json\/wp\/v2\/product_tag?post=9521"}],"curies":[{"name":"wp","href":"https:\/\/api.w.org\/{rel}","templated":true}]}}