{"id":9517,"date":"2026-02-02T13:44:12","date_gmt":"2026-02-02T12:44:12","guid":{"rendered":""},"modified":"2026-04-07T15:34:50","modified_gmt":"2026-04-07T13:34:50","slug":"abuelo-xv-napoleon-cognac-cask","status":"publish","type":"product","link":"https:\/\/petitecave.ch\/de\/product\/abuelo-xv-napoleon-cognac-cask\/","title":{"rendered":"Abuelo XV Napol\u00e9on Cognac Cask 70cl"},"content":{"rendered":"<p><span style=\"color: #000000;\"><strong>Nez :\u00a0<\/strong>Notes de prunes, de raisins secs, de cacao et de moka.<\/span><\/p>\n<p><span style=\"color: #000000;\"><strong>Bouche :\u00a0<\/strong>Douce et fruit\u00e9e, dot\u00e9e de notes complexes de vanille, de fruits secs, de moka et de bois.<\/span><\/p>\n<p><span style=\"color: #000000;\"><strong>Finale :<\/strong> Longue, profonde et \u00e9l\u00e9gante.<\/span><\/p>","protected":false},"excerpt":{"rendered":"<p><span style=\"color: #000000;\">Ce rhum produit \u00e0 partir d&rsquo;un sirop de miel, est affin\u00e9 en m\u00e9thode Solera dans des f\u00fbts Bourbon de ch\u00eane am\u00e9ricain avec une post maturation initi\u00e9e dans des f\u00fbts de Cognac (Cuv\u00e9e Napol\u00e9on).<\/span><\/p>","protected":false},"featured_media":18589,"comment_status":"open","ping_status":"closed","template":"","meta":[],"product_cat":[272],"product_tag":[],"class_list":{"0":"post-9517","1":"product","2":"type-product","3":"status-publish","4":"has-post-thumbnail","6":"product_cat-rhum","7":"pa_categorie-603-rhum","8":"pa_color-ambree","9":"pa_country-panama","10":"pa_type-spiritueux-a-base-de-rhum","11":"pa_volume-70-cl","12":"_wholesalex wsx-wholesalex-product","14":"first","15":"instock","16":"taxable","17":"shipping-taxable","18":"purchasable","19":"product-type-simple"},"_links":{"self":[{"href":"https:\/\/petitecave.ch\/de\/wp-json\/wp\/v2\/product\/9517","targetHints":{"allow":["GET"]}}],"collection":[{"href":"https:\/\/petitecave.ch\/de\/wp-json\/wp\/v2\/product"}],"about":[{"href":"https:\/\/petitecave.ch\/de\/wp-json\/wp\/v2\/types\/product"}],"replies":[{"embeddable":true,"href":"https:\/\/petitecave.ch\/de\/wp-json\/wp\/v2\/comments?post=9517"}],"wp:featuredmedia":[{"embeddable":true,"href":"https:\/\/petitecave.ch\/de\/wp-json\/wp\/v2\/media\/18589"}],"wp:attachment":[{"href":"https:\/\/petitecave.ch\/de\/wp-json\/wp\/v2\/media?parent=9517"}],"wp:term":[{"taxonomy":"product_cat","embeddable":true,"href":"https:\/\/petitecave.ch\/de\/wp-json\/wp\/v2\/product_cat?post=9517"},{"taxonomy":"product_tag","embeddable":true,"href":"https:\/\/petitecave.ch\/de\/wp-json\/wp\/v2\/product_tag?post=9517"}],"curies":[{"name":"wp","href":"https:\/\/api.w.org\/{rel}","templated":true}]}}