{"id":9504,"date":"2025-10-28T10:44:01","date_gmt":"2025-10-28T10:44:01","guid":{"rendered":""},"modified":"2026-02-23T16:51:14","modified_gmt":"2026-02-23T15:51:14","slug":"cuv-e-prestige-brut-ros-jacques-germanier-75cl","status":"publish","type":"product","link":"https:\/\/petitecave.ch\/de\/product\/cuv-e-prestige-brut-ros-jacques-germanier-75cl\/","title":{"rendered":"Cuv\u00e9e Prestige Brut Ros\u00e9  &#8211; Jacques Germanier 75cl"},"content":{"rendered":"<p><strong>C\u00e9pages :\u00a0<\/strong>Assemblages de c\u00e9pages blancs et rouges<\/p>\n<p><strong>Nez :\u00a0<\/strong>Le bouquet d\u00e9voile des ar\u00f4mes de petits fruits rouges frais comme les baies rouges et la cerise<\/p>\n<p><strong>Bouche :\u00a0<\/strong>Elle pr\u00e9sente un \u00e9quilibre remarquable entre fra\u00eecheur, rondeur et souplesse, laissant s&rsquo;exprimer de savoureuses notes fruit\u00e9es<\/p>\n<p><strong>Accompagnement :\u00a0<\/strong>Parfait pour l&rsquo;ap\u00e9ritif, pour accompagner des fruits frais, du poissons, des crustac\u00e9s ou des desserts fruit\u00e9s<\/p>\n<p><strong>Temps de garde :\u00a0<\/strong>1 \u00e0 4 ans<\/p>","protected":false},"excerpt":{"rendered":"<p><strong>Cuv\u00e9e Prestige Brut Ros\u00e9 &#8211; Jacques Germanier &#8211; Cave du Tunnel &#8211; Conthey <\/strong><\/p>\n<p><em>AOC Valais<\/em><\/p>","protected":false},"featured_media":12919,"comment_status":"open","ping_status":"open","template":"","meta":[],"product_cat":[368,286,253,342],"product_tag":[],"class_list":{"0":"post-9504","1":"product","2":"type-product","3":"status-publish","4":"has-post-thumbnail","6":"product_cat-blanc","7":"product_cat-vins-rose","8":"product_cat-vins","9":"product_cat-vins-petillants","10":"pa_country-suisse","11":"pa_volume-75-cl","12":"_wholesalex wsx-wholesalex-product","14":"first","15":"instock","16":"taxable","17":"shipping-taxable","18":"purchasable","19":"product-type-simple"},"_links":{"self":[{"href":"https:\/\/petitecave.ch\/de\/wp-json\/wp\/v2\/product\/9504","targetHints":{"allow":["GET"]}}],"collection":[{"href":"https:\/\/petitecave.ch\/de\/wp-json\/wp\/v2\/product"}],"about":[{"href":"https:\/\/petitecave.ch\/de\/wp-json\/wp\/v2\/types\/product"}],"replies":[{"embeddable":true,"href":"https:\/\/petitecave.ch\/de\/wp-json\/wp\/v2\/comments?post=9504"}],"wp:featuredmedia":[{"embeddable":true,"href":"https:\/\/petitecave.ch\/de\/wp-json\/wp\/v2\/media\/12919"}],"wp:attachment":[{"href":"https:\/\/petitecave.ch\/de\/wp-json\/wp\/v2\/media?parent=9504"}],"wp:term":[{"taxonomy":"product_cat","embeddable":true,"href":"https:\/\/petitecave.ch\/de\/wp-json\/wp\/v2\/product_cat?post=9504"},{"taxonomy":"product_tag","embeddable":true,"href":"https:\/\/petitecave.ch\/de\/wp-json\/wp\/v2\/product_tag?post=9504"}],"curies":[{"name":"wp","href":"https:\/\/api.w.org\/{rel}","templated":true}]}}