{"id":9502,"date":"2025-10-28T10:43:59","date_gmt":"2025-10-28T10:43:59","guid":{"rendered":""},"modified":"2026-02-23T16:28:37","modified_gmt":"2026-02-23T15:28:37","slug":"brut-du-valais-jacques-germanier-75cl","status":"publish","type":"product","link":"https:\/\/petitecave.ch\/de\/product\/brut-du-valais-jacques-germanier-75cl\/","title":{"rendered":"Brut du Valais &#8211; Jacques Germanier 75cl"},"content":{"rendered":"<p><strong>C\u00e9page : <\/strong>Chardonnay\u00a0<\/p>\n<p><strong>Nez :\u00a0<\/strong>Complexe, floral avec une sous-couche noisette et une l\u00e9g\u00e8re note de pain grill\u00e9<\/p>\n<p><strong>Bouche :\u00a0<\/strong>El\u00e9gante, soutenue par une agr\u00e9able vivacit\u00e9. Le palais est rond, \u00e9quilibr\u00e9 avec une touche de limette, la finale en longueur est tr\u00e8s harmonieuse<\/p>\n<p><strong>Accompagnement :\u00a0<\/strong>A l&rsquo;ap\u00e9ritif, avec du poisson, des crustac\u00e9s ou de la viande<\/p>\n<p><strong>Temps de garde :\u00a0<\/strong>1 \u00e0 4 ans<\/p>","protected":false},"excerpt":{"rendered":"<p><strong>Brut du Valais\u00a0&#8211; Jacques Germanier &#8211; Cave du Tunnel &#8211; Conthey<\/strong><\/p>","protected":false},"featured_media":12917,"comment_status":"open","ping_status":"open","template":"","meta":[],"product_cat":[368,253,342],"product_tag":[],"class_list":{"0":"post-9502","1":"product","2":"type-product","3":"status-publish","4":"has-post-thumbnail","6":"product_cat-blanc","7":"product_cat-vins","8":"product_cat-vins-petillants","9":"pa_country-suisse","10":"pa_volume-75-cl","11":"_wholesalex wsx-wholesalex-product","13":"first","14":"instock","15":"taxable","16":"shipping-taxable","17":"purchasable","18":"product-type-simple"},"_links":{"self":[{"href":"https:\/\/petitecave.ch\/de\/wp-json\/wp\/v2\/product\/9502","targetHints":{"allow":["GET"]}}],"collection":[{"href":"https:\/\/petitecave.ch\/de\/wp-json\/wp\/v2\/product"}],"about":[{"href":"https:\/\/petitecave.ch\/de\/wp-json\/wp\/v2\/types\/product"}],"replies":[{"embeddable":true,"href":"https:\/\/petitecave.ch\/de\/wp-json\/wp\/v2\/comments?post=9502"}],"wp:featuredmedia":[{"embeddable":true,"href":"https:\/\/petitecave.ch\/de\/wp-json\/wp\/v2\/media\/12917"}],"wp:attachment":[{"href":"https:\/\/petitecave.ch\/de\/wp-json\/wp\/v2\/media?parent=9502"}],"wp:term":[{"taxonomy":"product_cat","embeddable":true,"href":"https:\/\/petitecave.ch\/de\/wp-json\/wp\/v2\/product_cat?post=9502"},{"taxonomy":"product_tag","embeddable":true,"href":"https:\/\/petitecave.ch\/de\/wp-json\/wp\/v2\/product_tag?post=9502"}],"curies":[{"name":"wp","href":"https:\/\/api.w.org\/{rel}","templated":true}]}}