{"id":9498,"date":"2025-10-28T10:43:56","date_gmt":"2025-10-28T10:43:56","guid":{"rendered":""},"modified":"2026-02-23T16:29:46","modified_gmt":"2026-02-23T15:29:46","slug":"brut-de-brut-ch-teau-constellation-75cl","status":"publish","type":"product","link":"https:\/\/petitecave.ch\/de\/product\/brut-de-brut-ch-teau-constellation-75cl\/","title":{"rendered":"Brut de Brut &#8211; Ch\u00e2teau Constellation 75cl"},"content":{"rendered":"<p><strong>C\u00e9page :\u00a0<\/strong>Chardonnay<\/p>\n<p><strong>Nez :\u00a0<\/strong>Bouquet subtil de notes de prunes et de fleurs blanches auxquelles s&rsquo;ajoute une touche d&rsquo;amandes grill\u00e9es<\/p>\n<p><strong>Bouche :\u00a0<\/strong>Vive et \u00e9l\u00e9gante, le Brut de Brut s&rsquo;av\u00e8re agr\u00e9able et bien \u00e9quilibr\u00e9<\/p>\n<p><strong>Accompagnement :\u00a0<\/strong>Id\u00e9al \u00e0 l&rsquo;ap\u00e9ritif, avec des crustac\u00e9s ou des viandes blanches grill\u00e9es<\/p>","protected":false},"excerpt":{"rendered":"<p><strong>Brut de Brut &#8211; Ch\u00e2teau Constellation &#8211; Sion\u00a0<\/strong><\/p>","protected":false},"featured_media":12913,"comment_status":"open","ping_status":"open","template":"","meta":[],"product_cat":[368,253,342],"product_tag":[],"class_list":{"0":"post-9498","1":"product","2":"type-product","3":"status-publish","4":"has-post-thumbnail","6":"product_cat-blanc","7":"product_cat-vins","8":"product_cat-vins-petillants","9":"pa_color-blanc","10":"pa_country-suisse","11":"pa_volume-75-cl","12":"_wholesalex wsx-wholesalex-product","14":"first","15":"instock","16":"taxable","17":"shipping-taxable","18":"purchasable","19":"product-type-simple"},"_links":{"self":[{"href":"https:\/\/petitecave.ch\/de\/wp-json\/wp\/v2\/product\/9498","targetHints":{"allow":["GET"]}}],"collection":[{"href":"https:\/\/petitecave.ch\/de\/wp-json\/wp\/v2\/product"}],"about":[{"href":"https:\/\/petitecave.ch\/de\/wp-json\/wp\/v2\/types\/product"}],"replies":[{"embeddable":true,"href":"https:\/\/petitecave.ch\/de\/wp-json\/wp\/v2\/comments?post=9498"}],"wp:featuredmedia":[{"embeddable":true,"href":"https:\/\/petitecave.ch\/de\/wp-json\/wp\/v2\/media\/12913"}],"wp:attachment":[{"href":"https:\/\/petitecave.ch\/de\/wp-json\/wp\/v2\/media?parent=9498"}],"wp:term":[{"taxonomy":"product_cat","embeddable":true,"href":"https:\/\/petitecave.ch\/de\/wp-json\/wp\/v2\/product_cat?post=9498"},{"taxonomy":"product_tag","embeddable":true,"href":"https:\/\/petitecave.ch\/de\/wp-json\/wp\/v2\/product_tag?post=9498"}],"curies":[{"name":"wp","href":"https:\/\/api.w.org\/{rel}","templated":true}]}}