{"id":9494,"date":"2025-10-28T10:43:52","date_gmt":"2025-10-28T10:43:52","guid":{"rendered":""},"modified":"2026-04-07T13:46:06","modified_gmt":"2026-04-07T11:46:06","slug":"fuller-s-london-pride-boite-50cl","status":"publish","type":"product","link":"https:\/\/petitecave.ch\/de\/product\/fuller-s-london-pride-boite-50cl\/","title":{"rendered":"Fuller&rsquo;s London Pride boite 50cl"},"content":{"rendered":"<p><strong>Visuel :<\/strong> Robe ambr\u00e9e avec une mousse beige clair<\/p>\n<p><strong>Nez :<\/strong> Ar\u00f4mes de malt, de biscuit et de caramel<\/p>\n<p><strong>Go\u00fbt :<\/strong> Saveurs fruit\u00e9es, herbac\u00e9es et \u00e9pic\u00e9es<\/p>","protected":false},"excerpt":{"rendered":"<p><strong>Fuller&rsquo;s London Pride &#8211; Fuller&rsquo;s Brewery\u00a0<\/strong><\/p>\n<\/p>\n<p><i>\u00ab\u00a0Tous les londoniens s&rsquo;accordent \u00e0 dire que c&rsquo;est LA bi\u00e8re incontournable qu&rsquo;il vous faut \u00e0 tout prix tester lors d&rsquo;une escapade \u00e0 Londres !\u00a0\u00bb<\/i><\/p>\n<p><i>La brasserie Fuller&rsquo;s est implant\u00e9e au c\u0153ur de la ville de Londres depuis le 17\u00e8me si\u00e8cle. Elle a tout de suite conquis les britanniques avec ses recettes finement brass\u00e9es dans le respect des traditions ancestrales.<\/i><\/p>\n<p><i>La London Pride s&rsquo;est impos\u00e9e comme la bi\u00e8re londonienne par excellence. Cette incontournable des pubs Londoniens fait la fiert\u00e9 de tous les locaux. En effet, elle est produite \u00e0 partir d&rsquo;ingr\u00e9dients exclusivement cultiv\u00e9s sur le territoire anglais. Houblons, levures, malts et eau, tout provient du pays. Forc\u00e9ment, avec de tels ingr\u00e9dients, elle a un go\u00fbt typiquement anglais.<\/i><\/p>","protected":false},"featured_media":12909,"comment_status":"open","ping_status":"open","template":"","meta":[],"product_cat":[250],"product_tag":[],"class_list":{"0":"post-9494","1":"product","2":"type-product","3":"status-publish","4":"has-post-thumbnail","6":"product_cat-bieres","7":"pa_categorie-bieres-blondes","8":"pa_country-angleterre","9":"pa_style-english-ale","10":"_wholesalex wsx-wholesalex-product","12":"first","13":"outofstock","14":"taxable","15":"shipping-taxable","16":"purchasable","17":"product-type-simple"},"yoast_head":"<!-- This site is optimized with the Yoast SEO plugin v27.4 - https:\/\/yoast.com\/product\/yoast-seo-wordpress\/ -->\n<title>Fuller&#039;s London Pride boite 50cl | La Petite Cave du Chablais<\/title>\n<meta name=\"robots\" content=\"index, follow, max-snippet:-1, max-image-preview:large, max-video-preview:-1\" \/>\n<link rel=\"canonical\" href=\"https:\/\/petitecave.ch\/de\/product\/fuller-s-london-pride-boite-50cl\/\" \/>\n<meta property=\"og:locale\" content=\"de_DE\" \/>\n<meta property=\"og:type\" content=\"article\" \/>\n<meta property=\"og:title\" content=\"Fuller&#039;s London Pride boite 50cl | La Petite Cave du Chablais\" \/>\n<meta property=\"og:description\" content=\"Fuller&#039;s London Pride - Fuller&#039;s Brewery\u00a0  &quot;Tous les londoniens s&#039;accordent \u00e0 dire que c&#039;est LA bi\u00e8re incontournable qu&#039;il vous faut \u00e0 tout prix tester lors d&#039;une escapade \u00e0 Londres !&quot; La brasserie Fuller&#039;s est implant\u00e9e au c\u0153ur de la ville de Londres depuis le 17\u00e8me si\u00e8cle. Elle a tout de suite conquis les britanniques avec ses recettes finement brass\u00e9es dans le respect des traditions ancestrales. La London Pride s&#039;est impos\u00e9e comme la bi\u00e8re londonienne par excellence. Cette incontournable des pubs Londoniens fait la fiert\u00e9 de tous les locaux. En effet, elle est produite \u00e0 partir d&#039;ingr\u00e9dients exclusivement cultiv\u00e9s sur le territoire anglais. Houblons, levures, malts et eau, tout provient du pays. Forc\u00e9ment, avec de tels ingr\u00e9dients, elle a un go\u00fbt typiquement anglais.\" \/>\n<meta property=\"og:url\" content=\"https:\/\/petitecave.ch\/de\/product\/fuller-s-london-pride-boite-50cl\/\" \/>\n<meta property=\"og:site_name\" content=\"La Petite Cave du Chablais\" \/>\n<meta property=\"article:publisher\" content=\"https:\/\/www.facebook.com\/LaPetiteCaveDuChablais\" \/>\n<meta property=\"article:modified_time\" content=\"2026-04-07T11:46:06+00:00\" \/>\n<meta property=\"og:image\" content=\"https:\/\/petitecave.ch\/wp-content\/uploads\/2025\/10\/9494_4822_cover.jpg\" \/>\n\t<meta property=\"og:image:width\" content=\"1000\" \/>\n\t<meta property=\"og:image:height\" content=\"1700\" \/>\n\t<meta property=\"og:image:type\" content=\"image\/jpeg\" \/>\n<meta name=\"twitter:card\" content=\"summary_large_image\" \/>\n<script type=\"application\/ld+json\" class=\"yoast-schema-graph\">{\"@context\":\"https:\\\/\\\/schema.org\",\"@graph\":[{\"@type\":\"WebPage\",\"@id\":\"https:\\\/\\\/petitecave.ch\\\/product\\\/fuller-s-london-pride-boite-50cl\\\/\",\"url\":\"https:\\\/\\\/petitecave.ch\\\/product\\\/fuller-s-london-pride-boite-50cl\\\/\",\"name\":\"Fuller's London Pride boite 50cl | La Petite Cave du Chablais\",\"isPartOf\":{\"@id\":\"https:\\\/\\\/petitecave.ch\\\/de\\\/#website\"},\"primaryImageOfPage\":{\"@id\":\"https:\\\/\\\/petitecave.ch\\\/product\\\/fuller-s-london-pride-boite-50cl\\\/#primaryimage\"},\"image\":{\"@id\":\"https:\\\/\\\/petitecave.ch\\\/product\\\/fuller-s-london-pride-boite-50cl\\\/#primaryimage\"},\"thumbnailUrl\":\"https:\\\/\\\/petitecave.ch\\\/wp-content\\\/uploads\\\/2025\\\/10\\\/9494_4822_cover.jpg\",\"datePublished\":\"2025-10-28T10:43:52+00:00\",\"dateModified\":\"2026-04-07T11:46:06+00:00\",\"breadcrumb\":{\"@id\":\"https:\\\/\\\/petitecave.ch\\\/product\\\/fuller-s-london-pride-boite-50cl\\\/#breadcrumb\"},\"inLanguage\":\"de-CH\",\"potentialAction\":[{\"@type\":\"ReadAction\",\"target\":[\"https:\\\/\\\/petitecave.ch\\\/product\\\/fuller-s-london-pride-boite-50cl\\\/\"]}]},{\"@type\":\"ImageObject\",\"inLanguage\":\"de-CH\",\"@id\":\"https:\\\/\\\/petitecave.ch\\\/product\\\/fuller-s-london-pride-boite-50cl\\\/#primaryimage\",\"url\":\"https:\\\/\\\/petitecave.ch\\\/wp-content\\\/uploads\\\/2025\\\/10\\\/9494_4822_cover.jpg\",\"contentUrl\":\"https:\\\/\\\/petitecave.ch\\\/wp-content\\\/uploads\\\/2025\\\/10\\\/9494_4822_cover.jpg\",\"width\":1000,\"height\":1700},{\"@type\":\"BreadcrumbList\",\"@id\":\"https:\\\/\\\/petitecave.ch\\\/product\\\/fuller-s-london-pride-boite-50cl\\\/#breadcrumb\",\"itemListElement\":[{\"@type\":\"ListItem\",\"position\":1,\"name\":\"Accueil\",\"item\":\"https:\\\/\\\/petitecave.ch\\\/de\\\/\"},{\"@type\":\"ListItem\",\"position\":2,\"name\":\"Produkte\",\"item\":\"https:\\\/\\\/petitecave.ch\\\/de\\\/shop\\\/\"},{\"@type\":\"ListItem\",\"position\":3,\"name\":\"Fuller&rsquo;s London Pride boite 50cl\"}]},{\"@type\":\"WebSite\",\"@id\":\"https:\\\/\\\/petitecave.ch\\\/de\\\/#website\",\"url\":\"https:\\\/\\\/petitecave.ch\\\/de\\\/\",\"name\":\"La Petite Cave du Chablais\",\"description\":\"Vins, bi\u00e8res et spiritueux en ligne !\",\"publisher\":{\"@id\":\"https:\\\/\\\/petitecave.ch\\\/de\\\/#organization\"},\"alternateName\":\"La Petite Cave\",\"potentialAction\":[{\"@type\":\"SearchAction\",\"target\":{\"@type\":\"EntryPoint\",\"urlTemplate\":\"https:\\\/\\\/petitecave.ch\\\/de\\\/?s={search_term_string}\"},\"query-input\":{\"@type\":\"PropertyValueSpecification\",\"valueRequired\":true,\"valueName\":\"search_term_string\"}}],\"inLanguage\":\"de-CH\"},{\"@type\":\"Organization\",\"@id\":\"https:\\\/\\\/petitecave.ch\\\/de\\\/#organization\",\"name\":\"La Petite Cave du Chablais S\u00e0rl\",\"url\":\"https:\\\/\\\/petitecave.ch\\\/de\\\/\",\"logo\":{\"@type\":\"ImageObject\",\"inLanguage\":\"de-CH\",\"@id\":\"https:\\\/\\\/petitecave.ch\\\/de\\\/#\\\/schema\\\/logo\\\/image\\\/\",\"url\":\"https:\\\/\\\/petitecave.ch\\\/wp-content\\\/uploads\\\/2025\\\/10\\\/petitecavelogo-removebg-preview.png\",\"contentUrl\":\"https:\\\/\\\/petitecave.ch\\\/wp-content\\\/uploads\\\/2025\\\/10\\\/petitecavelogo-removebg-preview.png\",\"width\":800,\"height\":200,\"caption\":\"La Petite Cave du Chablais S\u00e0rl\"},\"image\":{\"@id\":\"https:\\\/\\\/petitecave.ch\\\/de\\\/#\\\/schema\\\/logo\\\/image\\\/\"},\"sameAs\":[\"https:\\\/\\\/www.facebook.com\\\/LaPetiteCaveDuChablais\",\"https:\\\/\\\/www.instagram.com\\\/lapetitecaveduchablais\",\"https:\\\/\\\/www.linkedin.com\\\/company\\\/la-petite-cave-du-chablais\"]}]}<\/script>\n<!-- \/ Yoast SEO plugin. -->","yoast_head_json":{"title":"Fuller's London Pride boite 50cl | La Petite Cave du Chablais","robots":{"index":"index","follow":"follow","max-snippet":"max-snippet:-1","max-image-preview":"max-image-preview:large","max-video-preview":"max-video-preview:-1"},"canonical":"https:\/\/petitecave.ch\/de\/product\/fuller-s-london-pride-boite-50cl\/","og_locale":"de_DE","og_type":"article","og_title":"Fuller's London Pride boite 50cl | La Petite Cave du Chablais","og_description":"Fuller's London Pride - Fuller's Brewery\u00a0  \"Tous les londoniens s'accordent \u00e0 dire que c'est LA bi\u00e8re incontournable qu'il vous faut \u00e0 tout prix tester lors d'une escapade \u00e0 Londres !\" La brasserie Fuller's est implant\u00e9e au c\u0153ur de la ville de Londres depuis le 17\u00e8me si\u00e8cle. Elle a tout de suite conquis les britanniques avec ses recettes finement brass\u00e9es dans le respect des traditions ancestrales. La London Pride s'est impos\u00e9e comme la bi\u00e8re londonienne par excellence. Cette incontournable des pubs Londoniens fait la fiert\u00e9 de tous les locaux. En effet, elle est produite \u00e0 partir d'ingr\u00e9dients exclusivement cultiv\u00e9s sur le territoire anglais. Houblons, levures, malts et eau, tout provient du pays. Forc\u00e9ment, avec de tels ingr\u00e9dients, elle a un go\u00fbt typiquement anglais.","og_url":"https:\/\/petitecave.ch\/de\/product\/fuller-s-london-pride-boite-50cl\/","og_site_name":"La Petite Cave du Chablais","article_publisher":"https:\/\/www.facebook.com\/LaPetiteCaveDuChablais","article_modified_time":"2026-04-07T11:46:06+00:00","og_image":[{"width":1000,"height":1700,"url":"https:\/\/petitecave.ch\/wp-content\/uploads\/2025\/10\/9494_4822_cover.jpg","type":"image\/jpeg"}],"twitter_card":"summary_large_image","schema":{"@context":"https:\/\/schema.org","@graph":[{"@type":"WebPage","@id":"https:\/\/petitecave.ch\/product\/fuller-s-london-pride-boite-50cl\/","url":"https:\/\/petitecave.ch\/product\/fuller-s-london-pride-boite-50cl\/","name":"Fuller's London Pride boite 50cl | La Petite Cave du Chablais","isPartOf":{"@id":"https:\/\/petitecave.ch\/de\/#website"},"primaryImageOfPage":{"@id":"https:\/\/petitecave.ch\/product\/fuller-s-london-pride-boite-50cl\/#primaryimage"},"image":{"@id":"https:\/\/petitecave.ch\/product\/fuller-s-london-pride-boite-50cl\/#primaryimage"},"thumbnailUrl":"https:\/\/petitecave.ch\/wp-content\/uploads\/2025\/10\/9494_4822_cover.jpg","datePublished":"2025-10-28T10:43:52+00:00","dateModified":"2026-04-07T11:46:06+00:00","breadcrumb":{"@id":"https:\/\/petitecave.ch\/product\/fuller-s-london-pride-boite-50cl\/#breadcrumb"},"inLanguage":"de-CH","potentialAction":[{"@type":"ReadAction","target":["https:\/\/petitecave.ch\/product\/fuller-s-london-pride-boite-50cl\/"]}]},{"@type":"ImageObject","inLanguage":"de-CH","@id":"https:\/\/petitecave.ch\/product\/fuller-s-london-pride-boite-50cl\/#primaryimage","url":"https:\/\/petitecave.ch\/wp-content\/uploads\/2025\/10\/9494_4822_cover.jpg","contentUrl":"https:\/\/petitecave.ch\/wp-content\/uploads\/2025\/10\/9494_4822_cover.jpg","width":1000,"height":1700},{"@type":"BreadcrumbList","@id":"https:\/\/petitecave.ch\/product\/fuller-s-london-pride-boite-50cl\/#breadcrumb","itemListElement":[{"@type":"ListItem","position":1,"name":"Accueil","item":"https:\/\/petitecave.ch\/de\/"},{"@type":"ListItem","position":2,"name":"Produkte","item":"https:\/\/petitecave.ch\/de\/shop\/"},{"@type":"ListItem","position":3,"name":"Fuller&rsquo;s London Pride boite 50cl"}]},{"@type":"WebSite","@id":"https:\/\/petitecave.ch\/de\/#website","url":"https:\/\/petitecave.ch\/de\/","name":"Die kleine Keller des Chablais","description":"Vins, bi\u00e8res et spiritueux en ligne !","publisher":{"@id":"https:\/\/petitecave.ch\/de\/#organization"},"alternateName":"La Petite Cave","potentialAction":[{"@type":"SearchAction","target":{"@type":"EntryPoint","urlTemplate":"https:\/\/petitecave.ch\/de\/?s={search_term_string}"},"query-input":{"@type":"PropertyValueSpecification","valueRequired":true,"valueName":"search_term_string"}}],"inLanguage":"de-CH"},{"@type":"Organization","@id":"https:\/\/petitecave.ch\/de\/#organization","name":"La Petite Cave du Chablais S\u00e0rl","url":"https:\/\/petitecave.ch\/de\/","logo":{"@type":"ImageObject","inLanguage":"de-CH","@id":"https:\/\/petitecave.ch\/de\/#\/schema\/logo\/image\/","url":"https:\/\/petitecave.ch\/wp-content\/uploads\/2025\/10\/petitecavelogo-removebg-preview.png","contentUrl":"https:\/\/petitecave.ch\/wp-content\/uploads\/2025\/10\/petitecavelogo-removebg-preview.png","width":800,"height":200,"caption":"La Petite Cave du Chablais S\u00e0rl"},"image":{"@id":"https:\/\/petitecave.ch\/de\/#\/schema\/logo\/image\/"},"sameAs":["https:\/\/www.facebook.com\/LaPetiteCaveDuChablais","https:\/\/www.instagram.com\/lapetitecaveduchablais","https:\/\/www.linkedin.com\/company\/la-petite-cave-du-chablais"]}]}},"_links":{"self":[{"href":"https:\/\/petitecave.ch\/de\/wp-json\/wp\/v2\/product\/9494","targetHints":{"allow":["GET"]}}],"collection":[{"href":"https:\/\/petitecave.ch\/de\/wp-json\/wp\/v2\/product"}],"about":[{"href":"https:\/\/petitecave.ch\/de\/wp-json\/wp\/v2\/types\/product"}],"replies":[{"embeddable":true,"href":"https:\/\/petitecave.ch\/de\/wp-json\/wp\/v2\/comments?post=9494"}],"wp:featuredmedia":[{"embeddable":true,"href":"https:\/\/petitecave.ch\/de\/wp-json\/wp\/v2\/media\/12909"}],"wp:attachment":[{"href":"https:\/\/petitecave.ch\/de\/wp-json\/wp\/v2\/media?parent=9494"}],"wp:term":[{"taxonomy":"product_cat","embeddable":true,"href":"https:\/\/petitecave.ch\/de\/wp-json\/wp\/v2\/product_cat?post=9494"},{"taxonomy":"product_tag","embeddable":true,"href":"https:\/\/petitecave.ch\/de\/wp-json\/wp\/v2\/product_tag?post=9494"}],"curies":[{"name":"wp","href":"https:\/\/api.w.org\/{rel}","templated":true}]}}