{"id":9490,"date":"2026-04-08T10:43:47","date_gmt":"2026-04-08T08:43:47","guid":{"rendered":""},"modified":"2026-04-08T12:19:46","modified_gmt":"2026-04-08T10:19:46","slug":"abbaye-d-aulne-brune-33cl","status":"publish","type":"product","link":"https:\/\/petitecave.ch\/de\/product\/abbaye-d-aulne-brune-33cl\/","title":{"rendered":"Abbaye d&rsquo;Aulne Brune 33cl"},"content":{"rendered":"","protected":false},"excerpt":{"rendered":"<p data-start=\"155\" data-end=\"301\"><span style=\"color: #000000;\">D\u00e9couvre <strong data-start=\"164\" data-end=\"190\">l\u2019Abbaye d\u2019Aulne Brune<\/strong>, une bi\u00e8re d\u2019abbaye au <strong data-start=\"214\" data-end=\"242\">visuel sombre et profond<\/strong>, promettant une d\u00e9gustation \u00e0 la fois riche et raffin\u00e9e.<\/span><\/p>\n<p data-start=\"303\" data-end=\"623\"><span style=\"color: #000000;\">Au nez, elle d\u00e9voile des <strong data-start=\"328\" data-end=\"357\">notes malt\u00e9es et grill\u00e9es<\/strong>, rehauss\u00e9es d\u2019une subtile touche de <strong data-start=\"394\" data-end=\"402\">noix<\/strong> qui \u00e9veille les sens. En bouche, l\u2019exp\u00e9rience est chaleureuse : <strong data-start=\"467\" data-end=\"499\">ar\u00f4mes caram\u00e9lis\u00e9s et \u00e9pic\u00e9s<\/strong>, douceur moelleuse, tandis que le <strong data-start=\"534\" data-end=\"575\">houblon reste discret en arri\u00e8re-plan<\/strong>, \u00e9quilibrant parfaitement le profil gustatif.<\/span><\/p>\n<p data-start=\"303\" data-end=\"623\">\n<p data-start=\"841\" data-end=\"1000\"><span style=\"color: #000000;\"><strong data-start=\"844\" data-end=\"876\">Accords mets &amp; d\u00e9gustation :<\/strong><\/span><br data-start=\"876\" data-end=\"879\" \/><span style=\"color: #000000;\">Id\u00e9ale \u00e0 savourer avec des <strong data-start=\"906\" data-end=\"964\">plats en sauce, viandes r\u00f4ties, ou desserts chocolat\u00e9s<\/strong>, pour r\u00e9v\u00e9ler toutes ses nuances.<\/span><\/p>\n<p data-start=\"1002\" data-end=\"1149\">","protected":false},"featured_media":18902,"comment_status":"open","ping_status":"closed","template":"","meta":[],"product_cat":[250],"product_tag":[],"class_list":{"0":"post-9490","1":"product","2":"type-product","3":"status-publish","4":"has-post-thumbnail","6":"product_cat-bieres","7":"pa_categorie-bieres-brunes","8":"pa_color-brune","9":"pa_country-belgique","10":"pa_style-belgian-pale-ale","11":"pa_type-biere-d-abbaye","12":"pa_volume-33-cl-3","13":"_wholesalex wsx-wholesalex-product","15":"first","16":"instock","17":"taxable","18":"shipping-taxable","19":"purchasable","20":"product-type-simple"},"yoast_head":"<!-- This site is optimized with the Yoast SEO plugin v27.5 - https:\/\/yoast.com\/product\/yoast-seo-wordpress\/ -->\n<title>Abbaye d&#039;Aulne Brune 33cl | La Petite Cave du Chablais<\/title>\n<meta name=\"robots\" content=\"index, follow, max-snippet:-1, max-image-preview:large, max-video-preview:-1\" \/>\n<link rel=\"canonical\" href=\"https:\/\/petitecave.ch\/de\/product\/abbaye-d-aulne-brune-33cl\/\" \/>\n<meta property=\"og:locale\" content=\"de_DE\" \/>\n<meta property=\"og:type\" content=\"article\" \/>\n<meta property=\"og:title\" content=\"Abbaye d&#039;Aulne Brune 33cl | La Petite Cave du Chablais\" \/>\n<meta property=\"og:description\" content=\"D\u00e9couvre l\u2019Abbaye d\u2019Aulne Brune, une bi\u00e8re d\u2019abbaye au visuel sombre et profond, promettant une d\u00e9gustation \u00e0 la fois riche et raffin\u00e9e. Au nez, elle d\u00e9voile des notes malt\u00e9es et grill\u00e9es, rehauss\u00e9es d\u2019une subtile touche de noix qui \u00e9veille les sens. En bouche, l\u2019exp\u00e9rience est chaleureuse : ar\u00f4mes caram\u00e9lis\u00e9s et \u00e9pic\u00e9s, douceur moelleuse, tandis que le houblon reste discret en arri\u00e8re-plan, \u00e9quilibrant parfaitement le profil gustatif.  Accords mets &amp; d\u00e9gustation :Id\u00e9ale \u00e0 savourer avec des plats en sauce, viandes r\u00f4ties, ou desserts chocolat\u00e9s, pour r\u00e9v\u00e9ler toutes ses nuances.\" \/>\n<meta property=\"og:url\" content=\"https:\/\/petitecave.ch\/de\/product\/abbaye-d-aulne-brune-33cl\/\" \/>\n<meta property=\"og:site_name\" content=\"La Petite Cave du Chablais\" \/>\n<meta property=\"article:publisher\" content=\"https:\/\/www.facebook.com\/LaPetiteCaveDuChablais\" \/>\n<meta property=\"article:modified_time\" content=\"2026-04-08T10:19:46+00:00\" \/>\n<meta property=\"og:image\" content=\"https:\/\/petitecave.ch\/wp-content\/uploads\/2025\/10\/Abbaye-dAulne-Brune-33cl.png\" \/>\n\t<meta property=\"og:image:width\" content=\"1000\" \/>\n\t<meta property=\"og:image:height\" content=\"1000\" \/>\n\t<meta property=\"og:image:type\" content=\"image\/png\" \/>\n<meta name=\"twitter:card\" content=\"summary_large_image\" \/>\n<script type=\"application\/ld+json\" class=\"yoast-schema-graph\">{\"@context\":\"https:\\\/\\\/schema.org\",\"@graph\":[{\"@type\":\"WebPage\",\"@id\":\"https:\\\/\\\/petitecave.ch\\\/product\\\/abbaye-d-aulne-brune-33cl\\\/\",\"url\":\"https:\\\/\\\/petitecave.ch\\\/product\\\/abbaye-d-aulne-brune-33cl\\\/\",\"name\":\"Abbaye d'Aulne Brune 33cl | La Petite Cave du Chablais\",\"isPartOf\":{\"@id\":\"https:\\\/\\\/petitecave.ch\\\/de\\\/#website\"},\"primaryImageOfPage\":{\"@id\":\"https:\\\/\\\/petitecave.ch\\\/product\\\/abbaye-d-aulne-brune-33cl\\\/#primaryimage\"},\"image\":{\"@id\":\"https:\\\/\\\/petitecave.ch\\\/product\\\/abbaye-d-aulne-brune-33cl\\\/#primaryimage\"},\"thumbnailUrl\":\"https:\\\/\\\/petitecave.ch\\\/wp-content\\\/uploads\\\/2025\\\/10\\\/Abbaye-dAulne-Brune-33cl.png\",\"datePublished\":\"2026-04-08T08:43:47+00:00\",\"dateModified\":\"2026-04-08T10:19:46+00:00\",\"breadcrumb\":{\"@id\":\"https:\\\/\\\/petitecave.ch\\\/product\\\/abbaye-d-aulne-brune-33cl\\\/#breadcrumb\"},\"inLanguage\":\"de-CH\",\"potentialAction\":[{\"@type\":\"ReadAction\",\"target\":[\"https:\\\/\\\/petitecave.ch\\\/product\\\/abbaye-d-aulne-brune-33cl\\\/\"]}]},{\"@type\":\"ImageObject\",\"inLanguage\":\"de-CH\",\"@id\":\"https:\\\/\\\/petitecave.ch\\\/product\\\/abbaye-d-aulne-brune-33cl\\\/#primaryimage\",\"url\":\"https:\\\/\\\/petitecave.ch\\\/wp-content\\\/uploads\\\/2025\\\/10\\\/Abbaye-dAulne-Brune-33cl.png\",\"contentUrl\":\"https:\\\/\\\/petitecave.ch\\\/wp-content\\\/uploads\\\/2025\\\/10\\\/Abbaye-dAulne-Brune-33cl.png\",\"width\":1000,\"height\":1000},{\"@type\":\"BreadcrumbList\",\"@id\":\"https:\\\/\\\/petitecave.ch\\\/product\\\/abbaye-d-aulne-brune-33cl\\\/#breadcrumb\",\"itemListElement\":[{\"@type\":\"ListItem\",\"position\":1,\"name\":\"Accueil\",\"item\":\"https:\\\/\\\/petitecave.ch\\\/\"},{\"@type\":\"ListItem\",\"position\":2,\"name\":\"Produkte\",\"item\":\"https:\\\/\\\/petitecave.ch\\\/de\\\/shop\\\/\"},{\"@type\":\"ListItem\",\"position\":3,\"name\":\"Abbaye d&rsquo;Aulne Brune 33cl\"}]},{\"@type\":\"WebSite\",\"@id\":\"https:\\\/\\\/petitecave.ch\\\/de\\\/#website\",\"url\":\"https:\\\/\\\/petitecave.ch\\\/de\\\/\",\"name\":\"La Petite Cave du Chablais\",\"description\":\"Vins, bi\u00e8res et spiritueux en ligne !\",\"publisher\":{\"@id\":\"https:\\\/\\\/petitecave.ch\\\/de\\\/#organization\"},\"alternateName\":\"La Petite Cave\",\"potentialAction\":[{\"@type\":\"SearchAction\",\"target\":{\"@type\":\"EntryPoint\",\"urlTemplate\":\"https:\\\/\\\/petitecave.ch\\\/de\\\/?s={search_term_string}\"},\"query-input\":{\"@type\":\"PropertyValueSpecification\",\"valueRequired\":true,\"valueName\":\"search_term_string\"}}],\"inLanguage\":\"de-CH\"},{\"@type\":\"Organization\",\"@id\":\"https:\\\/\\\/petitecave.ch\\\/de\\\/#organization\",\"name\":\"La Petite Cave du Chablais S\u00e0rl\",\"url\":\"https:\\\/\\\/petitecave.ch\\\/de\\\/\",\"logo\":{\"@type\":\"ImageObject\",\"inLanguage\":\"de-CH\",\"@id\":\"https:\\\/\\\/petitecave.ch\\\/de\\\/#\\\/schema\\\/logo\\\/image\\\/\",\"url\":\"https:\\\/\\\/petitecave.ch\\\/wp-content\\\/uploads\\\/2025\\\/10\\\/petitecavelogo-removebg-preview.png\",\"contentUrl\":\"https:\\\/\\\/petitecave.ch\\\/wp-content\\\/uploads\\\/2025\\\/10\\\/petitecavelogo-removebg-preview.png\",\"width\":800,\"height\":200,\"caption\":\"La Petite Cave du Chablais S\u00e0rl\"},\"image\":{\"@id\":\"https:\\\/\\\/petitecave.ch\\\/de\\\/#\\\/schema\\\/logo\\\/image\\\/\"},\"sameAs\":[\"https:\\\/\\\/www.facebook.com\\\/LaPetiteCaveDuChablais\",\"https:\\\/\\\/www.instagram.com\\\/lapetitecaveduchablais\",\"https:\\\/\\\/www.linkedin.com\\\/company\\\/la-petite-cave-du-chablais\"]}]}<\/script>\n<!-- \/ Yoast SEO plugin. -->","yoast_head_json":{"title":"Abbaye d'Aulne Brune 33cl | La Petite Cave du Chablais","robots":{"index":"index","follow":"follow","max-snippet":"max-snippet:-1","max-image-preview":"max-image-preview:large","max-video-preview":"max-video-preview:-1"},"canonical":"https:\/\/petitecave.ch\/de\/product\/abbaye-d-aulne-brune-33cl\/","og_locale":"de_DE","og_type":"article","og_title":"Abbaye d'Aulne Brune 33cl | La Petite Cave du Chablais","og_description":"D\u00e9couvre l\u2019Abbaye d\u2019Aulne Brune, une bi\u00e8re d\u2019abbaye au visuel sombre et profond, promettant une d\u00e9gustation \u00e0 la fois riche et raffin\u00e9e. Au nez, elle d\u00e9voile des notes malt\u00e9es et grill\u00e9es, rehauss\u00e9es d\u2019une subtile touche de noix qui \u00e9veille les sens. En bouche, l\u2019exp\u00e9rience est chaleureuse : ar\u00f4mes caram\u00e9lis\u00e9s et \u00e9pic\u00e9s, douceur moelleuse, tandis que le houblon reste discret en arri\u00e8re-plan, \u00e9quilibrant parfaitement le profil gustatif.  Accords mets &amp; d\u00e9gustation :Id\u00e9ale \u00e0 savourer avec des plats en sauce, viandes r\u00f4ties, ou desserts chocolat\u00e9s, pour r\u00e9v\u00e9ler toutes ses nuances.","og_url":"https:\/\/petitecave.ch\/de\/product\/abbaye-d-aulne-brune-33cl\/","og_site_name":"La Petite Cave du Chablais","article_publisher":"https:\/\/www.facebook.com\/LaPetiteCaveDuChablais","article_modified_time":"2026-04-08T10:19:46+00:00","og_image":[{"width":1000,"height":1000,"url":"https:\/\/petitecave.ch\/wp-content\/uploads\/2025\/10\/Abbaye-dAulne-Brune-33cl.png","type":"image\/png"}],"twitter_card":"summary_large_image","schema":{"@context":"https:\/\/schema.org","@graph":[{"@type":"WebPage","@id":"https:\/\/petitecave.ch\/product\/abbaye-d-aulne-brune-33cl\/","url":"https:\/\/petitecave.ch\/product\/abbaye-d-aulne-brune-33cl\/","name":"Abbaye d'Aulne Brune 33cl | La Petite Cave du Chablais","isPartOf":{"@id":"https:\/\/petitecave.ch\/de\/#website"},"primaryImageOfPage":{"@id":"https:\/\/petitecave.ch\/product\/abbaye-d-aulne-brune-33cl\/#primaryimage"},"image":{"@id":"https:\/\/petitecave.ch\/product\/abbaye-d-aulne-brune-33cl\/#primaryimage"},"thumbnailUrl":"https:\/\/petitecave.ch\/wp-content\/uploads\/2025\/10\/Abbaye-dAulne-Brune-33cl.png","datePublished":"2026-04-08T08:43:47+00:00","dateModified":"2026-04-08T10:19:46+00:00","breadcrumb":{"@id":"https:\/\/petitecave.ch\/product\/abbaye-d-aulne-brune-33cl\/#breadcrumb"},"inLanguage":"de-CH","potentialAction":[{"@type":"ReadAction","target":["https:\/\/petitecave.ch\/product\/abbaye-d-aulne-brune-33cl\/"]}]},{"@type":"ImageObject","inLanguage":"de-CH","@id":"https:\/\/petitecave.ch\/product\/abbaye-d-aulne-brune-33cl\/#primaryimage","url":"https:\/\/petitecave.ch\/wp-content\/uploads\/2025\/10\/Abbaye-dAulne-Brune-33cl.png","contentUrl":"https:\/\/petitecave.ch\/wp-content\/uploads\/2025\/10\/Abbaye-dAulne-Brune-33cl.png","width":1000,"height":1000},{"@type":"BreadcrumbList","@id":"https:\/\/petitecave.ch\/product\/abbaye-d-aulne-brune-33cl\/#breadcrumb","itemListElement":[{"@type":"ListItem","position":1,"name":"Accueil","item":"https:\/\/petitecave.ch\/"},{"@type":"ListItem","position":2,"name":"Produkte","item":"https:\/\/petitecave.ch\/de\/shop\/"},{"@type":"ListItem","position":3,"name":"Abbaye d&rsquo;Aulne Brune 33cl"}]},{"@type":"WebSite","@id":"https:\/\/petitecave.ch\/de\/#website","url":"https:\/\/petitecave.ch\/de\/","name":"Die kleine Keller des Chablais","description":"Vins, bi\u00e8res et spiritueux en ligne !","publisher":{"@id":"https:\/\/petitecave.ch\/de\/#organization"},"alternateName":"La Petite Cave","potentialAction":[{"@type":"SearchAction","target":{"@type":"EntryPoint","urlTemplate":"https:\/\/petitecave.ch\/de\/?s={search_term_string}"},"query-input":{"@type":"PropertyValueSpecification","valueRequired":true,"valueName":"search_term_string"}}],"inLanguage":"de-CH"},{"@type":"Organization","@id":"https:\/\/petitecave.ch\/de\/#organization","name":"La Petite Cave du Chablais S\u00e0rl","url":"https:\/\/petitecave.ch\/de\/","logo":{"@type":"ImageObject","inLanguage":"de-CH","@id":"https:\/\/petitecave.ch\/de\/#\/schema\/logo\/image\/","url":"https:\/\/petitecave.ch\/wp-content\/uploads\/2025\/10\/petitecavelogo-removebg-preview.png","contentUrl":"https:\/\/petitecave.ch\/wp-content\/uploads\/2025\/10\/petitecavelogo-removebg-preview.png","width":800,"height":200,"caption":"La Petite Cave du Chablais S\u00e0rl"},"image":{"@id":"https:\/\/petitecave.ch\/de\/#\/schema\/logo\/image\/"},"sameAs":["https:\/\/www.facebook.com\/LaPetiteCaveDuChablais","https:\/\/www.instagram.com\/lapetitecaveduchablais","https:\/\/www.linkedin.com\/company\/la-petite-cave-du-chablais"]}]}},"_links":{"self":[{"href":"https:\/\/petitecave.ch\/de\/wp-json\/wp\/v2\/product\/9490","targetHints":{"allow":["GET"]}}],"collection":[{"href":"https:\/\/petitecave.ch\/de\/wp-json\/wp\/v2\/product"}],"about":[{"href":"https:\/\/petitecave.ch\/de\/wp-json\/wp\/v2\/types\/product"}],"replies":[{"embeddable":true,"href":"https:\/\/petitecave.ch\/de\/wp-json\/wp\/v2\/comments?post=9490"}],"wp:featuredmedia":[{"embeddable":true,"href":"https:\/\/petitecave.ch\/de\/wp-json\/wp\/v2\/media\/18902"}],"wp:attachment":[{"href":"https:\/\/petitecave.ch\/de\/wp-json\/wp\/v2\/media?parent=9490"}],"wp:term":[{"taxonomy":"product_cat","embeddable":true,"href":"https:\/\/petitecave.ch\/de\/wp-json\/wp\/v2\/product_cat?post=9490"},{"taxonomy":"product_tag","embeddable":true,"href":"https:\/\/petitecave.ch\/de\/wp-json\/wp\/v2\/product_tag?post=9490"}],"curies":[{"name":"wp","href":"https:\/\/api.w.org\/{rel}","templated":true}]}}