{"id":9489,"date":"2025-10-28T10:43:46","date_gmt":"2025-10-28T10:43:46","guid":{"rendered":""},"modified":"2026-03-22T20:25:31","modified_gmt":"2026-03-22T19:25:31","slug":"abbaye-d-aulne-blonde-33cl","status":"publish","type":"product","link":"https:\/\/petitecave.ch\/de\/product\/abbaye-d-aulne-blonde-33cl\/","title":{"rendered":"Abbaye d&rsquo;Aulne Blonde 33cl"},"content":{"rendered":"<p><strong>Visuel :<\/strong> Robe dor\u00e9e surmont\u00e9e d&rsquo;une mousse blanche.<\/p>\n<p><strong>Nez :<\/strong> Ar\u00f4mes de ma\u00efs, de malt, d&rsquo;agrumes et de r\u00e9sine.<\/p>\n<p><strong>Go\u00fbt :<\/strong> Saveurs malt\u00e9es, de mo\u00fbt et d&rsquo;agrumes, elle est peu am\u00e8re et l\u00e9g\u00e8rement sal\u00e9 avec une jolie douceur.<\/p>","protected":false},"excerpt":{"rendered":"<p><strong>Abbaye d&rsquo;Aulne Blonde &#8211; Brasserie de l&rsquo;Abbaye d&rsquo;Aulne\u00a0<\/strong><\/p>","protected":false},"featured_media":18892,"comment_status":"open","ping_status":"open","template":"","meta":[],"product_cat":[250],"product_tag":[],"class_list":{"0":"post-9489","1":"product","2":"type-product","3":"status-publish","4":"has-post-thumbnail","6":"product_cat-bieres","7":"pa_color-blonde","8":"pa_country-belgique","9":"pa_style-belgian-pale-ale","10":"pa_type-biere-d-abbaye","11":"_wholesalex wsx-wholesalex-product","13":"first","14":"instock","15":"taxable","16":"shipping-taxable","17":"purchasable","18":"product-type-simple"},"_links":{"self":[{"href":"https:\/\/petitecave.ch\/de\/wp-json\/wp\/v2\/product\/9489","targetHints":{"allow":["GET"]}}],"collection":[{"href":"https:\/\/petitecave.ch\/de\/wp-json\/wp\/v2\/product"}],"about":[{"href":"https:\/\/petitecave.ch\/de\/wp-json\/wp\/v2\/types\/product"}],"replies":[{"embeddable":true,"href":"https:\/\/petitecave.ch\/de\/wp-json\/wp\/v2\/comments?post=9489"}],"wp:featuredmedia":[{"embeddable":true,"href":"https:\/\/petitecave.ch\/de\/wp-json\/wp\/v2\/media\/18892"}],"wp:attachment":[{"href":"https:\/\/petitecave.ch\/de\/wp-json\/wp\/v2\/media?parent=9489"}],"wp:term":[{"taxonomy":"product_cat","embeddable":true,"href":"https:\/\/petitecave.ch\/de\/wp-json\/wp\/v2\/product_cat?post=9489"},{"taxonomy":"product_tag","embeddable":true,"href":"https:\/\/petitecave.ch\/de\/wp-json\/wp\/v2\/product_tag?post=9489"}],"curies":[{"name":"wp","href":"https:\/\/api.w.org\/{rel}","templated":true}]}}