{"id":9488,"date":"2026-03-27T15:43:45","date_gmt":"2026-03-27T14:43:45","guid":{"rendered":""},"modified":"2026-03-27T16:31:41","modified_gmt":"2026-03-27T15:31:41","slug":"abbaye-d-aulne-cuv-e-royale-75cl","status":"publish","type":"product","link":"https:\/\/petitecave.ch\/de\/product\/abbaye-d-aulne-cuv-e-royale-75cl\/","title":{"rendered":"Abbaye d&rsquo;Aulne Cuv\u00e9e Royale 75cl"},"content":{"rendered":"<p><span style=\"color: #000000;\"><strong>Visuel :<\/strong> Robe l\u00e9g\u00e8rement cuivr\u00e9e.<\/span><\/p>\n<p><span style=\"color: #000000;\"><strong>Nez :<\/strong> Ar\u00f4mes de caf\u00e9 et de rhum.<\/span><\/p>\n<p><span style=\"color: #000000;\"><strong>Go\u00fbt :<\/strong> Saveur de caramel, de houblon avec un arri\u00e8re go\u00fbt intense et persistant.<\/span><\/p>","protected":false},"excerpt":{"rendered":"<p><span style=\"color: #000000;\"><strong>Brasserie Val de Sambre &#8211; Thuin<\/strong><\/span><\/p>","protected":false},"featured_media":19013,"comment_status":"open","ping_status":"closed","template":"","meta":[],"product_cat":[250],"product_tag":[],"class_list":{"0":"post-9488","1":"product","2":"type-product","3":"status-publish","4":"has-post-thumbnail","6":"product_cat-bieres","7":"pa_categorie-biere-ambree","8":"pa_color-brune","9":"pa_country-belgique","10":"pa_style-belgian-pale-ale","11":"pa_type-biere-d-abbaye","12":"pa_volume-75-cl","13":"_wholesalex wsx-wholesalex-product","15":"first","16":"instock","17":"taxable","18":"shipping-taxable","19":"purchasable","20":"product-type-simple"},"_links":{"self":[{"href":"https:\/\/petitecave.ch\/de\/wp-json\/wp\/v2\/product\/9488","targetHints":{"allow":["GET"]}}],"collection":[{"href":"https:\/\/petitecave.ch\/de\/wp-json\/wp\/v2\/product"}],"about":[{"href":"https:\/\/petitecave.ch\/de\/wp-json\/wp\/v2\/types\/product"}],"replies":[{"embeddable":true,"href":"https:\/\/petitecave.ch\/de\/wp-json\/wp\/v2\/comments?post=9488"}],"wp:featuredmedia":[{"embeddable":true,"href":"https:\/\/petitecave.ch\/de\/wp-json\/wp\/v2\/media\/19013"}],"wp:attachment":[{"href":"https:\/\/petitecave.ch\/de\/wp-json\/wp\/v2\/media?parent=9488"}],"wp:term":[{"taxonomy":"product_cat","embeddable":true,"href":"https:\/\/petitecave.ch\/de\/wp-json\/wp\/v2\/product_cat?post=9488"},{"taxonomy":"product_tag","embeddable":true,"href":"https:\/\/petitecave.ch\/de\/wp-json\/wp\/v2\/product_tag?post=9488"}],"curies":[{"name":"wp","href":"https:\/\/api.w.org\/{rel}","templated":true}]}}