{"id":9483,"date":"2025-10-28T10:43:41","date_gmt":"2025-10-28T10:43:41","guid":{"rendered":""},"modified":"2026-04-07T13:43:58","modified_gmt":"2026-04-07T11:43:58","slug":"colomba-33cl","status":"publish","type":"product","link":"https:\/\/petitecave.ch\/de\/product\/colomba-33cl\/","title":{"rendered":"Colomba 33cl"},"content":{"rendered":"<p><strong>Visuel :<\/strong> Robe blonde \u00e0 la mousse abondante<\/p>\n<p><strong>Nez :<\/strong> Ar\u00f4mes fruit\u00e9s et \u00e9pic\u00e9s\u00a0<\/p>\n<p><strong>Go\u00fbt :<\/strong> Saveurs fruit\u00e9es, \u00e9pic\u00e9es, herbac\u00e9es et acidul\u00e9es<\/p>","protected":false},"excerpt":{"rendered":"<p><strong>Colomba &#8211; Brasserie Pietra &#8211; Furiani (Corse)<\/strong><\/p>\n<\/p>\n<p><i>La Colomba est une bi\u00e8re blanche produite en corse par la Brasserie Pietra ! Brass\u00e9e sur une base de malt d&rsquo;orge et de froment, cette bi\u00e8re est de plus aromatis\u00e9e avec du houblon et un m\u00e9lange d&rsquo;herbes du maquis corse compos\u00e9 de gen\u00e9vrier de myrte et d&rsquo;arbousier.<\/i><\/p>","protected":false},"featured_media":12895,"comment_status":"open","ping_status":"closed","template":"","meta":[],"product_cat":[250],"product_tag":[],"class_list":{"0":"post-9483","1":"product","2":"type-product","3":"status-publish","4":"has-post-thumbnail","6":"product_cat-bieres","7":"pa_categorie-bieres-blanches","8":"pa_color-blanche","9":"pa_country-france","10":"pa_style-witbier","11":"_wholesalex wsx-wholesalex-product","13":"first","14":"instock","15":"taxable","16":"shipping-taxable","17":"purchasable","18":"product-type-simple"},"_links":{"self":[{"href":"https:\/\/petitecave.ch\/de\/wp-json\/wp\/v2\/product\/9483","targetHints":{"allow":["GET"]}}],"collection":[{"href":"https:\/\/petitecave.ch\/de\/wp-json\/wp\/v2\/product"}],"about":[{"href":"https:\/\/petitecave.ch\/de\/wp-json\/wp\/v2\/types\/product"}],"replies":[{"embeddable":true,"href":"https:\/\/petitecave.ch\/de\/wp-json\/wp\/v2\/comments?post=9483"}],"wp:featuredmedia":[{"embeddable":true,"href":"https:\/\/petitecave.ch\/de\/wp-json\/wp\/v2\/media\/12895"}],"wp:attachment":[{"href":"https:\/\/petitecave.ch\/de\/wp-json\/wp\/v2\/media?parent=9483"}],"wp:term":[{"taxonomy":"product_cat","embeddable":true,"href":"https:\/\/petitecave.ch\/de\/wp-json\/wp\/v2\/product_cat?post=9483"},{"taxonomy":"product_tag","embeddable":true,"href":"https:\/\/petitecave.ch\/de\/wp-json\/wp\/v2\/product_tag?post=9483"}],"curies":[{"name":"wp","href":"https:\/\/api.w.org\/{rel}","templated":true}]}}