{"id":9481,"date":"2025-10-28T10:43:39","date_gmt":"2025-10-28T10:43:39","guid":{"rendered":""},"modified":"2026-02-20T12:25:43","modified_gmt":"2026-02-20T11:25:43","slug":"sonnwendlig-appenzeller-bier-6x33cl","status":"publish","type":"product","link":"https:\/\/petitecave.ch\/de\/product\/sonnwendlig-appenzeller-bier-6x33cl\/","title":{"rendered":"Sonnwendlig &#8211; Appenzeller Bier 6x33cl"},"content":{"rendered":"<p><strong>Visuel :<\/strong> Jaune tournesol<\/p>\n<p><strong>Nez :<\/strong> Note houblonn\u00e9e s\u00e8che et aromatique<\/p>\n<p><strong>Go\u00fbt :<\/strong> Saveur malt\u00e9e, sucr\u00e9e et l\u00e8g\u00e8re<\/p>","protected":false},"excerpt":{"rendered":"<p><strong>Sonnwendlig &#8211; Appenzeller\u00a0Brauerei Locher\u00a0<\/strong><\/p>\n<\/p>\n<p><em>La Sonnwendlig, bi\u00e8re ronde en bouche \u00e0 la robe jaune tournesol, est brass\u00e9e \u00e0 partir de trois malts diff\u00e9rents et de deux vari\u00e9t\u00e9s de houblon.<\/em><\/p>","protected":false},"featured_media":12893,"comment_status":"open","ping_status":"open","template":"","meta":[],"product_cat":[251],"product_tag":[],"class_list":{"0":"post-9481","1":"product","2":"type-product","3":"status-publish","4":"has-post-thumbnail","6":"product_cat-boissons-sans-alcool","7":"pa_color-blonde","8":"pa_country-suisse","9":"pa_style-lager","10":"pa_volume-6x33cl","11":"_wholesalex wsx-wholesalex-product","13":"first","14":"instock","15":"taxable","16":"shipping-taxable","17":"purchasable","18":"product-type-simple"},"_links":{"self":[{"href":"https:\/\/petitecave.ch\/de\/wp-json\/wp\/v2\/product\/9481","targetHints":{"allow":["GET"]}}],"collection":[{"href":"https:\/\/petitecave.ch\/de\/wp-json\/wp\/v2\/product"}],"about":[{"href":"https:\/\/petitecave.ch\/de\/wp-json\/wp\/v2\/types\/product"}],"replies":[{"embeddable":true,"href":"https:\/\/petitecave.ch\/de\/wp-json\/wp\/v2\/comments?post=9481"}],"wp:featuredmedia":[{"embeddable":true,"href":"https:\/\/petitecave.ch\/de\/wp-json\/wp\/v2\/media\/12893"}],"wp:attachment":[{"href":"https:\/\/petitecave.ch\/de\/wp-json\/wp\/v2\/media?parent=9481"}],"wp:term":[{"taxonomy":"product_cat","embeddable":true,"href":"https:\/\/petitecave.ch\/de\/wp-json\/wp\/v2\/product_cat?post=9481"},{"taxonomy":"product_tag","embeddable":true,"href":"https:\/\/petitecave.ch\/de\/wp-json\/wp\/v2\/product_tag?post=9481"}],"curies":[{"name":"wp","href":"https:\/\/api.w.org\/{rel}","templated":true}]}}