{"id":9479,"date":"2025-10-28T10:43:37","date_gmt":"2025-10-28T10:43:37","guid":{"rendered":""},"modified":"2026-02-13T13:23:22","modified_gmt":"2026-02-13T12:23:22","slug":"qu-llfrisch-hell-appenzeller-bier-10x33cl","status":"publish","type":"product","link":"https:\/\/petitecave.ch\/de\/product\/qu-llfrisch-hell-appenzeller-bier-10x33cl\/","title":{"rendered":"Qu\u00f6llfrisch Hell &#8211; Appenzeller Bier 10x33cl"},"content":{"rendered":"<p>La Qu\u00f6llfrisch Hell se distingue par sa douceur et son fruit\u00e9 l\u00e9ger. Elle est brass\u00e9e \u00e0 partir d&rsquo;un malt de Pilsner pur et de trois vari\u00e9t\u00e9s de houblon diff\u00e9rentes provenant de Stammheim et Hallertau.<\/p>","protected":false},"excerpt":{"rendered":"<p><strong>Qu\u00f6llfrisch Hell &#8211; Appenzeller Brauerei Locher<\/strong><\/p>\n<p><strong><\/strong><\/p>\n<p><em>La Qu\u00f6llfrisch Hell se distingue par sa douceur et son fruit\u00e9 l\u00e9ger. Elle est brass\u00e9e \u00e0 partir d&rsquo;un malt de Pilsner pur et de trois vari\u00e9t\u00e9s de houblon diff\u00e9rentes provenant de Stammheim et Hallertau.<\/em><strong><\/strong><\/p>","protected":false},"featured_media":12891,"comment_status":"open","ping_status":"closed","template":"","meta":[],"product_cat":[250],"product_tag":[],"class_list":{"0":"post-9479","1":"product","2":"type-product","3":"status-publish","4":"has-post-thumbnail","6":"product_cat-bieres","7":"pa_color-blonde","8":"pa_country-suisse","9":"pa_style-lager","10":"_wholesalex wsx-wholesalex-product","12":"first","13":"instock","14":"taxable","15":"shipping-taxable","16":"purchasable","17":"product-type-simple"},"_links":{"self":[{"href":"https:\/\/petitecave.ch\/de\/wp-json\/wp\/v2\/product\/9479","targetHints":{"allow":["GET"]}}],"collection":[{"href":"https:\/\/petitecave.ch\/de\/wp-json\/wp\/v2\/product"}],"about":[{"href":"https:\/\/petitecave.ch\/de\/wp-json\/wp\/v2\/types\/product"}],"replies":[{"embeddable":true,"href":"https:\/\/petitecave.ch\/de\/wp-json\/wp\/v2\/comments?post=9479"}],"wp:featuredmedia":[{"embeddable":true,"href":"https:\/\/petitecave.ch\/de\/wp-json\/wp\/v2\/media\/12891"}],"wp:attachment":[{"href":"https:\/\/petitecave.ch\/de\/wp-json\/wp\/v2\/media?parent=9479"}],"wp:term":[{"taxonomy":"product_cat","embeddable":true,"href":"https:\/\/petitecave.ch\/de\/wp-json\/wp\/v2\/product_cat?post=9479"},{"taxonomy":"product_tag","embeddable":true,"href":"https:\/\/petitecave.ch\/de\/wp-json\/wp\/v2\/product_tag?post=9479"}],"curies":[{"name":"wp","href":"https:\/\/api.w.org\/{rel}","templated":true}]}}