{"id":9476,"date":"2025-10-28T10:43:34","date_gmt":"2025-10-28T10:43:34","guid":{"rendered":""},"modified":"2026-02-13T13:22:30","modified_gmt":"2026-02-13T12:22:30","slug":"citron-panach-appenzeller-bier-6x33cl","status":"publish","type":"product","link":"https:\/\/petitecave.ch\/de\/product\/citron-panach-appenzeller-bier-6x33cl\/","title":{"rendered":"Citron Panach\u00e9 &#8211; Appenzeller Bier 6x33cl"},"content":{"rendered":"<p>Voici de l&rsquo;\u00e9t\u00e9 mis en bouteille ! L&rsquo;alliance de la bi\u00e8re Lager Qu\u00f6llfrisch et des agrumes donnent naissance \u00e0 un m\u00e9lange p\u00e9tillant et rafra\u00eechissant, associant charme Appenzellois et accents m\u00e9diterran\u00e9ens.\u00a0<\/p>","protected":false},"excerpt":{"rendered":"<p><strong>Citron Panach\u00e9\u00a0&#8211; Appenzeller Brauerei Locher<\/strong><\/p>\n<p><strong><\/strong><\/p>\n<p><em>Voici de l&rsquo;\u00e9t\u00e9 mis en bouteille ! L&rsquo;alliance de la bi\u00e8re Lager Qu\u00f6llfrisch et des agrumes donnent naissance \u00e0 un m\u00e9lange p\u00e9tillant et rafra\u00eechissant, associant charme Appenzellois et accents m\u00e9diterran\u00e9ens.\u00a0<\/em><\/p>","protected":false},"featured_media":12888,"comment_status":"open","ping_status":"closed","template":"","meta":[],"product_cat":[250],"product_tag":[],"class_list":{"0":"post-9476","1":"product","2":"type-product","3":"status-publish","4":"has-post-thumbnail","6":"product_cat-bieres","7":"pa_country-suisse","8":"pa_volume-6x33cl","9":"_wholesalex wsx-wholesalex-product","11":"first","12":"instock","13":"taxable","14":"shipping-taxable","15":"purchasable","16":"product-type-simple"},"_links":{"self":[{"href":"https:\/\/petitecave.ch\/de\/wp-json\/wp\/v2\/product\/9476","targetHints":{"allow":["GET"]}}],"collection":[{"href":"https:\/\/petitecave.ch\/de\/wp-json\/wp\/v2\/product"}],"about":[{"href":"https:\/\/petitecave.ch\/de\/wp-json\/wp\/v2\/types\/product"}],"replies":[{"embeddable":true,"href":"https:\/\/petitecave.ch\/de\/wp-json\/wp\/v2\/comments?post=9476"}],"wp:featuredmedia":[{"embeddable":true,"href":"https:\/\/petitecave.ch\/de\/wp-json\/wp\/v2\/media\/12888"}],"wp:attachment":[{"href":"https:\/\/petitecave.ch\/de\/wp-json\/wp\/v2\/media?parent=9476"}],"wp:term":[{"taxonomy":"product_cat","embeddable":true,"href":"https:\/\/petitecave.ch\/de\/wp-json\/wp\/v2\/product_cat?post=9476"},{"taxonomy":"product_tag","embeddable":true,"href":"https:\/\/petitecave.ch\/de\/wp-json\/wp\/v2\/product_tag?post=9476"}],"curies":[{"name":"wp","href":"https:\/\/api.w.org\/{rel}","templated":true}]}}