{"id":9473,"date":"2025-10-28T10:43:32","date_gmt":"2025-10-28T10:43:32","guid":{"rendered":""},"modified":"2026-02-20T12:25:43","modified_gmt":"2026-02-20T11:25:43","slug":"bschorle-sans-alcool-appenzeller-6x33cl","status":"publish","type":"product","link":"https:\/\/petitecave.ch\/de\/product\/bschorle-sans-alcool-appenzeller-6x33cl\/","title":{"rendered":"Bschorle Sans Alcool &#8211; Appenzeller 6x33cl"},"content":{"rendered":"","protected":false},"excerpt":{"rendered":"<p><strong>Bschorle &#8211; Appenzeller Brauerei Locher\u00a0<\/strong><\/p>\n<p>\u00a0<\/p>\n<p><i>Bschorle \u00bb est une boisson non alcoolis\u00e9e fabriqu\u00e9e \u00e0 partir d\u2019un m\u00e9lange de malt de haute qualit\u00e9 ainsi que de jus de pomme et de poire provenant de plantes \u00e0 haute tige dans l\u2019Appenzellerland.\u00a0<\/i><\/p>","protected":false},"featured_media":12885,"comment_status":"open","ping_status":"open","template":"","meta":[],"product_cat":[251],"product_tag":[],"class_list":{"0":"post-9473","1":"product","2":"type-product","3":"status-publish","4":"has-post-thumbnail","6":"product_cat-boissons-sans-alcool","7":"pa_country-suisse","8":"pa_volume-6x33cl","9":"_wholesalex wsx-wholesalex-product","11":"first","12":"instock","13":"taxable","14":"shipping-taxable","15":"purchasable","16":"product-type-simple"},"_links":{"self":[{"href":"https:\/\/petitecave.ch\/de\/wp-json\/wp\/v2\/product\/9473","targetHints":{"allow":["GET"]}}],"collection":[{"href":"https:\/\/petitecave.ch\/de\/wp-json\/wp\/v2\/product"}],"about":[{"href":"https:\/\/petitecave.ch\/de\/wp-json\/wp\/v2\/types\/product"}],"replies":[{"embeddable":true,"href":"https:\/\/petitecave.ch\/de\/wp-json\/wp\/v2\/comments?post=9473"}],"wp:featuredmedia":[{"embeddable":true,"href":"https:\/\/petitecave.ch\/de\/wp-json\/wp\/v2\/media\/12885"}],"wp:attachment":[{"href":"https:\/\/petitecave.ch\/de\/wp-json\/wp\/v2\/media?parent=9473"}],"wp:term":[{"taxonomy":"product_cat","embeddable":true,"href":"https:\/\/petitecave.ch\/de\/wp-json\/wp\/v2\/product_cat?post=9473"},{"taxonomy":"product_tag","embeddable":true,"href":"https:\/\/petitecave.ch\/de\/wp-json\/wp\/v2\/product_tag?post=9473"}],"curies":[{"name":"wp","href":"https:\/\/api.w.org\/{rel}","templated":true}]}}