{"id":9467,"date":"2025-10-28T10:43:26","date_gmt":"2025-10-28T10:43:26","guid":{"rendered":""},"modified":"2026-04-07T14:39:40","modified_gmt":"2026-04-07T12:39:40","slug":"martigny-vice-session-ipa-whitefrontrier","status":"publish","type":"product","link":"https:\/\/petitecave.ch\/de\/product\/martigny-vice-session-ipa-whitefrontrier\/","title":{"rendered":"Martigny Vice Session IPA &#8211; Whitefrontrier"},"content":{"rendered":"<p>Elevant la bi\u00e8re Craft au plus haut des cimes, cette nouvelle collaboration avec le Freeride World Tour am\u00e8ne une nouvelle perspective aux saveurs de la marque FWT. Pleine d&rsquo;ar\u00f4mes houblonn\u00e9s fruit\u00e9s et juteux tout en restant tr\u00e8s facile \u00e0 boire, cette Session IPA vous invitera certainement \u00e0 commander sa petite s\u0153ur.\u00a0<\/p>","protected":false},"excerpt":{"rendered":"<p><strong>Martigny Vice &#8211; Brasserie Whitefrontier &#8211; Martigny\u00a0<\/strong><\/p>","protected":false},"featured_media":12879,"comment_status":"open","ping_status":"open","template":"","meta":[],"product_cat":[250],"product_tag":[],"class_list":{"0":"post-9467","1":"product","2":"type-product","3":"status-publish","4":"has-post-thumbnail","6":"product_cat-bieres","7":"pa_categorie-bieres-blondes","8":"pa_country-suisse","9":"pa_style-session-ipa","10":"_wholesalex wsx-wholesalex-product","12":"first","13":"instock","14":"taxable","15":"shipping-taxable","16":"purchasable","17":"product-type-simple"},"_links":{"self":[{"href":"https:\/\/petitecave.ch\/de\/wp-json\/wp\/v2\/product\/9467","targetHints":{"allow":["GET"]}}],"collection":[{"href":"https:\/\/petitecave.ch\/de\/wp-json\/wp\/v2\/product"}],"about":[{"href":"https:\/\/petitecave.ch\/de\/wp-json\/wp\/v2\/types\/product"}],"replies":[{"embeddable":true,"href":"https:\/\/petitecave.ch\/de\/wp-json\/wp\/v2\/comments?post=9467"}],"wp:featuredmedia":[{"embeddable":true,"href":"https:\/\/petitecave.ch\/de\/wp-json\/wp\/v2\/media\/12879"}],"wp:attachment":[{"href":"https:\/\/petitecave.ch\/de\/wp-json\/wp\/v2\/media?parent=9467"}],"wp:term":[{"taxonomy":"product_cat","embeddable":true,"href":"https:\/\/petitecave.ch\/de\/wp-json\/wp\/v2\/product_cat?post=9467"},{"taxonomy":"product_tag","embeddable":true,"href":"https:\/\/petitecave.ch\/de\/wp-json\/wp\/v2\/product_tag?post=9467"}],"curies":[{"name":"wp","href":"https:\/\/api.w.org\/{rel}","templated":true}]}}