{"id":9462,"date":"2025-10-28T10:43:22","date_gmt":"2025-10-28T10:43:22","guid":{"rendered":""},"modified":"2026-03-29T17:54:01","modified_gmt":"2026-03-29T15:54:01","slug":"sam-smith-s-pale-ale-organic-33cl","status":"publish","type":"product","link":"https:\/\/petitecave.ch\/de\/product\/sam-smith-s-pale-ale-organic-33cl\/","title":{"rendered":"Sam Smith&rsquo;s Pale Ale Organic 33cl"},"content":{"rendered":"<p><strong>Visuel :<\/strong> Robe blonde avec une fine mousse blanche<\/p>\n<p><strong>Nez :<\/strong> Ar\u00f4mes de fruit, de fleurs, de malt avec des notes toast\u00e9es<\/p>\n<p><strong>Go\u00fbt :<\/strong> Note d&rsquo;ananas et de pomme rouge, avec une l\u00e9g\u00e8re acidit\u00e9 et un finale caram\u00e9lis\u00e9e<\/p>","protected":false},"excerpt":{"rendered":"<p><strong>Sam Smith&rsquo;s Pale Ale &#8211; Samuel Smith Old Brewery (Tadcaster)<\/strong><\/p>\n<p><strong>Bi\u00e8re\u00a0Vegan<\/strong><\/p>\n<p>\u00a0<\/p>\n<p><i>Brass\u00e9 avec de l\u2019eau de puits (le puits d\u2019origine de l\u2019Ancienne Brasserie, coul\u00e9 en 1758, est toujours utilis\u00e9, l\u2019eau dure du puits \u00e9tant tir\u00e9e de 85 pieds sous terre); meilleur malt d\u2019orge, levure et houblon aromatique; ferment\u00e9 dans des \u00ab carr\u00e9s de pierre du Yorkshire \u00bbpour cr\u00e9er une saveur et un arri\u00e8re-go\u00fbt pleins et arrondis.<\/i><\/p>\n<p>\u00a0<\/p>\n<p><u><b><i>LA DATE LIMITE DE PR\u00c9F\u00c9RENCE DE CONSOMMATION A \u00c9T\u00c9 D\u00c9PASS\u00c9E<\/i><\/b><\/u><\/p>","protected":false},"featured_media":12874,"comment_status":"open","ping_status":"open","template":"","meta":[],"product_cat":[250],"product_tag":[],"class_list":{"0":"post-9462","1":"product","2":"type-product","3":"status-publish","4":"has-post-thumbnail","6":"product_cat-bieres","7":"pa_color-blonde","8":"pa_country-angleterre","9":"pa_style-pale-ale","10":"_wholesalex wsx-wholesalex-product","12":"first","13":"instock","14":"taxable","15":"shipping-taxable","16":"purchasable","17":"product-type-simple"},"_links":{"self":[{"href":"https:\/\/petitecave.ch\/de\/wp-json\/wp\/v2\/product\/9462","targetHints":{"allow":["GET"]}}],"collection":[{"href":"https:\/\/petitecave.ch\/de\/wp-json\/wp\/v2\/product"}],"about":[{"href":"https:\/\/petitecave.ch\/de\/wp-json\/wp\/v2\/types\/product"}],"replies":[{"embeddable":true,"href":"https:\/\/petitecave.ch\/de\/wp-json\/wp\/v2\/comments?post=9462"}],"wp:featuredmedia":[{"embeddable":true,"href":"https:\/\/petitecave.ch\/de\/wp-json\/wp\/v2\/media\/12874"}],"wp:attachment":[{"href":"https:\/\/petitecave.ch\/de\/wp-json\/wp\/v2\/media?parent=9462"}],"wp:term":[{"taxonomy":"product_cat","embeddable":true,"href":"https:\/\/petitecave.ch\/de\/wp-json\/wp\/v2\/product_cat?post=9462"},{"taxonomy":"product_tag","embeddable":true,"href":"https:\/\/petitecave.ch\/de\/wp-json\/wp\/v2\/product_tag?post=9462"}],"curies":[{"name":"wp","href":"https:\/\/api.w.org\/{rel}","templated":true}]}}