{"id":9456,"date":"2025-10-28T10:43:17","date_gmt":"2025-10-28T10:43:17","guid":{"rendered":""},"modified":"2026-02-20T17:42:39","modified_gmt":"2026-02-20T16:42:39","slug":"whisky-big-peat-70cl","status":"publish","type":"product","link":"https:\/\/petitecave.ch\/de\/product\/whisky-big-peat-70cl\/","title":{"rendered":"Whisky Big Peat 70cl"},"content":{"rendered":"<p><strong>Nez :<\/strong> Frais et sal\u00e9 avec du malt d&rsquo;orge s\u00e9ch\u00e9 \u00e0 la tourbe<\/p>\n<p><strong>Bouche :<\/strong>\u00a0Sur des\u00a0notes de cendres, du goudron sucr\u00e9 et une bonne portion de fum\u00e9e<\/p>\n<p><strong>Finale :<\/strong> Longue<\/p>","protected":false},"excerpt":{"rendered":"<p><b>Big Peat &#8211; Embouteill\u00e9\u00a0par Douglas Laing &amp; Co Ltd.\u00a0<\/b><\/p>\n<\/p>\n<p><i>Le nom de cet assemblage de whisky est tout un programme: lorsque l\u2019on a du \u00ab\u00a0Big Peat\u00a0\u00bb dans son verre, ne doit pas s&rsquo;attendre \u00e0 des saveurs douces, l\u00e9g\u00e8res ou florales en bouche, mais peut pleinement d\u00e9guster des ar\u00f4mes de tourbe, de goudron et de fum\u00e9e. L&#8217;embouteilleur Douglas Laing propose ici un assemblage avec des Single Malts d&rsquo;Ardbeg, de Bowmore, de Coal Ila et de Port Ellen. La soci\u00e9t\u00e9 a \u00e9t\u00e9 fond\u00e9e en 1950 \u00e0 Glasgow et est l&rsquo;une des rares en \u00c9cosse qui soit toujours d\u00e9tenue par la famille et donc compl\u00e8tement ind\u00e9pendante des grandes entreprises. La sp\u00e9cialit\u00e9 de Douglas Laing a toujours \u00e9t\u00e9, depuis ses d\u00e9buts, la vente de whiskys matures; son stock lui a finalement permis de constituer toute une s\u00e9rie de marques \u00e0 succ\u00e8s et de les d\u00e9velopper \u00e0 dessein. Gr\u00e2ce \u00e0 la s\u00e9rie Regional Malts, \u00e0 laquelle appartient le Big Peat, on peut reconna\u00eetre des caract\u00e9ristiques aromatiques et gustatives des repr\u00e9sentants renomm\u00e9s de diff\u00e9rentes r\u00e9gions du whisky.<\/i><\/p>","protected":false},"featured_media":12868,"comment_status":"open","ping_status":"open","template":"","meta":[],"product_cat":[277],"product_tag":[],"class_list":{"0":"post-9456","1":"product","2":"type-product","3":"status-publish","4":"has-post-thumbnail","6":"product_cat-whisky","7":"pa_country-ecosse","8":"pa_volume-70-cl","9":"_wholesalex wsx-wholesalex-product","11":"first","12":"instock","13":"taxable","14":"shipping-taxable","15":"purchasable","16":"product-type-simple"},"_links":{"self":[{"href":"https:\/\/petitecave.ch\/de\/wp-json\/wp\/v2\/product\/9456","targetHints":{"allow":["GET"]}}],"collection":[{"href":"https:\/\/petitecave.ch\/de\/wp-json\/wp\/v2\/product"}],"about":[{"href":"https:\/\/petitecave.ch\/de\/wp-json\/wp\/v2\/types\/product"}],"replies":[{"embeddable":true,"href":"https:\/\/petitecave.ch\/de\/wp-json\/wp\/v2\/comments?post=9456"}],"wp:featuredmedia":[{"embeddable":true,"href":"https:\/\/petitecave.ch\/de\/wp-json\/wp\/v2\/media\/12868"}],"wp:attachment":[{"href":"https:\/\/petitecave.ch\/de\/wp-json\/wp\/v2\/media?parent=9456"}],"wp:term":[{"taxonomy":"product_cat","embeddable":true,"href":"https:\/\/petitecave.ch\/de\/wp-json\/wp\/v2\/product_cat?post=9456"},{"taxonomy":"product_tag","embeddable":true,"href":"https:\/\/petitecave.ch\/de\/wp-json\/wp\/v2\/product_tag?post=9456"}],"curies":[{"name":"wp","href":"https:\/\/api.w.org\/{rel}","templated":true}]}}