{"id":9451,"date":"2025-10-28T10:43:12","date_gmt":"2025-10-28T10:43:12","guid":{"rendered":""},"modified":"2026-02-20T17:56:26","modified_gmt":"2026-02-20T16:56:26","slug":"whisky-togouchi-premium-9-ans-70cl","status":"publish","type":"product","link":"https:\/\/petitecave.ch\/de\/product\/whisky-togouchi-premium-9-ans-70cl\/","title":{"rendered":"Whisky Togouchi Premium 9 ans 70cl"},"content":{"rendered":"<p><strong>Nez :<\/strong> Tendre et fruit\u00e9, il offre un parfum d\u2019abricot, de pruneau et de cannelle<\/p>\n<p><strong>Bouche : <\/strong>Fra\u00eeche et citronn\u00e9e, aux discr\u00e8tes notes de tourbe<\/p>\n<p><strong>Finale : <\/strong>Persistante, elle \u00e9voque le caramel et la cardamome<\/p>","protected":false},"excerpt":{"rendered":"<p><strong>Togouchi Premium 9ans\u00a0&#8211; Distillerie Chugoku Jozo\u00a0<\/strong><\/p>\n<p><strong><\/strong><\/p>\n<p><i>Il est vieilli en f\u00fbts de ch\u00eane dans un tunnel de chemin de fer offrant des conditions id\u00e9ales de maturation.<\/i><\/p>\n<p><em><strong>La distillerie :<\/strong><\/em><\/p>\n<p><i>Depuis quelques ann\u00e9es, le Japon se d\u00e9marque en mati\u00e8re de spiritueux tels que le whisky. La soci\u00e9t\u00e9 Chugoku Jozo \u00e9tablie en 1918 pr\u00e8s de la ville d&rsquo;Hiroshima, au Japon est principalement un producteur de sak\u00e9 et shochu. En 1990, ils ont d\u00e9cid\u00e9 d&rsquo;ajouter du whisky \u00e0 leur gamme de produits. Togouchi, myst\u00e9rieuse boisson naturalis\u00e9e, est issue d\u2019un processus unique. Le malt utilis\u00e9 pour cr\u00e9er la pr\u00e9paration est issu de whisky canadien et \u00e9cossais, la maturation et le m\u00e9lange sont ensuite effectu\u00e9s au Japon par le master blender Chugoku Jozo.<\/i><\/p><\/p>","protected":false},"featured_media":12863,"comment_status":"open","ping_status":"open","template":"","meta":[],"product_cat":[277],"product_tag":[],"class_list":{"0":"post-9451","1":"product","2":"type-product","3":"status-publish","4":"has-post-thumbnail","6":"product_cat-whisky","7":"pa_country-japon","8":"pa_type-blended-whisky","9":"pa_volume-70-cl","10":"_wholesalex wsx-wholesalex-product","12":"first","13":"instock","14":"taxable","15":"shipping-taxable","16":"purchasable","17":"product-type-simple"},"_links":{"self":[{"href":"https:\/\/petitecave.ch\/de\/wp-json\/wp\/v2\/product\/9451","targetHints":{"allow":["GET"]}}],"collection":[{"href":"https:\/\/petitecave.ch\/de\/wp-json\/wp\/v2\/product"}],"about":[{"href":"https:\/\/petitecave.ch\/de\/wp-json\/wp\/v2\/types\/product"}],"replies":[{"embeddable":true,"href":"https:\/\/petitecave.ch\/de\/wp-json\/wp\/v2\/comments?post=9451"}],"wp:featuredmedia":[{"embeddable":true,"href":"https:\/\/petitecave.ch\/de\/wp-json\/wp\/v2\/media\/12863"}],"wp:attachment":[{"href":"https:\/\/petitecave.ch\/de\/wp-json\/wp\/v2\/media?parent=9451"}],"wp:term":[{"taxonomy":"product_cat","embeddable":true,"href":"https:\/\/petitecave.ch\/de\/wp-json\/wp\/v2\/product_cat?post=9451"},{"taxonomy":"product_tag","embeddable":true,"href":"https:\/\/petitecave.ch\/de\/wp-json\/wp\/v2\/product_tag?post=9451"}],"curies":[{"name":"wp","href":"https:\/\/api.w.org\/{rel}","templated":true}]}}