{"id":9449,"date":"2025-10-28T10:43:11","date_gmt":"2025-10-28T10:43:11","guid":{"rendered":""},"modified":"2026-02-20T17:56:27","modified_gmt":"2026-02-20T16:56:27","slug":"whisky-wayne-gretzky-r-serve-ninety-nine-proof-75cl","status":"publish","type":"product","link":"https:\/\/petitecave.ch\/de\/product\/whisky-wayne-gretzky-r-serve-ninety-nine-proof-75cl\/","title":{"rendered":"Whisky Wayne Gretzky R\u00e9serve Ninety Nine Proof 75cl"},"content":{"rendered":"<p><strong>Nez :<\/strong>\u00a0Notes de caramel et d\u2019\u00e9pices, une pointe de sirop d\u2019\u00e9rable sur une touche d\u2019orange avec un soup\u00e7on de gingembre<\/p>\n<p><strong>Bouche :<\/strong>\u00a0Douce et \u00e9pic\u00e9e, toujours l\u2019\u00e9rable, avec des notes de noix, jolies notes fruit\u00e9<\/p>\n<p><strong>Finale :<\/strong>\u00a0Tr\u00e8s longue, avec des notes douces et sucr\u00e9es accompagn\u00e9es d\u2019\u00e9pices<\/p><\/p>","protected":false},"excerpt":{"rendered":"<p><strong>Wayne Gretzky R\u00e9serve Ninety Nine Proof &#8211; Wayne Gretzky\u00a0<\/strong><\/p>\n<p><strong><\/strong><\/p>\n<p><i>La distillerie Wayne Gretzky \u00e9tablie \u00e0 Niagara-on-the-Lake est une vitrine importante des spiritueux d&rsquo;exceptions cr\u00e9\u00e9s \u00e0 partir des meilleurs ingr\u00e9dients locaux. Ce whisky canadien au go\u00fbt exceptionnel est gage de fiert\u00e9 et de qualit\u00e9, deux atouts qui font la renomm\u00e9e internationale du Canada.<\/i><\/p>\n<p><i><\/i><\/p>\n<p><strong><i>Small Batch r\u00e9serve NINETY NINE PROOF.<\/i><\/strong><\/p>\n<p><i>\u00ab\u00a0La perle rare de la gamme de whisky Wayne Gretzky 99\u00a0\u00bb<\/i><\/p>\n<p><i><\/i><\/p>\n<p><i>Le whisky tr\u00e8s haut de gamme, 99 Proof, est fabriqu\u00e9 \u00e0 partir de grains broy\u00e9s un \u00e0 un puis distill\u00e9s et vieillis dans des f\u00fbts de ch\u00eane am\u00e9ricains avant d&rsquo;\u00eatre conserv\u00e9s pendant plus de 100 jours dans des tonneaux de Cabernet Sauvignon provenant du vignoble de Wayne Gretzky. Chaque f\u00fbt est s\u00e9lectionn\u00e9 \u00e0 la main par le ma\u00eetre distillateur pour la qualit\u00e9 du spiritueux avant d&rsquo;\u00eatre entrepos\u00e9 dans le \u00ab\u00a0rickhouse\u00a0\u00bb.\u00a0<\/i><\/p>\n<\/p>\n<p><strong><i>Gagnant de plusieurs prix et m\u00e9dailles dont:\u00a0<\/i><\/strong><\/p>\n<p><i>Double Gold Medal \u2013 San Francisco World Spirits Competition 2019.<\/i><\/p>\n<p><i>Gold Medal \u2013 Canadian Whisky Awards, Victoria BC, 2019.<\/i><\/p>\n<p><i>Gold Medal \u2013 90 points \u2013 Los Angeles International Spirits Competition 2018<\/i><\/p>","protected":false},"featured_media":12861,"comment_status":"open","ping_status":"open","template":"","meta":[],"product_cat":[277],"product_tag":[],"class_list":{"0":"post-9449","1":"product","2":"type-product","3":"status-publish","4":"has-post-thumbnail","6":"product_cat-whisky","7":"pa_country-canada","8":"pa_volume-75-cl","9":"_wholesalex wsx-wholesalex-product","11":"first","12":"instock","13":"taxable","14":"shipping-taxable","15":"purchasable","16":"product-type-simple"},"_links":{"self":[{"href":"https:\/\/petitecave.ch\/de\/wp-json\/wp\/v2\/product\/9449","targetHints":{"allow":["GET"]}}],"collection":[{"href":"https:\/\/petitecave.ch\/de\/wp-json\/wp\/v2\/product"}],"about":[{"href":"https:\/\/petitecave.ch\/de\/wp-json\/wp\/v2\/types\/product"}],"replies":[{"embeddable":true,"href":"https:\/\/petitecave.ch\/de\/wp-json\/wp\/v2\/comments?post=9449"}],"wp:featuredmedia":[{"embeddable":true,"href":"https:\/\/petitecave.ch\/de\/wp-json\/wp\/v2\/media\/12861"}],"wp:attachment":[{"href":"https:\/\/petitecave.ch\/de\/wp-json\/wp\/v2\/media?parent=9449"}],"wp:term":[{"taxonomy":"product_cat","embeddable":true,"href":"https:\/\/petitecave.ch\/de\/wp-json\/wp\/v2\/product_cat?post=9449"},{"taxonomy":"product_tag","embeddable":true,"href":"https:\/\/petitecave.ch\/de\/wp-json\/wp\/v2\/product_tag?post=9449"}],"curies":[{"name":"wp","href":"https:\/\/api.w.org\/{rel}","templated":true}]}}