{"id":9448,"date":"2025-10-28T10:43:10","date_gmt":"2025-10-28T10:43:10","guid":{"rendered":""},"modified":"2026-02-20T17:56:27","modified_gmt":"2026-02-20T16:56:27","slug":"whisky-wayne-gretzky-n-99-ice-cask-75cl","status":"publish","type":"product","link":"https:\/\/petitecave.ch\/de\/product\/whisky-wayne-gretzky-n-99-ice-cask-75cl\/","title":{"rendered":"Whisky Wayne Gretzky n\u00b099 Ice Cask 75cl"},"content":{"rendered":"<p><strong>Nez :<\/strong> Il offre des ar\u00f4mes de caramel anglais et de chocolat noir que compl\u00e8te un soup\u00e7on de clous de girofles et d&rsquo;\u00e9pices<\/p>\n<p><strong>Bouche :\u00a0<\/strong>Sa note l\u00e9g\u00e8rement sucr\u00e9e et vanill\u00e9e que lui conf\u00e8re la double maturation en f\u00fbt de Ice Wine se m\u00eale harmonieusement \u00e0 la saveur \u00e9pic\u00e9e du seigle<\/p>","protected":false},"excerpt":{"rendered":"<p><strong>Wayne Gretzky n\u00b099 Ice Cask &#8211; Wayne Gretzky<\/strong><\/p>\n<p><strong><\/strong><\/p>\n<p><em>On le surnomme \u00ab\u00a0THE GREAT CANADIAN WHISKY\u00a0\u00bb<\/em><\/p>\n<p><em>Cet attrayant whisky au go\u00fbt tr\u00e8s riche est vieilli en f\u00fbt comme le veut la tradition canadienne et porte le label \u00ab\u00a0Ice Cask\u00a0\u00bb de Wayne Gretzky qui le distingue pour sa qualit\u00e9 et son originalit\u00e9.<\/em><\/p>\n<p><em>Distill\u00e9 en petits lots, le whisky Ice Cask de Wayne Gretzky\u00a0 est souple et envo\u00fbtant.<\/em><\/p>\n<p><em><\/em><\/p>\n<\/p>\n<p><i>La distillerie Wayne Gretzky \u00e9tablie \u00e0 Niagara-on-the-Lake est une vitrine importante des spiritueux d&rsquo;exceptions cr\u00e9\u00e9s \u00e0 partir des meilleurs ingr\u00e9dients locaux. Ce whisky canadien au go\u00fbt exceptionnel est gage de fiert\u00e9 et de qualit\u00e9, deux atouts qui font la renomm\u00e9e internationale du Canada.<\/i><\/p><\/p>","protected":false},"featured_media":12860,"comment_status":"open","ping_status":"open","template":"","meta":[],"product_cat":[277],"product_tag":[],"class_list":{"0":"post-9448","1":"product","2":"type-product","3":"status-publish","4":"has-post-thumbnail","6":"product_cat-whisky","7":"pa_country-canada","8":"pa_volume-75-cl","9":"_wholesalex wsx-wholesalex-product","11":"first","12":"instock","13":"taxable","14":"shipping-taxable","15":"purchasable","16":"product-type-simple"},"_links":{"self":[{"href":"https:\/\/petitecave.ch\/de\/wp-json\/wp\/v2\/product\/9448","targetHints":{"allow":["GET"]}}],"collection":[{"href":"https:\/\/petitecave.ch\/de\/wp-json\/wp\/v2\/product"}],"about":[{"href":"https:\/\/petitecave.ch\/de\/wp-json\/wp\/v2\/types\/product"}],"replies":[{"embeddable":true,"href":"https:\/\/petitecave.ch\/de\/wp-json\/wp\/v2\/comments?post=9448"}],"wp:featuredmedia":[{"embeddable":true,"href":"https:\/\/petitecave.ch\/de\/wp-json\/wp\/v2\/media\/12860"}],"wp:attachment":[{"href":"https:\/\/petitecave.ch\/de\/wp-json\/wp\/v2\/media?parent=9448"}],"wp:term":[{"taxonomy":"product_cat","embeddable":true,"href":"https:\/\/petitecave.ch\/de\/wp-json\/wp\/v2\/product_cat?post=9448"},{"taxonomy":"product_tag","embeddable":true,"href":"https:\/\/petitecave.ch\/de\/wp-json\/wp\/v2\/product_tag?post=9448"}],"curies":[{"name":"wp","href":"https:\/\/api.w.org\/{rel}","templated":true}]}}