{"id":9444,"date":"2025-10-28T10:43:06","date_gmt":"2025-10-28T10:43:06","guid":{"rendered":""},"modified":"2026-02-20T17:56:26","modified_gmt":"2026-02-20T16:56:26","slug":"whisky-the-matsui-mizunara-cask-70cl","status":"publish","type":"product","link":"https:\/\/petitecave.ch\/de\/product\/whisky-the-matsui-mizunara-cask-70cl\/","title":{"rendered":"Whisky The Matsui Mizunara Cask 70cl"},"content":{"rendered":"<p><strong>Nez :<\/strong> Un ar\u00f4me frais et floral suivi de vanille douce et d&rsquo;\u00e9pices \u00e0 p\u00e2tisserie, avec une touche de noix de coco<\/p>\n<p><strong>Bouche :<\/strong> Une bouche velout\u00e9e avec du ch\u00eane, de la cannelle, du gingembre et une touche de piment, \u00e9quilibr\u00e9e par la douceur du caramel<\/p>\n<p><strong>Finale :<\/strong> Le caramel persiste aux c\u00f4t\u00e9s de ch\u00eane floral, de tabac et de gousse de vanille<\/p>","protected":false},"excerpt":{"rendered":"<p><strong>The Matsui Mizunara\u00a0Cask &#8211; Distillerie\u00a0Kurayoshi<\/strong><\/p>\n<p><strong><\/strong><\/p>\n<p><i>Distill\u00e9 par la distillerie Kurayoshi dans la province de Tottori, ce beau whisky a vieilli 3 ans en f\u00fbt de ch\u00eane japonais Mizunara. Ce bois de haute qualit\u00e9 est r\u00e9put\u00e9 pour procurer aux whiskies qui y s\u00e9journent un caract\u00e8re unique. Le whisky The Matsui Mizunara Cask est ensuite dilu\u00e9 avec une eau pure provenant des hauteurs du Mont Daisen.\u00a0<\/i><\/p>\n<p><i>The Matsui Mizunara Cask est issu d\u2019une nouvelle gamme de whisky de qualit\u00e9 \u00ab The Matsui \u00bb imagin\u00e9e par les propri\u00e9taires de la distillerie Kurayoshi. Cette gamme compos\u00e9e de trois remarquables whisky (Mizunara, Sakura et Peated) a vu le jour en 2018. <\/i><\/p>\n<p><i>Tous ont d\u00e9j\u00e0 \u00e9t\u00e9 r\u00e9compens\u00e9s aux diff\u00e9rentes foires internationales.<\/i><\/p>","protected":false},"featured_media":12856,"comment_status":"open","ping_status":"open","template":"","meta":[],"product_cat":[277],"product_tag":[],"class_list":{"0":"post-9444","1":"product","2":"type-product","3":"status-publish","4":"has-post-thumbnail","6":"product_cat-whisky","7":"pa_country-japon","8":"pa_type-single-malt","9":"pa_volume-70-cl","10":"_wholesalex wsx-wholesalex-product","12":"first","13":"instock","14":"taxable","15":"shipping-taxable","16":"purchasable","17":"product-type-simple"},"_links":{"self":[{"href":"https:\/\/petitecave.ch\/de\/wp-json\/wp\/v2\/product\/9444","targetHints":{"allow":["GET"]}}],"collection":[{"href":"https:\/\/petitecave.ch\/de\/wp-json\/wp\/v2\/product"}],"about":[{"href":"https:\/\/petitecave.ch\/de\/wp-json\/wp\/v2\/types\/product"}],"replies":[{"embeddable":true,"href":"https:\/\/petitecave.ch\/de\/wp-json\/wp\/v2\/comments?post=9444"}],"wp:featuredmedia":[{"embeddable":true,"href":"https:\/\/petitecave.ch\/de\/wp-json\/wp\/v2\/media\/12856"}],"wp:attachment":[{"href":"https:\/\/petitecave.ch\/de\/wp-json\/wp\/v2\/media?parent=9444"}],"wp:term":[{"taxonomy":"product_cat","embeddable":true,"href":"https:\/\/petitecave.ch\/de\/wp-json\/wp\/v2\/product_cat?post=9444"},{"taxonomy":"product_tag","embeddable":true,"href":"https:\/\/petitecave.ch\/de\/wp-json\/wp\/v2\/product_tag?post=9444"}],"curies":[{"name":"wp","href":"https:\/\/api.w.org\/{rel}","templated":true}]}}