{"id":9443,"date":"2025-10-28T10:43:05","date_gmt":"2025-10-28T10:43:05","guid":{"rendered":""},"modified":"2026-02-20T12:54:39","modified_gmt":"2026-02-20T11:54:39","slug":"coffret-the-matsui-japanese-single-cask-collection-3x20cl","status":"publish","type":"product","link":"https:\/\/petitecave.ch\/de\/product\/coffret-the-matsui-japanese-single-cask-collection-3x20cl\/","title":{"rendered":"Coffret The Matsui Japanese Single Cask Collection 3x20cl"},"content":{"rendered":"<p>Le Coffret Matsui comprend 3 mignonettes de 20cl compos\u00e9 des Single Malts Sakura Cask, Mizunara Cask et The Peated\u00a0<\/p>","protected":false},"excerpt":{"rendered":"<p><strong>The Matsui Japanese Single Cask Collection &#8211; Distillerie Kurayoshi\u00a0<\/strong><\/p>\n<\/p>\n<p><em>Les whiskys Matsui sont distill\u00e9s par Kurayoshi, distillerie situ\u00e9e dans la pr\u00e9fecture de Tottori. Le vieillissement d\u2019au minimum 3 ans se fait dans un environnement naturel o\u00f9 la temp\u00e9rature varie consid\u00e9rablement d\u2019une saison \u00e0 l\u2019autre. Il est ensuite dilu\u00e9 avec de l\u2019eau de source naturelle de la plus haute qualit\u00e9 du Mont Daisen.<\/em><\/p>","protected":false},"featured_media":12855,"comment_status":"open","ping_status":"open","template":"","meta":[],"product_cat":[333,277],"product_tag":[],"class_list":{"0":"post-9443","1":"product","2":"type-product","3":"status-publish","4":"has-post-thumbnail","6":"product_cat-coffrets-cadeaux","7":"product_cat-whisky","8":"pa_country-japon","9":"_wholesalex wsx-wholesalex-product","11":"first","12":"instock","13":"taxable","14":"shipping-taxable","15":"purchasable","16":"product-type-simple"},"_links":{"self":[{"href":"https:\/\/petitecave.ch\/de\/wp-json\/wp\/v2\/product\/9443","targetHints":{"allow":["GET"]}}],"collection":[{"href":"https:\/\/petitecave.ch\/de\/wp-json\/wp\/v2\/product"}],"about":[{"href":"https:\/\/petitecave.ch\/de\/wp-json\/wp\/v2\/types\/product"}],"replies":[{"embeddable":true,"href":"https:\/\/petitecave.ch\/de\/wp-json\/wp\/v2\/comments?post=9443"}],"wp:featuredmedia":[{"embeddable":true,"href":"https:\/\/petitecave.ch\/de\/wp-json\/wp\/v2\/media\/12855"}],"wp:attachment":[{"href":"https:\/\/petitecave.ch\/de\/wp-json\/wp\/v2\/media?parent=9443"}],"wp:term":[{"taxonomy":"product_cat","embeddable":true,"href":"https:\/\/petitecave.ch\/de\/wp-json\/wp\/v2\/product_cat?post=9443"},{"taxonomy":"product_tag","embeddable":true,"href":"https:\/\/petitecave.ch\/de\/wp-json\/wp\/v2\/product_tag?post=9443"}],"curies":[{"name":"wp","href":"https:\/\/api.w.org\/{rel}","templated":true}]}}