{"id":9425,"date":"2025-10-28T10:42:47","date_gmt":"2025-10-28T10:42:47","guid":{"rendered":""},"modified":"2026-04-07T13:36:17","modified_gmt":"2026-04-07T11:36:17","slug":"boxer-old-10x25cl","status":"publish","type":"product","link":"https:\/\/petitecave.ch\/de\/product\/boxer-old-10x25cl\/","title":{"rendered":"Boxer Old 10x25cl"},"content":{"rendered":"<p><b>Visuel :<\/b> Robe limpide de couleur jaune intense avec une fine mousse blanche.<\/p>\n<p><b>Nez :<\/b> Ar\u00f4mes l\u00e9gers de malt et de houblon.<\/p>\n<p><b>Go\u00fbt :<\/b> L\u00e9g\u00e8re et harmonieuse avec une fine amertume tr\u00e8s rafra\u00eechissante.<\/p>","protected":false},"excerpt":{"rendered":"<p><strong>Boxer Old &#8211; <b>Chopfab Boxer AG &#8211; Yverdon-les-Bains<\/b><\/strong><\/p>","protected":false},"featured_media":12834,"comment_status":"open","ping_status":"closed","template":"","meta":[],"product_cat":[250],"product_tag":[],"class_list":{"0":"post-9425","1":"product","2":"type-product","3":"status-publish","4":"has-post-thumbnail","6":"product_cat-bieres","7":"pa_categorie-bieres-blondes","8":"pa_color-blonde","9":"pa_country-suisse","10":"pa_style-lager","11":"_wholesalex wsx-wholesalex-product","13":"first","14":"instock","15":"taxable","16":"shipping-taxable","17":"purchasable","18":"product-type-simple"},"_links":{"self":[{"href":"https:\/\/petitecave.ch\/de\/wp-json\/wp\/v2\/product\/9425","targetHints":{"allow":["GET"]}}],"collection":[{"href":"https:\/\/petitecave.ch\/de\/wp-json\/wp\/v2\/product"}],"about":[{"href":"https:\/\/petitecave.ch\/de\/wp-json\/wp\/v2\/types\/product"}],"replies":[{"embeddable":true,"href":"https:\/\/petitecave.ch\/de\/wp-json\/wp\/v2\/comments?post=9425"}],"wp:featuredmedia":[{"embeddable":true,"href":"https:\/\/petitecave.ch\/de\/wp-json\/wp\/v2\/media\/12834"}],"wp:attachment":[{"href":"https:\/\/petitecave.ch\/de\/wp-json\/wp\/v2\/media?parent=9425"}],"wp:term":[{"taxonomy":"product_cat","embeddable":true,"href":"https:\/\/petitecave.ch\/de\/wp-json\/wp\/v2\/product_cat?post=9425"},{"taxonomy":"product_tag","embeddable":true,"href":"https:\/\/petitecave.ch\/de\/wp-json\/wp\/v2\/product_tag?post=9425"}],"curies":[{"name":"wp","href":"https:\/\/api.w.org\/{rel}","templated":true}]}}