{"id":9424,"date":"2025-10-28T10:42:46","date_gmt":"2025-10-28T10:42:46","guid":{"rendered":""},"modified":"2026-02-13T14:08:13","modified_gmt":"2026-02-13T13:08:13","slug":"brewdog-punk-ipa-50cl","status":"publish","type":"product","link":"https:\/\/petitecave.ch\/de\/product\/brewdog-punk-ipa-50cl\/","title":{"rendered":"Brewdog Punk IPA 50cl"},"content":{"rendered":"<p><strong>Visuel :<\/strong> Robe orang\u00e9e surmont\u00e9e d&rsquo;une belle mousse blanche.<\/p>\n<p><strong>Nez :<\/strong> Ar\u00f4mes puissants de houblons et de fruits exotiques.<\/p>\n<p><strong>Go\u00fbt :<\/strong> Puissante amertume accompagn\u00e9e d&rsquo;une d\u00e9licieuse saveur fruit\u00e9e.<\/p>","protected":false},"excerpt":{"rendered":"<p><strong>Brewdog Punk IPA &#8211; Brasserie Brewdog\u00a0<\/strong><\/p>\n<p>\u00a0<\/p>\n<p><i>C&rsquo;est une bi\u00e8re \u00e9cossaise qui s&rsquo;inspire continuellement des tendances am\u00e9ricaines pour le brassage et dans le choix des houblons.\u00a0<\/i><\/p>\n<p><i>Pour l&rsquo;aromatiser et lui apporter un certain caract\u00e8re, le malt Marris Otter Extra Pale \u00e0 servi de base, pour les houblons se sont les vari\u00e9t\u00e9s Chinook, Simcoe, Ahtanum, et Nelson Sauvin qui ont \u00e9t\u00e9 mis \u00e0 contribution.<\/i><\/p>\n<p><i>Brewdog Brewery est class\u00e9e \u00e0 la 88\u00e8me place dans le classement des meilleures brasseries du monde selon Ratebeer en 2018 !<\/i><\/p>","protected":false},"featured_media":18868,"comment_status":"open","ping_status":"open","template":"","meta":[],"product_cat":[250],"product_tag":[],"class_list":{"0":"post-9424","1":"product","2":"type-product","3":"status-publish","4":"has-post-thumbnail","6":"product_cat-bieres","7":"pa_color-blonde","8":"pa_country-ecosse","9":"pa_style-ipa","10":"pa_volume-50cl","11":"_wholesalex wsx-wholesalex-product","13":"first","14":"instock","15":"taxable","16":"shipping-taxable","17":"purchasable","18":"product-type-simple"},"_links":{"self":[{"href":"https:\/\/petitecave.ch\/de\/wp-json\/wp\/v2\/product\/9424","targetHints":{"allow":["GET"]}}],"collection":[{"href":"https:\/\/petitecave.ch\/de\/wp-json\/wp\/v2\/product"}],"about":[{"href":"https:\/\/petitecave.ch\/de\/wp-json\/wp\/v2\/types\/product"}],"replies":[{"embeddable":true,"href":"https:\/\/petitecave.ch\/de\/wp-json\/wp\/v2\/comments?post=9424"}],"wp:featuredmedia":[{"embeddable":true,"href":"https:\/\/petitecave.ch\/de\/wp-json\/wp\/v2\/media\/18868"}],"wp:attachment":[{"href":"https:\/\/petitecave.ch\/de\/wp-json\/wp\/v2\/media?parent=9424"}],"wp:term":[{"taxonomy":"product_cat","embeddable":true,"href":"https:\/\/petitecave.ch\/de\/wp-json\/wp\/v2\/product_cat?post=9424"},{"taxonomy":"product_tag","embeddable":true,"href":"https:\/\/petitecave.ch\/de\/wp-json\/wp\/v2\/product_tag?post=9424"}],"curies":[{"name":"wp","href":"https:\/\/api.w.org\/{rel}","templated":true}]}}