{"id":9423,"date":"2025-10-28T10:42:46","date_gmt":"2025-10-28T10:42:46","guid":{"rendered":""},"modified":"2026-04-07T14:23:44","modified_gmt":"2026-04-07T12:23:44","slug":"murphy-s-irish-stout-boite-50cl","status":"publish","type":"product","link":"https:\/\/petitecave.ch\/de\/product\/murphy-s-irish-stout-boite-50cl\/","title":{"rendered":"Murphy&rsquo;s Irish Stout boite 50cl"},"content":{"rendered":"<p><strong>Visuel :\u00a0<\/strong>Robe noire \u00e0 la fine mousse blanche\u00a0<\/p>\n<p><strong>Nez :\u00a0<\/strong>Notes torr\u00e9fi\u00e9es de malt<\/p>\n<p><strong>Go\u00fbt :\u00a0<\/strong>Le corps est l\u00e9ger, on retrouve les saveurs de malt torr\u00e9fi\u00e9 ce qui lui donne un caract\u00e8re robuste et rafra\u00eechissant<\/p>","protected":false},"excerpt":{"rendered":"<p><strong>Murphy&rsquo;s Irish Stout &#8211; Brasserie Murphy&rsquo;s\u00a0<\/strong><\/p>","protected":false},"featured_media":18861,"comment_status":"open","ping_status":"open","template":"","meta":[],"product_cat":[250],"product_tag":[],"class_list":{"0":"post-9423","1":"product","2":"type-product","3":"status-publish","4":"has-post-thumbnail","6":"product_cat-bieres","7":"pa_categorie-bieres-brunes","8":"pa_color-noire","9":"pa_country-irlande","10":"pa_style-stout","11":"pa_volume-50cl","12":"_wholesalex wsx-wholesalex-product","14":"first","15":"instock","16":"taxable","17":"shipping-taxable","18":"purchasable","19":"product-type-simple"},"_links":{"self":[{"href":"https:\/\/petitecave.ch\/de\/wp-json\/wp\/v2\/product\/9423","targetHints":{"allow":["GET"]}}],"collection":[{"href":"https:\/\/petitecave.ch\/de\/wp-json\/wp\/v2\/product"}],"about":[{"href":"https:\/\/petitecave.ch\/de\/wp-json\/wp\/v2\/types\/product"}],"replies":[{"embeddable":true,"href":"https:\/\/petitecave.ch\/de\/wp-json\/wp\/v2\/comments?post=9423"}],"wp:featuredmedia":[{"embeddable":true,"href":"https:\/\/petitecave.ch\/de\/wp-json\/wp\/v2\/media\/18861"}],"wp:attachment":[{"href":"https:\/\/petitecave.ch\/de\/wp-json\/wp\/v2\/media?parent=9423"}],"wp:term":[{"taxonomy":"product_cat","embeddable":true,"href":"https:\/\/petitecave.ch\/de\/wp-json\/wp\/v2\/product_cat?post=9423"},{"taxonomy":"product_tag","embeddable":true,"href":"https:\/\/petitecave.ch\/de\/wp-json\/wp\/v2\/product_tag?post=9423"}],"curies":[{"name":"wp","href":"https:\/\/api.w.org\/{rel}","templated":true}]}}