{"id":9419,"date":"2025-10-28T10:42:41","date_gmt":"2025-10-28T10:42:41","guid":{"rendered":""},"modified":"2026-03-27T17:59:30","modified_gmt":"2026-03-27T16:59:30","slug":"lagunitas-ipa-4x33cl","status":"publish","type":"product","link":"https:\/\/petitecave.ch\/de\/product\/lagunitas-ipa-4x33cl\/","title":{"rendered":"Lagunitas IPA 4x33cl"},"content":{"rendered":"<p><b>Visuel :\u00a0<\/b>Robe blonde dor\u00e9e avec une mousse blanche<\/p>\n<p><b>Nez :\u00a0<\/b>Notes d&rsquo;agrumes\u00a0dont le pamplemousse<\/p>\n<p><b>Go\u00fbt :\u00a0<\/b>L&rsquo;attaque est s\u00e8che avec une belle longueur et de l&rsquo;amertume en final<\/p>","protected":false},"excerpt":{"rendered":"<p><strong>Lagunitas IPA &#8211; Lagunitas Brewing Company\u00a0<\/strong><\/p>\n<p><em><\/em><\/p>\n<p><em>Une IPA typiquement californienne, tr\u00e8s bien \u00e9quilibr\u00e9e, entre son amertume, ses ar\u00f4mes d\u2019agrumes et sa rondeur apport\u00e9e gr\u00e2ce au malt caram\u00e9lis\u00e9.<\/em><\/p>","protected":false},"featured_media":12827,"comment_status":"open","ping_status":"closed","template":"","meta":[],"product_cat":[250],"product_tag":[],"class_list":{"0":"post-9419","1":"product","2":"type-product","3":"status-publish","4":"has-post-thumbnail","6":"product_cat-bieres","7":"pa_color-blonde","8":"pa_country-usa","9":"pa_style-ipa","10":"_wholesalex wsx-wholesalex-product","12":"first","13":"instock","14":"taxable","15":"shipping-taxable","16":"purchasable","17":"product-type-simple"},"_links":{"self":[{"href":"https:\/\/petitecave.ch\/de\/wp-json\/wp\/v2\/product\/9419","targetHints":{"allow":["GET"]}}],"collection":[{"href":"https:\/\/petitecave.ch\/de\/wp-json\/wp\/v2\/product"}],"about":[{"href":"https:\/\/petitecave.ch\/de\/wp-json\/wp\/v2\/types\/product"}],"replies":[{"embeddable":true,"href":"https:\/\/petitecave.ch\/de\/wp-json\/wp\/v2\/comments?post=9419"}],"wp:featuredmedia":[{"embeddable":true,"href":"https:\/\/petitecave.ch\/de\/wp-json\/wp\/v2\/media\/12827"}],"wp:attachment":[{"href":"https:\/\/petitecave.ch\/de\/wp-json\/wp\/v2\/media?parent=9419"}],"wp:term":[{"taxonomy":"product_cat","embeddable":true,"href":"https:\/\/petitecave.ch\/de\/wp-json\/wp\/v2\/product_cat?post=9419"},{"taxonomy":"product_tag","embeddable":true,"href":"https:\/\/petitecave.ch\/de\/wp-json\/wp\/v2\/product_tag?post=9419"}],"curies":[{"name":"wp","href":"https:\/\/api.w.org\/{rel}","templated":true}]}}