{"id":9416,"date":"2025-10-28T10:42:38","date_gmt":"2025-10-28T10:42:38","guid":{"rendered":""},"modified":"2026-02-13T12:21:17","modified_gmt":"2026-02-13T11:21:17","slug":"blue-moon-33cl","status":"publish","type":"product","link":"https:\/\/petitecave.ch\/de\/product\/blue-moon-33cl\/","title":{"rendered":"Blue Moon 33cl"},"content":{"rendered":"<p><strong>Visuel :<\/strong> Jaune\u00a0et dor\u00e9e avec une \u00e9paisse mousse blanche\u00a0<\/p>\n<p><strong>Nez :<\/strong> Ar\u00f4mes de coriandre, d&rsquo;orange, de levure et de malt<\/p>\n<p><strong>Bouche :\u00a0<\/strong>Rafra\u00eechissante et \u00e9pic\u00e9e, avec de la coriandre, des notes d&rsquo;orange et de citron\u00a0<\/p>\n<p><strong>Accompagnement :<\/strong> Avec des fruits de mer et des plats asiatiques<\/p>","protected":false},"excerpt":{"rendered":"<p><strong>Blue Moon &#8211; Brasserie Coors\u00a0<\/strong><\/p>\n<\/p>\n<p><em>En 1995, d\u00e9bute \u00e0 Denver, au c\u0153ur du Colorado, l&rsquo;irr\u00e9sistible ascension de la Blue Moon Brewing\u00a0Company. Keith Villa venait tout juste d&rsquo;obtenir son titre de docteur en brasserie \u00e0 l&rsquo;universit\u00e9 de Bruxelles lorsqu&rsquo;il s&rsquo;en revint au Colorado afin de bousculer le march\u00e9 am\u00e9ricain de la bi\u00e8re, submerg\u00e9 par les Lager. La Blue Moon Belgian White fut un coup de ma\u00eetre r\u00e9alisant une impression durable sur la sc\u00e8ne des bi\u00e8res artisanales.\u00a0<\/em><\/p>","protected":false},"featured_media":18877,"comment_status":"open","ping_status":"closed","template":"","meta":[],"product_cat":[250],"product_tag":[],"class_list":{"0":"post-9416","1":"product","2":"type-product","3":"status-publish","4":"has-post-thumbnail","6":"product_cat-bieres","7":"pa_country-usa","8":"pa_style-witbier","9":"_wholesalex wsx-wholesalex-product","11":"first","12":"instock","13":"taxable","14":"shipping-taxable","15":"purchasable","16":"product-type-simple"},"_links":{"self":[{"href":"https:\/\/petitecave.ch\/de\/wp-json\/wp\/v2\/product\/9416","targetHints":{"allow":["GET"]}}],"collection":[{"href":"https:\/\/petitecave.ch\/de\/wp-json\/wp\/v2\/product"}],"about":[{"href":"https:\/\/petitecave.ch\/de\/wp-json\/wp\/v2\/types\/product"}],"replies":[{"embeddable":true,"href":"https:\/\/petitecave.ch\/de\/wp-json\/wp\/v2\/comments?post=9416"}],"wp:featuredmedia":[{"embeddable":true,"href":"https:\/\/petitecave.ch\/de\/wp-json\/wp\/v2\/media\/18877"}],"wp:attachment":[{"href":"https:\/\/petitecave.ch\/de\/wp-json\/wp\/v2\/media?parent=9416"}],"wp:term":[{"taxonomy":"product_cat","embeddable":true,"href":"https:\/\/petitecave.ch\/de\/wp-json\/wp\/v2\/product_cat?post=9416"},{"taxonomy":"product_tag","embeddable":true,"href":"https:\/\/petitecave.ch\/de\/wp-json\/wp\/v2\/product_tag?post=9416"}],"curies":[{"name":"wp","href":"https:\/\/api.w.org\/{rel}","templated":true}]}}