{"id":9415,"date":"2025-10-28T10:42:37","date_gmt":"2025-10-28T10:42:37","guid":{"rendered":""},"modified":"2026-02-13T14:18:34","modified_gmt":"2026-02-13T13:18:34","slug":"eve-grapefruit-cosmopolitan-4x27-5cl","status":"publish","type":"product","link":"https:\/\/petitecave.ch\/de\/product\/eve-grapefruit-cosmopolitan-4x27-5cl\/","title":{"rendered":"Eve Grapefruit Cosmopolitan 4&#215;27.5cl"},"content":{"rendered":"<p>Eve Grapefruit Cosmopolitan est la nouvelle interpr\u00e9tation p\u00e9tillante et l\u00e9g\u00e8re du cocktail culte new-yorkais. Rafra\u00eechissante, l\u00e9g\u00e8re en bouche, agr\u00e9ablement acidul\u00e9e, elle a juste ce qu&rsquo;il faut de douceur. le go\u00fbt de pamplemousse et la note fruits rouges procurent une sensation gustative p\u00e9tillante.\u00a0<\/p>","protected":false},"excerpt":{"rendered":"<p><strong>Eve Grapefruit Cosmopolitan<\/strong><\/p>","protected":false},"featured_media":12822,"comment_status":"open","ping_status":"closed","template":"","meta":[],"product_cat":[250],"product_tag":[],"class_list":{"0":"post-9415","1":"product","2":"type-product","3":"status-publish","4":"has-post-thumbnail","6":"product_cat-bieres","7":"pa_country-suisse","8":"_wholesalex wsx-wholesalex-product","10":"first","11":"instock","12":"taxable","13":"shipping-taxable","14":"purchasable","15":"product-type-simple"},"_links":{"self":[{"href":"https:\/\/petitecave.ch\/de\/wp-json\/wp\/v2\/product\/9415","targetHints":{"allow":["GET"]}}],"collection":[{"href":"https:\/\/petitecave.ch\/de\/wp-json\/wp\/v2\/product"}],"about":[{"href":"https:\/\/petitecave.ch\/de\/wp-json\/wp\/v2\/types\/product"}],"replies":[{"embeddable":true,"href":"https:\/\/petitecave.ch\/de\/wp-json\/wp\/v2\/comments?post=9415"}],"wp:featuredmedia":[{"embeddable":true,"href":"https:\/\/petitecave.ch\/de\/wp-json\/wp\/v2\/media\/12822"}],"wp:attachment":[{"href":"https:\/\/petitecave.ch\/de\/wp-json\/wp\/v2\/media?parent=9415"}],"wp:term":[{"taxonomy":"product_cat","embeddable":true,"href":"https:\/\/petitecave.ch\/de\/wp-json\/wp\/v2\/product_cat?post=9415"},{"taxonomy":"product_tag","embeddable":true,"href":"https:\/\/petitecave.ch\/de\/wp-json\/wp\/v2\/product_tag?post=9415"}],"curies":[{"name":"wp","href":"https:\/\/api.w.org\/{rel}","templated":true}]}}