{"id":9411,"date":"2026-03-27T15:42:34","date_gmt":"2026-03-27T14:42:34","guid":{"rendered":""},"modified":"2026-03-27T16:33:23","modified_gmt":"2026-03-27T15:33:23","slug":"1664-blanc-6x33cl","status":"publish","type":"product","link":"https:\/\/petitecave.ch\/de\/product\/1664-blanc-6x33cl\/","title":{"rendered":"1664 Blanc 6x33cl"},"content":{"rendered":"<p><span style=\"color: #000000;\"><b>Visuel :<\/b> Robe de couleur jaune trouble avec une fine mousse blanche.<\/span><\/p>\n<p><span style=\"color: #000000;\"><b>Nez :<\/b> Notes fruit\u00e9es et houblonn\u00e9es.<\/span><\/p>\n<p><span style=\"color: #000000;\"><b>Go\u00fbt :<\/b> Ar\u00f4mes fruit\u00e9s sur les agrumes avec une fine touche de coriandre.<\/span><\/p>\n<p><span style=\"color: #000000;\"><b>Accompagnement :<\/b> Parfaite avec une cuisine l\u00e9g\u00e8re et m\u00e9diterran\u00e9enne comme les fruits de mer ou les viandes grill\u00e9es.<\/span><\/p>","protected":false},"excerpt":{"rendered":"<p><span style=\"color: #000000;\"><strong>Brasserie Kronenbourg\u00a0<\/strong><\/span><\/p>\n<p><span style=\"color: #000000;\"><em>Depuis son lancement en 2006, la 1664 Blanc s\u2019impose comme une r\u00e9f\u00e9rence incontournable de la bi\u00e8re blanche moderne. Reconnaissable entre toutes gr\u00e2ce \u00e0 sa c\u00e9l\u00e8bre bouteille bleue au design audacieux, elle s\u00e9duit autant par son style que par ses ar\u00f4mes d\u00e9licatement fruit\u00e9s et rafra\u00eechissants. V\u00e9ritable symbole du savoir-faire brassicole fran\u00e7ais, elle incarne avec \u00e9l\u00e9gance l\u2019esprit du \u201cgo\u00fbt \u00e0 la fran\u00e7aise\u201d dans l\u2019univers des bi\u00e8res blanches.<\/em><\/span><\/p>","protected":false},"featured_media":19009,"comment_status":"open","ping_status":"closed","template":"","meta":[],"product_cat":[250],"product_tag":[],"class_list":{"0":"post-9411","1":"product","2":"type-product","3":"status-publish","4":"has-post-thumbnail","6":"product_cat-bieres","7":"pa_categorie-biere-blanche","8":"pa_color-blanche","9":"pa_country-france","10":"pa_style-witbier","11":"pa_volume-6x33cl","12":"_wholesalex wsx-wholesalex-product","14":"first","15":"instock","16":"taxable","17":"shipping-taxable","18":"purchasable","19":"product-type-simple"},"_links":{"self":[{"href":"https:\/\/petitecave.ch\/de\/wp-json\/wp\/v2\/product\/9411","targetHints":{"allow":["GET"]}}],"collection":[{"href":"https:\/\/petitecave.ch\/de\/wp-json\/wp\/v2\/product"}],"about":[{"href":"https:\/\/petitecave.ch\/de\/wp-json\/wp\/v2\/types\/product"}],"replies":[{"embeddable":true,"href":"https:\/\/petitecave.ch\/de\/wp-json\/wp\/v2\/comments?post=9411"}],"wp:featuredmedia":[{"embeddable":true,"href":"https:\/\/petitecave.ch\/de\/wp-json\/wp\/v2\/media\/19009"}],"wp:attachment":[{"href":"https:\/\/petitecave.ch\/de\/wp-json\/wp\/v2\/media?parent=9411"}],"wp:term":[{"taxonomy":"product_cat","embeddable":true,"href":"https:\/\/petitecave.ch\/de\/wp-json\/wp\/v2\/product_cat?post=9411"},{"taxonomy":"product_tag","embeddable":true,"href":"https:\/\/petitecave.ch\/de\/wp-json\/wp\/v2\/product_tag?post=9411"}],"curies":[{"name":"wp","href":"https:\/\/api.w.org\/{rel}","templated":true}]}}