{"id":9410,"date":"2025-10-28T10:42:32","date_gmt":"2025-10-28T10:42:32","guid":{"rendered":""},"modified":"2026-04-07T14:03:11","modified_gmt":"2026-04-07T12:03:11","slug":"grimbergen-rouge-6x25cl","status":"publish","type":"product","link":"https:\/\/petitecave.ch\/de\/product\/grimbergen-rouge-6x25cl\/","title":{"rendered":"Grimbergen Rouge 6x25cl"},"content":{"rendered":"<p><strong>Visuel :\u00a0<\/strong>Robe rouge avec une mousse ros\u00e9e<\/p>\n<p><strong>Nez :\u00a0<\/strong>Notes de fruits rouges et \u00e9pic\u00e9es<\/p>\n<p><strong>Bouche :\u00a0<\/strong>Acidit\u00e9 l\u00e9g\u00e8re sur des notes de fruits rouges et une fine touche de r\u00e9glisse<\/p>","protected":false},"excerpt":{"rendered":"<p><strong>Grimbergen Rouge &#8211; Abbaye de Grimbergen\u00a0<\/strong><\/p>\n<\/p>\n<p><i>Aromatis\u00e9e fruit rouge, avec notamment des parfums d&rsquo;airelle rouge, de fraise et de sureau, cette Grimbergen Rouge s&rsquo;av\u00e9rera parfaite pour l&rsquo;\u00e9t\u00e9. Intense, go\u00fbteuse, ce must de Grimbergen saura r\u00e9galer les amateurs de bi\u00e8res fruit\u00e9es comme les d\u00e9gustateurs les plus pointus.<\/i><\/p>","protected":false},"featured_media":12816,"comment_status":"open","ping_status":"closed","template":"","meta":[],"product_cat":[250],"product_tag":[],"class_list":{"0":"post-9410","1":"product","2":"type-product","3":"status-publish","4":"has-post-thumbnail","6":"product_cat-bieres","7":"pa_categorie-bieres-fruitees","8":"pa_color-rouge-rubis","9":"pa_country-belgique","10":"pa_style-fruitbier","11":"pa_type-biere-d-abbaye","12":"_wholesalex wsx-wholesalex-product","14":"first","15":"instock","16":"taxable","17":"shipping-taxable","18":"purchasable","19":"product-type-simple"},"_links":{"self":[{"href":"https:\/\/petitecave.ch\/de\/wp-json\/wp\/v2\/product\/9410","targetHints":{"allow":["GET"]}}],"collection":[{"href":"https:\/\/petitecave.ch\/de\/wp-json\/wp\/v2\/product"}],"about":[{"href":"https:\/\/petitecave.ch\/de\/wp-json\/wp\/v2\/types\/product"}],"replies":[{"embeddable":true,"href":"https:\/\/petitecave.ch\/de\/wp-json\/wp\/v2\/comments?post=9410"}],"wp:featuredmedia":[{"embeddable":true,"href":"https:\/\/petitecave.ch\/de\/wp-json\/wp\/v2\/media\/12816"}],"wp:attachment":[{"href":"https:\/\/petitecave.ch\/de\/wp-json\/wp\/v2\/media?parent=9410"}],"wp:term":[{"taxonomy":"product_cat","embeddable":true,"href":"https:\/\/petitecave.ch\/de\/wp-json\/wp\/v2\/product_cat?post=9410"},{"taxonomy":"product_tag","embeddable":true,"href":"https:\/\/petitecave.ch\/de\/wp-json\/wp\/v2\/product_tag?post=9410"}],"curies":[{"name":"wp","href":"https:\/\/api.w.org\/{rel}","templated":true}]}}