{"id":9409,"date":"2025-10-28T10:42:31","date_gmt":"2025-10-28T10:42:31","guid":{"rendered":""},"modified":"2026-04-07T13:51:52","modified_gmt":"2026-04-07T11:51:52","slug":"grimbergen-ambr-e-6x25cl","status":"publish","type":"product","link":"https:\/\/petitecave.ch\/de\/product\/grimbergen-ambr-e-6x25cl\/","title":{"rendered":"Grimbergen Ambr\u00e9e 6x25cl"},"content":{"rendered":"<p><strong>Visuel :\u00a0<\/strong>Robe cuivr\u00e9e avec une belle mousse blanche<\/p>\n<p><strong>Nez :\u00a0<\/strong>Notes de caramel et de fruits<\/p>\n<p><strong>Go\u00fbt :\u00a0<\/strong>Ar\u00f4mes de caramel, de prunes s\u00e9ch\u00e9es et de malt\u00a0<\/p>","protected":false},"excerpt":{"rendered":"<p><strong>Grimbergen Ambr\u00e9e &#8211; Abbaye de Grimbergen\u00a0<\/strong><\/p>\n<\/p>\n<p><i>Au Moyen-\u00c2ge, les brasseries civiles \u00e9taient nettement plus tax\u00e9es que les monast\u00e8res. Les brasseries de monast\u00e8res pouvaient alors proposer \u00e0 bas prix d\u2019excellentes bi\u00e8res fabriqu\u00e9es \u00e0 partir d\u2019ingr\u00e9dients de qualit\u00e9 sup\u00e9rieure. Du malt ferment\u00e9 par deux fois et des vari\u00e9t\u00e9s de houblon de la meilleure qualit\u00e9 sont donc \u00e0 la base de la Grimbergen Ambr\u00e9e. <\/i><\/p>\n<p><i>La bi\u00e8re id\u00e9ale pour les saisons froides et parfaite en accompagnement de mets copieux \u00e0 base de viande ou de foie gras.<\/i><\/p>","protected":false},"featured_media":12815,"comment_status":"open","ping_status":"closed","template":"","meta":[],"product_cat":[250],"product_tag":[],"class_list":{"0":"post-9409","1":"product","2":"type-product","3":"status-publish","4":"has-post-thumbnail","6":"product_cat-bieres","7":"pa_categorie-bieres-ambrees","8":"pa_color-ambree","9":"pa_country-belgique","10":"pa_style-amber-ale","11":"pa_type-biere-d-abbaye","12":"_wholesalex wsx-wholesalex-product","14":"first","15":"instock","16":"taxable","17":"shipping-taxable","18":"purchasable","19":"product-type-simple"},"_links":{"self":[{"href":"https:\/\/petitecave.ch\/de\/wp-json\/wp\/v2\/product\/9409","targetHints":{"allow":["GET"]}}],"collection":[{"href":"https:\/\/petitecave.ch\/de\/wp-json\/wp\/v2\/product"}],"about":[{"href":"https:\/\/petitecave.ch\/de\/wp-json\/wp\/v2\/types\/product"}],"replies":[{"embeddable":true,"href":"https:\/\/petitecave.ch\/de\/wp-json\/wp\/v2\/comments?post=9409"}],"wp:featuredmedia":[{"embeddable":true,"href":"https:\/\/petitecave.ch\/de\/wp-json\/wp\/v2\/media\/12815"}],"wp:attachment":[{"href":"https:\/\/petitecave.ch\/de\/wp-json\/wp\/v2\/media?parent=9409"}],"wp:term":[{"taxonomy":"product_cat","embeddable":true,"href":"https:\/\/petitecave.ch\/de\/wp-json\/wp\/v2\/product_cat?post=9409"},{"taxonomy":"product_tag","embeddable":true,"href":"https:\/\/petitecave.ch\/de\/wp-json\/wp\/v2\/product_tag?post=9409"}],"curies":[{"name":"wp","href":"https:\/\/api.w.org\/{rel}","templated":true}]}}