{"id":9408,"date":"2025-10-28T10:42:30","date_gmt":"2025-10-28T10:42:30","guid":{"rendered":""},"modified":"2026-02-13T11:25:16","modified_gmt":"2026-02-13T10:25:16","slug":"grimbergen-blanche-6x25cl","status":"publish","type":"product","link":"https:\/\/petitecave.ch\/de\/product\/grimbergen-blanche-6x25cl\/","title":{"rendered":"Grimbergen Blanche 6x25cl"},"content":{"rendered":"<p><strong>Visuel :\u00a0<\/strong>Robe blonde plut\u00f4t clair avec une mousse blanche\u00a0<\/p>\n<p><strong>Nez :\u00a0<\/strong>Notes d&rsquo;\u00e9pices sur las coriandre avec des agrumes<\/p>\n<p><strong>Go\u00fbt :\u00a0<\/strong>Acidul\u00e9e aux saveurs fruit\u00e9es et \u00e9pic\u00e9es\u00a0<\/p>","protected":false},"excerpt":{"rendered":"<p><strong>Grimbergen Blanche &#8211; Abbaye de Grimbergen\u00a0<\/strong><\/p>\n<p><strong><\/strong><\/p>\n<p><i>Si la brasserie Grimbergen est connue dans le monde entier, c&rsquo;est surtout pour sa bi\u00e8re blonde que l&rsquo;on peut retrouver partout. Mais avec cette blanche, le brasseur belge nous montre qu&rsquo;il ma\u00eetrise \u00e9galement les styles plus l\u00e9gers et plus agr\u00e9ables pour l&rsquo;\u00e9t\u00e9.<\/i><\/p>","protected":false},"featured_media":12814,"comment_status":"open","ping_status":"closed","template":"","meta":[],"product_cat":[250],"product_tag":[],"class_list":{"0":"post-9408","1":"product","2":"type-product","3":"status-publish","4":"has-post-thumbnail","6":"product_cat-bieres","7":"pa_color-blanche","8":"pa_country-belgique","9":"pa_style-witbier","10":"pa_type-biere-d-abbaye","11":"_wholesalex wsx-wholesalex-product","13":"first","14":"instock","15":"taxable","16":"shipping-taxable","17":"purchasable","18":"product-type-simple"},"_links":{"self":[{"href":"https:\/\/petitecave.ch\/de\/wp-json\/wp\/v2\/product\/9408","targetHints":{"allow":["GET"]}}],"collection":[{"href":"https:\/\/petitecave.ch\/de\/wp-json\/wp\/v2\/product"}],"about":[{"href":"https:\/\/petitecave.ch\/de\/wp-json\/wp\/v2\/types\/product"}],"replies":[{"embeddable":true,"href":"https:\/\/petitecave.ch\/de\/wp-json\/wp\/v2\/comments?post=9408"}],"wp:featuredmedia":[{"embeddable":true,"href":"https:\/\/petitecave.ch\/de\/wp-json\/wp\/v2\/media\/12814"}],"wp:attachment":[{"href":"https:\/\/petitecave.ch\/de\/wp-json\/wp\/v2\/media?parent=9408"}],"wp:term":[{"taxonomy":"product_cat","embeddable":true,"href":"https:\/\/petitecave.ch\/de\/wp-json\/wp\/v2\/product_cat?post=9408"},{"taxonomy":"product_tag","embeddable":true,"href":"https:\/\/petitecave.ch\/de\/wp-json\/wp\/v2\/product_tag?post=9408"}],"curies":[{"name":"wp","href":"https:\/\/api.w.org\/{rel}","templated":true}]}}