{"id":9405,"date":"2025-10-28T10:42:27","date_gmt":"2025-10-28T10:42:27","guid":{"rendered":""},"modified":"2026-02-13T11:14:15","modified_gmt":"2026-02-13T10:14:15","slug":"sagres-mini-24x25cl","status":"publish","type":"product","link":"https:\/\/petitecave.ch\/de\/product\/sagres-mini-24x25cl\/","title":{"rendered":"Sagres Mini 24x25cl"},"content":{"rendered":"","protected":false},"excerpt":{"rendered":"<p><strong>Sagres Mini &#8211; Sagres\u00a0<\/strong><\/p>\n<p><strong><\/strong><\/p>\n<p><i>Fond\u00e9e en 1940 dans la ville de Vila Franca de Xira ; elle est consid\u00e9r\u00e9e par beaucoup comme la Bi\u00e8re de Lisbonne, bien qu&rsquo;elle tire son nom d&rsquo;une autre ville, Sagres dans l&rsquo;extr\u00eame sud-ouest du pays. Elle est la seconde bi\u00e8re la plus populaire du pays, brass\u00e9e par la Sociedade Central de Cervejas e Bebidas, S.A. contr\u00f4l\u00e9e par Heineken.<\/i><\/p>\n<p><i>Elle sponsorise le Rock in Rio Lisbonne mais \u00e9galement l&rsquo;\u00c9quipe du Portugal de football et le championnat du Portugal de premi\u00e8re division.<\/i><\/p>","protected":false},"featured_media":12810,"comment_status":"open","ping_status":"closed","template":"","meta":[],"product_cat":[250],"product_tag":[],"class_list":{"0":"post-9405","1":"product","2":"type-product","3":"status-publish","4":"has-post-thumbnail","6":"product_cat-bieres","7":"pa_color-blonde","8":"pa_country-portugal","9":"pa_style-lager","10":"_wholesalex wsx-wholesalex-product","12":"first","13":"instock","14":"taxable","15":"shipping-taxable","16":"purchasable","17":"product-type-simple"},"_links":{"self":[{"href":"https:\/\/petitecave.ch\/de\/wp-json\/wp\/v2\/product\/9405","targetHints":{"allow":["GET"]}}],"collection":[{"href":"https:\/\/petitecave.ch\/de\/wp-json\/wp\/v2\/product"}],"about":[{"href":"https:\/\/petitecave.ch\/de\/wp-json\/wp\/v2\/types\/product"}],"replies":[{"embeddable":true,"href":"https:\/\/petitecave.ch\/de\/wp-json\/wp\/v2\/comments?post=9405"}],"wp:featuredmedia":[{"embeddable":true,"href":"https:\/\/petitecave.ch\/de\/wp-json\/wp\/v2\/media\/12810"}],"wp:attachment":[{"href":"https:\/\/petitecave.ch\/de\/wp-json\/wp\/v2\/media?parent=9405"}],"wp:term":[{"taxonomy":"product_cat","embeddable":true,"href":"https:\/\/petitecave.ch\/de\/wp-json\/wp\/v2\/product_cat?post=9405"},{"taxonomy":"product_tag","embeddable":true,"href":"https:\/\/petitecave.ch\/de\/wp-json\/wp\/v2\/product_tag?post=9405"}],"curies":[{"name":"wp","href":"https:\/\/api.w.org\/{rel}","templated":true}]}}