{"id":9403,"date":"2025-10-28T10:42:25","date_gmt":"2025-10-28T10:42:25","guid":{"rendered":""},"modified":"2026-02-13T12:40:42","modified_gmt":"2026-02-13T11:40:42","slug":"valaisanne-bi-re-de-cave-4x33cl","status":"publish","type":"product","link":"https:\/\/petitecave.ch\/de\/product\/valaisanne-bi-re-de-cave-4x33cl\/","title":{"rendered":"Valaisanne Bi\u00e8re de Cave 4x33cl"},"content":{"rendered":"<p><strong>Visuel :\u00a0<\/strong>Robe jaune dor\u00e9e avec une fine mousse blanche<\/p>\n<p><strong>Nez :<\/strong> Notes fruit\u00e9es et houblonn\u00e9es<\/p>\n<p><strong>Go\u00fbt :\u00a0<\/strong>Forte amertume rafra\u00eechissante accompagn\u00e9e de saveurs de malt et de levure fra\u00eeche avec une note fruit\u00e9e<\/p>","protected":false},"excerpt":{"rendered":"<p><strong>Valaisanne Bi\u00e8re de Cave &#8211; Brasserie Valaisanne &#8211; Sion\u00a0<\/strong><\/p>\n<\/p>\n<p><em>Valaisanne Bi\u00e8re de Cave est une bi\u00e8re \u00e0 l&rsquo;image du Valais: authentique et pleine de caract\u00e8re, elle poss\u00e8de une certaine \u00e2pret\u00e9 propre \u00e0 ses origines. Brass\u00e9e avec du houblon fin de Saaz et mise en bouteille non filtr\u00e9e &#8211; pour un plaisir limpide!<\/em><\/p>","protected":false},"featured_media":12808,"comment_status":"open","ping_status":"closed","template":"","meta":[],"product_cat":[250],"product_tag":[],"class_list":{"0":"post-9403","1":"product","2":"type-product","3":"status-publish","4":"has-post-thumbnail","6":"product_cat-bieres","7":"pa_color-blonde","8":"pa_country-suisse","9":"pa_type-biere-artisanale","10":"_wholesalex wsx-wholesalex-product","12":"first","13":"instock","14":"taxable","15":"shipping-taxable","16":"purchasable","17":"product-type-simple"},"_links":{"self":[{"href":"https:\/\/petitecave.ch\/de\/wp-json\/wp\/v2\/product\/9403","targetHints":{"allow":["GET"]}}],"collection":[{"href":"https:\/\/petitecave.ch\/de\/wp-json\/wp\/v2\/product"}],"about":[{"href":"https:\/\/petitecave.ch\/de\/wp-json\/wp\/v2\/types\/product"}],"replies":[{"embeddable":true,"href":"https:\/\/petitecave.ch\/de\/wp-json\/wp\/v2\/comments?post=9403"}],"wp:featuredmedia":[{"embeddable":true,"href":"https:\/\/petitecave.ch\/de\/wp-json\/wp\/v2\/media\/12808"}],"wp:attachment":[{"href":"https:\/\/petitecave.ch\/de\/wp-json\/wp\/v2\/media?parent=9403"}],"wp:term":[{"taxonomy":"product_cat","embeddable":true,"href":"https:\/\/petitecave.ch\/de\/wp-json\/wp\/v2\/product_cat?post=9403"},{"taxonomy":"product_tag","embeddable":true,"href":"https:\/\/petitecave.ch\/de\/wp-json\/wp\/v2\/product_tag?post=9403"}],"curies":[{"name":"wp","href":"https:\/\/api.w.org\/{rel}","templated":true}]}}