{"id":9402,"date":"2025-10-28T10:42:24","date_gmt":"2025-10-28T10:42:24","guid":{"rendered":""},"modified":"2026-02-13T13:15:25","modified_gmt":"2026-02-13T12:15:25","slug":"valaisanne-pale-ale-4x33cl","status":"publish","type":"product","link":"https:\/\/petitecave.ch\/de\/product\/valaisanne-pale-ale-4x33cl\/","title":{"rendered":"Valaisanne Pale Ale 4x33cl"},"content":{"rendered":"<p><strong><span>Visuel :\u00a0<\/span><\/strong><span>Robe aux reflets cuivr\u00e9es avec une mousse caram\u00e9lis\u00e9e<\/span><\/p>\n<p><strong><span>Nez :\u00a0<\/span><\/strong><span>Notes de malt torr\u00e9fi\u00e9 et de fruits secs<\/span><\/p>\n<p><strong><span>Go\u00fbt :\u00a0<\/span><\/strong><span>Cr\u00e9meuse on retrouve les agr\u00e9ables saveurs du nez et une belle finale\u00a0<\/span><\/p>","protected":false},"excerpt":{"rendered":"<p><strong>Valaisanne Pale Ale &#8211; Brasserie Valaisanne &#8211; Sion<\/strong><\/p>\n<\/p>\n<p><em>La Pale Ale est brass\u00e9e en utilisant uniquement le d\u00e9licieux houblon aromatique Bravo. Ainsi est cr\u00e9\u00e9 une \u00abSingle Hop Pale Ale\u00bb valaisanne qui affirme fi\u00e8rement ses origines. De subtiles notes de malt et de mandarine issues du houblonnage en cave compl\u00e8tent la saveur de cette pale ale originale \u00e0 la belle robe brun-roux.<\/em><\/p>","protected":false},"featured_media":12807,"comment_status":"open","ping_status":"open","template":"","meta":[],"product_cat":[250],"product_tag":[],"class_list":{"0":"post-9402","1":"product","2":"type-product","3":"status-publish","4":"has-post-thumbnail","6":"product_cat-bieres","7":"pa_color-blonde","8":"pa_country-suisse","9":"pa_style-pale-ale","10":"_wholesalex wsx-wholesalex-product","12":"first","13":"instock","14":"taxable","15":"shipping-taxable","16":"purchasable","17":"product-type-simple"},"_links":{"self":[{"href":"https:\/\/petitecave.ch\/de\/wp-json\/wp\/v2\/product\/9402","targetHints":{"allow":["GET"]}}],"collection":[{"href":"https:\/\/petitecave.ch\/de\/wp-json\/wp\/v2\/product"}],"about":[{"href":"https:\/\/petitecave.ch\/de\/wp-json\/wp\/v2\/types\/product"}],"replies":[{"embeddable":true,"href":"https:\/\/petitecave.ch\/de\/wp-json\/wp\/v2\/comments?post=9402"}],"wp:featuredmedia":[{"embeddable":true,"href":"https:\/\/petitecave.ch\/de\/wp-json\/wp\/v2\/media\/12807"}],"wp:attachment":[{"href":"https:\/\/petitecave.ch\/de\/wp-json\/wp\/v2\/media?parent=9402"}],"wp:term":[{"taxonomy":"product_cat","embeddable":true,"href":"https:\/\/petitecave.ch\/de\/wp-json\/wp\/v2\/product_cat?post=9402"},{"taxonomy":"product_tag","embeddable":true,"href":"https:\/\/petitecave.ch\/de\/wp-json\/wp\/v2\/product_tag?post=9402"}],"curies":[{"name":"wp","href":"https:\/\/api.w.org\/{rel}","templated":true}]}}