{"id":9395,"date":"2025-10-28T10:42:18","date_gmt":"2025-10-28T10:42:18","guid":{"rendered":""},"modified":"2026-02-20T12:01:26","modified_gmt":"2026-02-20T11:01:26","slug":"fusetea-p-che-hibiscus-pet-6x1-5l","status":"publish","type":"product","link":"https:\/\/petitecave.ch\/de\/product\/fusetea-p-che-hibiscus-pet-6x1-5l\/","title":{"rendered":"Fusetea P\u00eache &#038; Hibiscus PET 6&#215;1.5L"},"content":{"rendered":"","protected":false},"excerpt":{"rendered":"<p><b>Fusetea P\u00eache &amp; Hibiscus\u00a0<\/b><\/p>\n<p>\u00a0<\/p>\n<p><i>Une boisson rafra\u00eechissante \u00e0 base de th\u00e9, de p\u00eache et d&rsquo;hibiscus tropical. <\/i><\/p>\n<p><i>Faible en calories<\/i><i>.<\/i><\/p>","protected":false},"featured_media":12799,"comment_status":"open","ping_status":"open","template":"","meta":[],"product_cat":[251],"product_tag":[],"class_list":{"0":"post-9395","1":"product","2":"type-product","3":"status-publish","4":"has-post-thumbnail","6":"product_cat-boissons-sans-alcool","7":"_wholesalex wsx-wholesalex-product","9":"first","10":"instock","11":"taxable","12":"shipping-taxable","13":"purchasable","14":"product-type-simple"},"_links":{"self":[{"href":"https:\/\/petitecave.ch\/de\/wp-json\/wp\/v2\/product\/9395","targetHints":{"allow":["GET"]}}],"collection":[{"href":"https:\/\/petitecave.ch\/de\/wp-json\/wp\/v2\/product"}],"about":[{"href":"https:\/\/petitecave.ch\/de\/wp-json\/wp\/v2\/types\/product"}],"replies":[{"embeddable":true,"href":"https:\/\/petitecave.ch\/de\/wp-json\/wp\/v2\/comments?post=9395"}],"wp:featuredmedia":[{"embeddable":true,"href":"https:\/\/petitecave.ch\/de\/wp-json\/wp\/v2\/media\/12799"}],"wp:attachment":[{"href":"https:\/\/petitecave.ch\/de\/wp-json\/wp\/v2\/media?parent=9395"}],"wp:term":[{"taxonomy":"product_cat","embeddable":true,"href":"https:\/\/petitecave.ch\/de\/wp-json\/wp\/v2\/product_cat?post=9395"},{"taxonomy":"product_tag","embeddable":true,"href":"https:\/\/petitecave.ch\/de\/wp-json\/wp\/v2\/product_tag?post=9395"}],"curies":[{"name":"wp","href":"https:\/\/api.w.org\/{rel}","templated":true}]}}