{"id":9390,"date":"2025-10-28T10:42:11","date_gmt":"2025-10-28T10:42:11","guid":{"rendered":""},"modified":"2026-02-20T12:00:59","modified_gmt":"2026-02-20T11:00:59","slug":"fanta-orange-pet-6x1-5l","status":"publish","type":"product","link":"https:\/\/petitecave.ch\/de\/product\/fanta-orange-pet-6x1-5l\/","title":{"rendered":"Fanta Orange PET 6&#215;1.5L"},"content":{"rendered":"","protected":false},"excerpt":{"rendered":"<p><b>Fanta Orange<\/b><\/p>\n<p>\u00a0<\/p>\n<p><b>La date limite de pr\u00e9f\u00e9rence de comsommation est d\u00e9pass\u00e9e, ceci n&rsquo;est en aucun n\u00e9faste pour la sant\u00e9.<\/b><\/p>","protected":false},"featured_media":12791,"comment_status":"open","ping_status":"open","template":"","meta":[],"product_cat":[251],"product_tag":[],"class_list":{"0":"post-9390","1":"product","2":"type-product","3":"status-publish","4":"has-post-thumbnail","6":"product_cat-boissons-sans-alcool","7":"pa_country-suisse","8":"_wholesalex wsx-wholesalex-product","10":"first","11":"instock","12":"taxable","13":"shipping-taxable","14":"purchasable","15":"product-type-simple"},"_links":{"self":[{"href":"https:\/\/petitecave.ch\/de\/wp-json\/wp\/v2\/product\/9390","targetHints":{"allow":["GET"]}}],"collection":[{"href":"https:\/\/petitecave.ch\/de\/wp-json\/wp\/v2\/product"}],"about":[{"href":"https:\/\/petitecave.ch\/de\/wp-json\/wp\/v2\/types\/product"}],"replies":[{"embeddable":true,"href":"https:\/\/petitecave.ch\/de\/wp-json\/wp\/v2\/comments?post=9390"}],"wp:featuredmedia":[{"embeddable":true,"href":"https:\/\/petitecave.ch\/de\/wp-json\/wp\/v2\/media\/12791"}],"wp:attachment":[{"href":"https:\/\/petitecave.ch\/de\/wp-json\/wp\/v2\/media?parent=9390"}],"wp:term":[{"taxonomy":"product_cat","embeddable":true,"href":"https:\/\/petitecave.ch\/de\/wp-json\/wp\/v2\/product_cat?post=9390"},{"taxonomy":"product_tag","embeddable":true,"href":"https:\/\/petitecave.ch\/de\/wp-json\/wp\/v2\/product_tag?post=9390"}],"curies":[{"name":"wp","href":"https:\/\/api.w.org\/{rel}","templated":true}]}}