{"id":9389,"date":"2025-10-28T10:42:10","date_gmt":"2025-10-28T10:42:10","guid":{"rendered":""},"modified":"2026-02-20T12:20:51","modified_gmt":"2026-02-20T11:20:51","slug":"coca-cola-caisse-24x33cl","status":"publish","type":"product","link":"https:\/\/petitecave.ch\/de\/product\/coca-cola-caisse-24x33cl\/","title":{"rendered":"Coca-Cola Caisse 24x33cl"},"content":{"rendered":"<p>Boisson rafra\u00eechissante contenant de la caf\u00e9ine. Les ingr\u00e9dients responsables du go\u00fbt de Coca-Cola restent inchang\u00e9s jusqu&rsquo;\u00e0 aujourd&rsquo;hui, seulement des ar\u00f4mes naturels sont utilis\u00e9s et aucun conservateurs n&rsquo;est ajout\u00e9.<\/p>","protected":false},"excerpt":{"rendered":"<p><strong>Coca-Cola Caisse 24x33cl<\/strong><\/p>\n<\/p>\n<p><em>Coca-Cola existe en Suisse depuis 1936. Aujourd&rsquo;hui Coca-Cola rafra\u00eechit les gens dans plus de 200 pays et il est fabriqu\u00e9 selon la m\u00eame recette partout dans le monde.<\/em><\/p>","protected":false},"featured_media":12790,"comment_status":"open","ping_status":"closed","template":"","meta":[],"product_cat":[251],"product_tag":[],"class_list":{"0":"post-9389","1":"product","2":"type-product","3":"status-publish","4":"has-post-thumbnail","6":"product_cat-boissons-sans-alcool","7":"pa_country-suisse","8":"_wholesalex wsx-wholesalex-product","10":"first","11":"instock","12":"taxable","13":"shipping-taxable","14":"purchasable","15":"product-type-simple"},"_links":{"self":[{"href":"https:\/\/petitecave.ch\/de\/wp-json\/wp\/v2\/product\/9389","targetHints":{"allow":["GET"]}}],"collection":[{"href":"https:\/\/petitecave.ch\/de\/wp-json\/wp\/v2\/product"}],"about":[{"href":"https:\/\/petitecave.ch\/de\/wp-json\/wp\/v2\/types\/product"}],"replies":[{"embeddable":true,"href":"https:\/\/petitecave.ch\/de\/wp-json\/wp\/v2\/comments?post=9389"}],"wp:featuredmedia":[{"embeddable":true,"href":"https:\/\/petitecave.ch\/de\/wp-json\/wp\/v2\/media\/12790"}],"wp:attachment":[{"href":"https:\/\/petitecave.ch\/de\/wp-json\/wp\/v2\/media?parent=9389"}],"wp:term":[{"taxonomy":"product_cat","embeddable":true,"href":"https:\/\/petitecave.ch\/de\/wp-json\/wp\/v2\/product_cat?post=9389"},{"taxonomy":"product_tag","embeddable":true,"href":"https:\/\/petitecave.ch\/de\/wp-json\/wp\/v2\/product_tag?post=9389"}],"curies":[{"name":"wp","href":"https:\/\/api.w.org\/{rel}","templated":true}]}}