{"id":9387,"date":"2025-10-28T10:42:09","date_gmt":"2025-10-28T10:42:09","guid":{"rendered":""},"modified":"2026-02-24T10:23:14","modified_gmt":"2026-02-24T09:23:14","slug":"terra-d-alter-reserva-alentejano-75cl","status":"publish","type":"product","link":"https:\/\/petitecave.ch\/de\/product\/terra-d-alter-reserva-alentejano-75cl\/","title":{"rendered":"Terra d&rsquo;Alter Reserva &#8211; Alentejano 75cl"},"content":{"rendered":"<p><b>C\u00e9pages :\u00a0<\/b>Petit Verdot, Aragonez (Tempranillo), Alicante, Tinta Caiada, Trincadeira &#8211; \u00c9lev\u00e9 22 mois en barriques<\/p>\n<p><b>Nez :<\/b> Ar\u00f4mes de fruits rouges m\u00fbrs avec un parfum de violette et des notes d\u2019\u00e9pices.<\/p>\n<p><b>Bouche :<\/b> Bien structur\u00e9e, volumineuse avec des notes de bois de ch\u00eane merveilleusement int\u00e9gr\u00e9es. La Finition est douce et persistante.<\/p>\n<p><b>Accompagnement :\u00a0<\/b>Se marie bien avec les viandes brunes ou les fromages affin\u00e9s.<\/p>\n<section class=\"full-width-background\">\n<div class=\"tabs tabs-desktop\">\n<div class=\"tabs-content\">\n<div class=\"tab-content\">\n<div class=\"tab-icon\">\u00a0<\/div>\n<div class=\"tab-content-inner\">\u00a0<\/div>\n<\/div>\n<\/div>\n<\/div>\n<\/section>","protected":false},"excerpt":{"rendered":"<p><b>Terra d&rsquo;Alter Reserva &#8211; Alentejo<\/b><\/p>\n<p>\u00a0<\/p>\n<div class=\"product-description\">\n<p><i>Avec deux des familles viticoles les plus traditionnelles de la r\u00e9gion de l\u2019Alentejo, Peter Bright a fond\u00e9 Terras de Alter en 2004. Leur objectif \u00e9tait de faire \u00e9merger un vin au niveau international et de r\u00e9volutionner l\u2019image et la notori\u00e9t\u00e9 de la r\u00e9gion portugaise de l\u2019Alentajo. Gr\u00e2ce aux plus de 30 ans d\u2019exp\u00e9rience du dynamique australien en tant que vigneron, des vins de haute qualit\u00e9 et polyvalents ont \u00e9t\u00e9 produits sous sa responsabilit\u00e9 ann\u00e9e apr\u00e8s ann\u00e9e depuis le d\u00e9but du projet. Avec le Zero SO2, Peter Bright a m\u00eame produit le premier vin rouge sans sulfite au Portugal.<\/i><\/p>\n<\/div>\n<div class=\"product-information\">\n<div class=\"row\">\n<div class=\"col col-12 col-lg-6\">\u00a0<\/div>\n<\/div>\n<\/div>","protected":false},"featured_media":12788,"comment_status":"open","ping_status":"closed","template":"","meta":[],"product_cat":[253],"product_tag":[],"class_list":{"0":"post-9387","1":"product","2":"type-product","3":"status-publish","4":"has-post-thumbnail","6":"product_cat-vins","7":"pa_color-rouge","8":"pa_country-portugal","9":"pa_volume-75-cl","10":"_wholesalex wsx-wholesalex-product","12":"first","13":"instock","14":"taxable","15":"shipping-taxable","16":"purchasable","17":"product-type-simple"},"_links":{"self":[{"href":"https:\/\/petitecave.ch\/de\/wp-json\/wp\/v2\/product\/9387","targetHints":{"allow":["GET"]}}],"collection":[{"href":"https:\/\/petitecave.ch\/de\/wp-json\/wp\/v2\/product"}],"about":[{"href":"https:\/\/petitecave.ch\/de\/wp-json\/wp\/v2\/types\/product"}],"replies":[{"embeddable":true,"href":"https:\/\/petitecave.ch\/de\/wp-json\/wp\/v2\/comments?post=9387"}],"wp:featuredmedia":[{"embeddable":true,"href":"https:\/\/petitecave.ch\/de\/wp-json\/wp\/v2\/media\/12788"}],"wp:attachment":[{"href":"https:\/\/petitecave.ch\/de\/wp-json\/wp\/v2\/media?parent=9387"}],"wp:term":[{"taxonomy":"product_cat","embeddable":true,"href":"https:\/\/petitecave.ch\/de\/wp-json\/wp\/v2\/product_cat?post=9387"},{"taxonomy":"product_tag","embeddable":true,"href":"https:\/\/petitecave.ch\/de\/wp-json\/wp\/v2\/product_tag?post=9387"}],"curies":[{"name":"wp","href":"https:\/\/api.w.org\/{rel}","templated":true}]}}