{"id":9386,"date":"2025-10-28T10:42:07","date_gmt":"2025-10-28T10:42:07","guid":{"rendered":""},"modified":"2026-02-24T10:22:59","modified_gmt":"2026-02-24T09:22:59","slug":"terra-d-alter-alentejano-tinto-75cl","status":"publish","type":"product","link":"https:\/\/petitecave.ch\/de\/product\/terra-d-alter-alentejano-tinto-75cl\/","title":{"rendered":"Terra d&rsquo;Alter Alentejano Tinto 75cl"},"content":{"rendered":"<p><b>C\u00e9pages :\u00a0<\/b>Aragon\u00eaz, Trincadeira et Syrah<\/p>\n<p><b>Nez :<\/b> Ar\u00f4me de fruit avec des notes \u00e9l\u00e9gantes et fra\u00eeches de baies et de groseilles<\/p>\n<p><b>Bouche :<\/b> Bien sculpt\u00e9e et polie avec une belle structure, un bon volume et quelques notes de bois bien int\u00e9gr\u00e9es<\/p>","protected":false},"excerpt":{"rendered":"<p><b>Terra d&rsquo;Alter Alentejano Tinto<\/b><\/p>\n<p>\u00a0<\/p>\n<p><i>Les raisins ont \u00e9t\u00e9 cueillis \u00e0 la main et d\u00e9charg\u00e9s. Dans la cave, les raisins ont \u00e9t\u00e9 enti\u00e8rement \u00e9grapp\u00e9, suivis d&rsquo;un \u00e9crasement doux. Les raisins ont subi un trempage \u00e0 froid avant la fermentation pendant une p\u00e9riode de 48 heures.\u00a0La fermentation s&rsquo;est produite dans des cuves en acier inoxydable \u00e0 temp\u00e9rature contr\u00f4l\u00e9e (20\u00baC \u00e0 22\u00baC) pendant 5 jours avec une pompe manuelle quotidienne.\u00a0La fermentation malolactique a \u00e9galement \u00e9t\u00e9 faite dans des cuves en acier inoxydable, suivie d&rsquo;une maturation en f\u00fbts de ch\u00eane fran\u00e7ais pendant 6 mois.<\/i><\/p>","protected":false},"featured_media":12787,"comment_status":"open","ping_status":"closed","template":"","meta":[],"product_cat":[253],"product_tag":[],"class_list":{"0":"post-9386","1":"product","2":"type-product","3":"status-publish","4":"has-post-thumbnail","6":"product_cat-vins","7":"pa_color-rouge","8":"pa_country-portugal","9":"pa_volume-75-cl","10":"_wholesalex wsx-wholesalex-product","12":"first","13":"instock","14":"taxable","15":"shipping-taxable","16":"purchasable","17":"product-type-simple"},"_links":{"self":[{"href":"https:\/\/petitecave.ch\/de\/wp-json\/wp\/v2\/product\/9386","targetHints":{"allow":["GET"]}}],"collection":[{"href":"https:\/\/petitecave.ch\/de\/wp-json\/wp\/v2\/product"}],"about":[{"href":"https:\/\/petitecave.ch\/de\/wp-json\/wp\/v2\/types\/product"}],"replies":[{"embeddable":true,"href":"https:\/\/petitecave.ch\/de\/wp-json\/wp\/v2\/comments?post=9386"}],"wp:featuredmedia":[{"embeddable":true,"href":"https:\/\/petitecave.ch\/de\/wp-json\/wp\/v2\/media\/12787"}],"wp:attachment":[{"href":"https:\/\/petitecave.ch\/de\/wp-json\/wp\/v2\/media?parent=9386"}],"wp:term":[{"taxonomy":"product_cat","embeddable":true,"href":"https:\/\/petitecave.ch\/de\/wp-json\/wp\/v2\/product_cat?post=9386"},{"taxonomy":"product_tag","embeddable":true,"href":"https:\/\/petitecave.ch\/de\/wp-json\/wp\/v2\/product_tag?post=9386"}],"curies":[{"name":"wp","href":"https:\/\/api.w.org\/{rel}","templated":true}]}}