{"id":9385,"date":"2025-10-28T10:42:06","date_gmt":"2025-10-28T10:42:06","guid":{"rendered":""},"modified":"2026-02-24T10:08:37","modified_gmt":"2026-02-24T09:08:37","slug":"senza-parole-primitivo-di-puglia-igt","status":"publish","type":"product","link":"https:\/\/petitecave.ch\/de\/product\/senza-parole-primitivo-di-puglia-igt\/","title":{"rendered":"Senza Parole &#8211; Primitivo di Puglia IGT"},"content":{"rendered":"<p><strong>C\u00e9page :\u00a0<\/strong>Primitivo<\/p>\n<p><strong>Nez :\u00a0<\/strong>A dominance fruit\u00e9e et compot\u00e9e, sur le pruneau confit, la cerise confite, le massepain et les \u00e9pices douces<\/p>\n<p><strong>Bouche :\u00a0<\/strong>L\u00e9ger, fruit\u00e9 et dot\u00e9 d&rsquo;une agr\u00e9able douceur, il rappelle le bonbon anglais<\/p>\n<p><strong>Accompagnement :\u00a0<\/strong>Avec des antipasti, des grillades, de la charcuterie,&#8230;\u00a0<\/p>\n<p><strong>Temps de garde :<\/strong> 2 \u00e0 3 ans<\/p>","protected":false},"excerpt":{"rendered":"<p><b>Senza Parole &#8211; Primitivo Salento IGT Amabile<\/b><\/p>","protected":false},"featured_media":12786,"comment_status":"open","ping_status":"closed","template":"","meta":[],"product_cat":[253],"product_tag":[],"class_list":{"0":"post-9385","1":"product","2":"type-product","3":"status-publish","4":"has-post-thumbnail","6":"product_cat-vins","7":"pa_color-rouge","8":"pa_country-suisse","9":"pa_volume-50cl","10":"pa_volume-75-cl","11":"_wholesalex wsx-wholesalex-product","13":"first","14":"instock","15":"taxable","16":"shipping-taxable","17":"purchasable","18":"product-type-simple"},"_links":{"self":[{"href":"https:\/\/petitecave.ch\/de\/wp-json\/wp\/v2\/product\/9385","targetHints":{"allow":["GET"]}}],"collection":[{"href":"https:\/\/petitecave.ch\/de\/wp-json\/wp\/v2\/product"}],"about":[{"href":"https:\/\/petitecave.ch\/de\/wp-json\/wp\/v2\/types\/product"}],"replies":[{"embeddable":true,"href":"https:\/\/petitecave.ch\/de\/wp-json\/wp\/v2\/comments?post=9385"}],"wp:featuredmedia":[{"embeddable":true,"href":"https:\/\/petitecave.ch\/de\/wp-json\/wp\/v2\/media\/12786"}],"wp:attachment":[{"href":"https:\/\/petitecave.ch\/de\/wp-json\/wp\/v2\/media?parent=9385"}],"wp:term":[{"taxonomy":"product_cat","embeddable":true,"href":"https:\/\/petitecave.ch\/de\/wp-json\/wp\/v2\/product_cat?post=9385"},{"taxonomy":"product_tag","embeddable":true,"href":"https:\/\/petitecave.ch\/de\/wp-json\/wp\/v2\/product_tag?post=9385"}],"curies":[{"name":"wp","href":"https:\/\/api.w.org\/{rel}","templated":true}]}}