{"id":9384,"date":"2025-10-28T10:42:05","date_gmt":"2025-10-28T10:42:05","guid":{"rendered":""},"modified":"2026-02-24T07:43:47","modified_gmt":"2026-02-24T06:43:47","slug":"origen-de-resalte-75cl","status":"publish","type":"product","link":"https:\/\/petitecave.ch\/de\/product\/origen-de-resalte-75cl\/","title":{"rendered":"Origen de Resalte 75cl"},"content":{"rendered":"<p><b>C\u00e9page :\u00a0<\/b>Tempranillo (\u00e9lev\u00e9 14 mois en f\u00fbt de ch\u00eane, 80% fran\u00e7ais et 20% am\u00e9ricain)<\/p>\n<p><b>Nez :\u00a0<\/b>Ar\u00f4mes fruit\u00e9s sur les fruits rouges avec des notes de ch\u00eane et d&rsquo;\u00e9pices<\/p>\n<p><b>Bouche :\u00a0<\/b>Structur\u00e9e et \u00e9quilibr\u00e9e avec une belle acidit\u00e9 et des tanins bien m\u00fbrs<\/p>","protected":false},"excerpt":{"rendered":"<p><b>Origen de Resalte &#8211; Resalte<\/b><\/p>\n<p><i>Ribera del Duero DO<\/i><\/p>","protected":false},"featured_media":12785,"comment_status":"open","ping_status":"closed","template":"","meta":[],"product_cat":[253],"product_tag":[],"class_list":{"0":"post-9384","1":"product","2":"type-product","3":"status-publish","4":"has-post-thumbnail","6":"product_cat-vins","7":"pa_color-rouge","8":"pa_country-espagne","9":"pa_volume-75-cl","10":"_wholesalex wsx-wholesalex-product","12":"first","13":"instock","14":"taxable","15":"shipping-taxable","16":"purchasable","17":"product-type-simple"},"_links":{"self":[{"href":"https:\/\/petitecave.ch\/de\/wp-json\/wp\/v2\/product\/9384","targetHints":{"allow":["GET"]}}],"collection":[{"href":"https:\/\/petitecave.ch\/de\/wp-json\/wp\/v2\/product"}],"about":[{"href":"https:\/\/petitecave.ch\/de\/wp-json\/wp\/v2\/types\/product"}],"replies":[{"embeddable":true,"href":"https:\/\/petitecave.ch\/de\/wp-json\/wp\/v2\/comments?post=9384"}],"wp:featuredmedia":[{"embeddable":true,"href":"https:\/\/petitecave.ch\/de\/wp-json\/wp\/v2\/media\/12785"}],"wp:attachment":[{"href":"https:\/\/petitecave.ch\/de\/wp-json\/wp\/v2\/media?parent=9384"}],"wp:term":[{"taxonomy":"product_cat","embeddable":true,"href":"https:\/\/petitecave.ch\/de\/wp-json\/wp\/v2\/product_cat?post=9384"},{"taxonomy":"product_tag","embeddable":true,"href":"https:\/\/petitecave.ch\/de\/wp-json\/wp\/v2\/product_tag?post=9384"}],"curies":[{"name":"wp","href":"https:\/\/api.w.org\/{rel}","templated":true}]}}