{"id":9383,"date":"2025-10-28T10:42:04","date_gmt":"2025-10-28T10:42:04","guid":{"rendered":""},"modified":"2026-02-24T09:56:09","modified_gmt":"2026-02-24T08:56:09","slug":"protos-rueda-verdejo","status":"publish","type":"product","link":"https:\/\/petitecave.ch\/de\/product\/protos-rueda-verdejo\/","title":{"rendered":"Protos Rueda Verdejo"},"content":{"rendered":"<p><strong>C\u00e9page :\u00a0<\/strong>Verdejo\u00a0<\/p>\n<p><strong>Nez :\u00a0<\/strong>Fort et fruit\u00e9 aux ar\u00f4mes de pomme, d&rsquo;agrumes, d&rsquo;herbes et de fenouil<\/p>\n<p><strong>Bouche :\u00a0<\/strong>El\u00e9gamment fruit\u00e9e, fra\u00eeche avec une acidit\u00e9 vive et bien \u00e9quilibr\u00e9e sur une longue finale<\/p>\n<p><strong>Accompagnement :\u00a0<\/strong>Avec du poisson, des fruits de mer, des fromages,&#8230;\u00a0<\/p>","protected":false},"excerpt":{"rendered":"<p>Protos Verdejo &#8211; Bodega Protos &#8211; Rueda DO\u00a0<\/p>","protected":false},"featured_media":12784,"comment_status":"open","ping_status":"closed","template":"","meta":[],"product_cat":[253],"product_tag":[],"class_list":{"0":"post-9383","1":"product","2":"type-product","3":"status-publish","4":"has-post-thumbnail","6":"product_cat-vins","7":"pa_color-blanc","8":"pa_country-espagne","9":"pa_volume-75-cl","10":"_wholesalex wsx-wholesalex-product","12":"first","13":"instock","14":"taxable","15":"shipping-taxable","16":"purchasable","17":"product-type-simple"},"_links":{"self":[{"href":"https:\/\/petitecave.ch\/de\/wp-json\/wp\/v2\/product\/9383","targetHints":{"allow":["GET"]}}],"collection":[{"href":"https:\/\/petitecave.ch\/de\/wp-json\/wp\/v2\/product"}],"about":[{"href":"https:\/\/petitecave.ch\/de\/wp-json\/wp\/v2\/types\/product"}],"replies":[{"embeddable":true,"href":"https:\/\/petitecave.ch\/de\/wp-json\/wp\/v2\/comments?post=9383"}],"wp:featuredmedia":[{"embeddable":true,"href":"https:\/\/petitecave.ch\/de\/wp-json\/wp\/v2\/media\/12784"}],"wp:attachment":[{"href":"https:\/\/petitecave.ch\/de\/wp-json\/wp\/v2\/media?parent=9383"}],"wp:term":[{"taxonomy":"product_cat","embeddable":true,"href":"https:\/\/petitecave.ch\/de\/wp-json\/wp\/v2\/product_cat?post=9383"},{"taxonomy":"product_tag","embeddable":true,"href":"https:\/\/petitecave.ch\/de\/wp-json\/wp\/v2\/product_tag?post=9383"}],"curies":[{"name":"wp","href":"https:\/\/api.w.org\/{rel}","templated":true}]}}