{"id":9377,"date":"2025-10-28T10:41:59","date_gmt":"2025-10-28T10:41:59","guid":{"rendered":""},"modified":"2026-02-24T07:11:32","modified_gmt":"2026-02-24T06:11:32","slug":"herdade-pa-o-do-conde-75cl","status":"publish","type":"product","link":"https:\/\/petitecave.ch\/de\/product\/herdade-pa-o-do-conde-75cl\/","title":{"rendered":"Herdade Pa\u00e7o Do Conde 75cl"},"content":{"rendered":"<p><strong>C\u00e9pages :\u00a0<\/strong>Aragonais (40%), Trincadeira (40%), Alicante Bouschet (10%) et Touriga Nacional (10%) &#8211; \u00c9lev\u00e9 3 mois en f\u00fbt de ch\u00eane fran\u00e7ais et am\u00e9ricain<\/p>\n<p><strong>Nez :\u00a0<\/strong>Ar\u00f4mes intenses de cerises noires<\/p>\n<p><b>Bouche<\/b><strong>\u00a0:\u00a0<\/strong>\u00c9quilibr\u00e9e et lisse avec une belle persistance en finale\u00a0<\/p>\n<p><strong>Accompagnement :\u00a0<\/strong>S&rsquo;accompagne de viandes rouges grill\u00e9es ou de fromages affin\u00e9s<\/p>","protected":false},"excerpt":{"rendered":"<p><strong>Herdade Pa\u00e7o Do Conde &#8211; Alentejo\u00a0<\/strong><\/p>\n<p><strong><\/strong><\/p>\n<p><i>Au milieu de la plaine du sud de l\u2019Alentejo a \u00e9t\u00e9 produit ce vin avec les vari\u00e9t\u00e9s aragonaises, Trincadeira, Alicante Bouschet, et Touriga Nacional.<\/i><\/p>","protected":false},"featured_media":12778,"comment_status":"open","ping_status":"closed","template":"","meta":[],"product_cat":[253],"product_tag":[],"class_list":{"0":"post-9377","1":"product","2":"type-product","3":"status-publish","4":"has-post-thumbnail","6":"product_cat-vins","7":"pa_color-rouge","8":"pa_country-portugal","9":"pa_volume-75-cl","10":"_wholesalex wsx-wholesalex-product","12":"first","13":"instock","14":"taxable","15":"shipping-taxable","16":"purchasable","17":"product-type-simple"},"_links":{"self":[{"href":"https:\/\/petitecave.ch\/de\/wp-json\/wp\/v2\/product\/9377","targetHints":{"allow":["GET"]}}],"collection":[{"href":"https:\/\/petitecave.ch\/de\/wp-json\/wp\/v2\/product"}],"about":[{"href":"https:\/\/petitecave.ch\/de\/wp-json\/wp\/v2\/types\/product"}],"replies":[{"embeddable":true,"href":"https:\/\/petitecave.ch\/de\/wp-json\/wp\/v2\/comments?post=9377"}],"wp:featuredmedia":[{"embeddable":true,"href":"https:\/\/petitecave.ch\/de\/wp-json\/wp\/v2\/media\/12778"}],"wp:attachment":[{"href":"https:\/\/petitecave.ch\/de\/wp-json\/wp\/v2\/media?parent=9377"}],"wp:term":[{"taxonomy":"product_cat","embeddable":true,"href":"https:\/\/petitecave.ch\/de\/wp-json\/wp\/v2\/product_cat?post=9377"},{"taxonomy":"product_tag","embeddable":true,"href":"https:\/\/petitecave.ch\/de\/wp-json\/wp\/v2\/product_tag?post=9377"}],"curies":[{"name":"wp","href":"https:\/\/api.w.org\/{rel}","templated":true}]}}