{"id":9375,"date":"2026-04-01T13:41:58","date_gmt":"2026-04-01T11:41:58","guid":{"rendered":""},"modified":"2026-04-01T14:49:34","modified_gmt":"2026-04-01T12:49:34","slug":"kaiken-reserva-malbec-mendoza-75cl","status":"publish","type":"product","link":"https:\/\/petitecave.ch\/de\/product\/kaiken-reserva-malbec-mendoza-75cl\/","title":{"rendered":"Malbec Estate &#8211; Kaiken 75cl"},"content":{"rendered":"<p data-start=\"151\" data-end=\"339\"><span style=\"color: #000000;\">Cap sur l\u2019Argentine avec le <strong data-start=\"179\" data-end=\"206\">Malbec Estate<\/strong>, une cuv\u00e9e embl\u00e9matique qui exprime toute la richesse et la g\u00e9n\u00e9rosit\u00e9 des <strong>vignobles de Mendoza<\/strong>, au pied de la Cordill\u00e8re des Andes.<\/span><\/p>\n<p data-start=\"341\" data-end=\"631\"><span style=\"color: #000000;\">Au <strong>nez<\/strong>, il s\u00e9duit imm\u00e9diatement avec des <strong>ar\u00f4mes intenses de fruits noirs m\u00fbrs<\/strong> \u2013 <strong>m\u00fbre, prune<\/strong> \u2013 accompagn\u00e9s de <strong>notes \u00e9pic\u00e9es<\/strong> et d\u2019une <strong>touche subtile de vanille<\/strong>. En <strong>bouche<\/strong>, l\u2019<strong>attaque<\/strong> est <strong>ample<\/strong> et <strong>velout\u00e9e<\/strong>, port\u00e9e par des <strong>tanins soyeux<\/strong> et une <strong>belle structure<\/strong> qui apporte <strong>profondeur et longueur<\/strong>.<\/span><\/p>","protected":false},"excerpt":{"rendered":"<p>Cap sur l\u2019Argentine avec le Malbec Estate, une cuv\u00e9e embl\u00e9matique qui exprime toute la richesse et la g\u00e9n\u00e9rosit\u00e9 des vignobles de Mendoza, au pied de la Cordill\u00e8re des Andes. Au nez, il s\u00e9duit imm\u00e9diatement avec des ar\u00f4mes intenses de fruits noirs m\u00fbrs \u2013 m\u00fbre, prune \u2013 accompagn\u00e9s de notes \u00e9pic\u00e9es et d\u2019une touche subtile de [&hellip;]<\/p>\n","protected":false},"featured_media":19111,"comment_status":"open","ping_status":"closed","template":"","meta":[],"product_cat":[369,253,318],"product_tag":[],"class_list":{"0":"post-9375","1":"product","2":"type-product","3":"status-publish","4":"has-post-thumbnail","6":"product_cat-rouge","7":"product_cat-vins","8":"product_cat-vins-du-mois","9":"pa_color-rouge","10":"pa_country-argentine","11":"pa_volume-75-cl","12":"_wholesalex wsx-wholesalex-product","14":"first","15":"instock","16":"sale","17":"taxable","18":"shipping-taxable","19":"purchasable","20":"product-type-simple"},"_links":{"self":[{"href":"https:\/\/petitecave.ch\/de\/wp-json\/wp\/v2\/product\/9375","targetHints":{"allow":["GET"]}}],"collection":[{"href":"https:\/\/petitecave.ch\/de\/wp-json\/wp\/v2\/product"}],"about":[{"href":"https:\/\/petitecave.ch\/de\/wp-json\/wp\/v2\/types\/product"}],"replies":[{"embeddable":true,"href":"https:\/\/petitecave.ch\/de\/wp-json\/wp\/v2\/comments?post=9375"}],"wp:featuredmedia":[{"embeddable":true,"href":"https:\/\/petitecave.ch\/de\/wp-json\/wp\/v2\/media\/19111"}],"wp:attachment":[{"href":"https:\/\/petitecave.ch\/de\/wp-json\/wp\/v2\/media?parent=9375"}],"wp:term":[{"taxonomy":"product_cat","embeddable":true,"href":"https:\/\/petitecave.ch\/de\/wp-json\/wp\/v2\/product_cat?post=9375"},{"taxonomy":"product_tag","embeddable":true,"href":"https:\/\/petitecave.ch\/de\/wp-json\/wp\/v2\/product_tag?post=9375"}],"curies":[{"name":"wp","href":"https:\/\/api.w.org\/{rel}","templated":true}]}}