{"id":9373,"date":"2025-10-28T10:41:56","date_gmt":"2025-10-28T10:41:56","guid":{"rendered":""},"modified":"2026-02-24T07:09:06","modified_gmt":"2026-02-24T06:09:06","slug":"gewurztraminer-winkler-hermaden-75cl","status":"publish","type":"product","link":"https:\/\/petitecave.ch\/de\/product\/gewurztraminer-winkler-hermaden-75cl\/","title":{"rendered":"Gewurztraminer &#8211; Winkler Hermaden 75cl"},"content":{"rendered":"<p><strong>C\u00e9page :\u00a0<\/strong>Gewurztraminer<\/p>\n<p><strong>Nez :\u00a0<\/strong>Ar\u00f4mes distinctifs de bergamote, de rose<\/p>\n<p><strong>Bouche :\u00a0<\/strong>\u00a0Corps l\u00e9ger et la l\u00e9g\u00e8re acidit\u00e9 le rendent parfait<\/p>\n<p><strong>Accompagnement :\u00a0<\/strong>Avec des plats \u00e9pic\u00e9s et des sauces fortes, avec des desserts au chocolat ou au massepain<\/p>\n<p><strong>Temps de garde :\u00a0<\/strong>7 ans\u00a0<\/p>","protected":false},"excerpt":{"rendered":"<p><strong>Gewurztraminer &#8211; Winkler Hermaden\u00a0<\/strong><\/p>","protected":false},"featured_media":12774,"comment_status":"open","ping_status":"closed","template":"","meta":[],"product_cat":[253],"product_tag":[],"class_list":{"0":"post-9373","1":"product","2":"type-product","3":"status-publish","4":"has-post-thumbnail","6":"product_cat-vins","7":"pa_color-blanc","8":"pa_country-autriche","9":"pa_volume-75-cl","10":"_wholesalex wsx-wholesalex-product","12":"first","13":"instock","14":"taxable","15":"shipping-taxable","16":"purchasable","17":"product-type-simple"},"_links":{"self":[{"href":"https:\/\/petitecave.ch\/de\/wp-json\/wp\/v2\/product\/9373","targetHints":{"allow":["GET"]}}],"collection":[{"href":"https:\/\/petitecave.ch\/de\/wp-json\/wp\/v2\/product"}],"about":[{"href":"https:\/\/petitecave.ch\/de\/wp-json\/wp\/v2\/types\/product"}],"replies":[{"embeddable":true,"href":"https:\/\/petitecave.ch\/de\/wp-json\/wp\/v2\/comments?post=9373"}],"wp:featuredmedia":[{"embeddable":true,"href":"https:\/\/petitecave.ch\/de\/wp-json\/wp\/v2\/media\/12774"}],"wp:attachment":[{"href":"https:\/\/petitecave.ch\/de\/wp-json\/wp\/v2\/media?parent=9373"}],"wp:term":[{"taxonomy":"product_cat","embeddable":true,"href":"https:\/\/petitecave.ch\/de\/wp-json\/wp\/v2\/product_cat?post=9373"},{"taxonomy":"product_tag","embeddable":true,"href":"https:\/\/petitecave.ch\/de\/wp-json\/wp\/v2\/product_tag?post=9373"}],"curies":[{"name":"wp","href":"https:\/\/api.w.org\/{rel}","templated":true}]}}