{"id":9372,"date":"2025-10-28T10:41:55","date_gmt":"2025-10-28T10:41:55","guid":{"rendered":""},"modified":"2026-02-24T07:08:26","modified_gmt":"2026-02-24T06:08:26","slug":"galatrona-bio-petrolo","status":"publish","type":"product","link":"https:\/\/petitecave.ch\/de\/product\/galatrona-bio-petrolo\/","title":{"rendered":"Galatrona BIO &#8211; Petrolo 75cl"},"content":{"rendered":"<p><b>C\u00e9page :<\/b>\u00a0Merlot<\/p>\n<p><b>Nez :<\/b>\u00a0Fruit\u00e9<\/p>\n<p><b>Bouche :\u00a0<\/b>\u00c9quilibr\u00e9e avec des tanins fins et une belle acidit\u00e9<\/p>\n<p><b>Accompagnement :<\/b>\u00a0Parfait sur des viandes rouges ou de la volaille<\/p>","protected":false},"excerpt":{"rendered":"<p><b>Galatrona BIO &#8211; Petrolo 2017<\/b><\/p>\n<p><i><b>Galatrona IGT<\/b><\/i><\/p>\n<p>\u00a0<\/p>\n<p><i>La cave traditionnelle petrolo est situ\u00e9e au milieu de la Toscane entre Florence et Arezzo et est l\u2019une des rares \u00e0 avoir \u00e9t\u00e9 syst\u00e9matiquement r\u00e9compens\u00e9e par tous les critiques de vin italiens renomm\u00e9s depuis des ann\u00e9es. Les vignes se dressent \u00e0 une altitude comprise entre 250 et 450 m\u00e8tres au-dessus du niveau de la mer. Les sols galestro sont typiques de la r\u00e9gion des Apennins en Toscane. Depuis le Moyen \u00c2ge, le domaine appartient \u00e0 la c\u00e9l\u00e8bre dynastie toscane Galatrona, dont l\u2019ancienne tour est encore pr\u00e9serv\u00e9e aujourd\u2019hui. Aujourd\u2019hui, Petrolo est dirig\u00e9e par la quatri\u00e8me g\u00e9n\u00e9ration de la famille Bazzocchi-Sanjust.<\/i><\/p>","protected":false},"featured_media":12773,"comment_status":"open","ping_status":"closed","template":"","meta":[],"product_cat":[253],"product_tag":[],"class_list":{"0":"post-9372","1":"product","2":"type-product","3":"status-publish","4":"has-post-thumbnail","6":"product_cat-vins","7":"pa_color-rouge","8":"pa_country-italie","9":"pa_volume-75-cl","10":"_wholesalex wsx-wholesalex-product","12":"first","13":"instock","14":"taxable","15":"shipping-taxable","16":"purchasable","17":"product-type-simple"},"_links":{"self":[{"href":"https:\/\/petitecave.ch\/de\/wp-json\/wp\/v2\/product\/9372","targetHints":{"allow":["GET"]}}],"collection":[{"href":"https:\/\/petitecave.ch\/de\/wp-json\/wp\/v2\/product"}],"about":[{"href":"https:\/\/petitecave.ch\/de\/wp-json\/wp\/v2\/types\/product"}],"replies":[{"embeddable":true,"href":"https:\/\/petitecave.ch\/de\/wp-json\/wp\/v2\/comments?post=9372"}],"wp:featuredmedia":[{"embeddable":true,"href":"https:\/\/petitecave.ch\/de\/wp-json\/wp\/v2\/media\/12773"}],"wp:attachment":[{"href":"https:\/\/petitecave.ch\/de\/wp-json\/wp\/v2\/media?parent=9372"}],"wp:term":[{"taxonomy":"product_cat","embeddable":true,"href":"https:\/\/petitecave.ch\/de\/wp-json\/wp\/v2\/product_cat?post=9372"},{"taxonomy":"product_tag","embeddable":true,"href":"https:\/\/petitecave.ch\/de\/wp-json\/wp\/v2\/product_tag?post=9372"}],"curies":[{"name":"wp","href":"https:\/\/api.w.org\/{rel}","templated":true}]}}