{"id":9371,"date":"2025-10-28T10:41:54","date_gmt":"2025-10-28T10:41:54","guid":{"rendered":""},"modified":"2026-02-23T16:34:57","modified_gmt":"2026-02-23T15:34:57","slug":"chardonnay-feudo-arancio-75cl","status":"publish","type":"product","link":"https:\/\/petitecave.ch\/de\/product\/chardonnay-feudo-arancio-75cl\/","title":{"rendered":"Chardonnay &#8211; Feudo Arancio 75cl"},"content":{"rendered":"<p><strong>C\u00e9page :<\/strong> Chardonnay<\/p>\n<p><strong>Nez :\u00a0<\/strong>Frais et fruit\u00e9 avec des notes d&rsquo;ananas et de fruits tropicaux<\/p>\n<p><strong>Bouche :\u00a0<\/strong>Harmonieuse et \u00e9quilibr\u00e9e, avec une onctuosit\u00e9 agr\u00e9able et une acidit\u00e9 d\u00e9licate<\/p>\n<p><strong>Accompagnements :\u00a0<\/strong>Fruits de mer, antipastis, p\u00e2tes et viande blanche<\/p>","protected":false},"excerpt":{"rendered":"<p><b>Chardonnay &#8211; Feudo Arancio<\/b><\/p>\n<p><i><b>Sicilia DOC<\/b><\/i><\/p>","protected":false},"featured_media":12772,"comment_status":"open","ping_status":"closed","template":"","meta":[],"product_cat":[253],"product_tag":[],"class_list":{"0":"post-9371","1":"product","2":"type-product","3":"status-publish","4":"has-post-thumbnail","6":"product_cat-vins","7":"pa_color-blanc","8":"pa_country-italie","9":"pa_volume-75-cl","10":"_wholesalex wsx-wholesalex-product","12":"first","13":"instock","14":"taxable","15":"shipping-taxable","16":"purchasable","17":"product-type-simple"},"_links":{"self":[{"href":"https:\/\/petitecave.ch\/de\/wp-json\/wp\/v2\/product\/9371","targetHints":{"allow":["GET"]}}],"collection":[{"href":"https:\/\/petitecave.ch\/de\/wp-json\/wp\/v2\/product"}],"about":[{"href":"https:\/\/petitecave.ch\/de\/wp-json\/wp\/v2\/types\/product"}],"replies":[{"embeddable":true,"href":"https:\/\/petitecave.ch\/de\/wp-json\/wp\/v2\/comments?post=9371"}],"wp:featuredmedia":[{"embeddable":true,"href":"https:\/\/petitecave.ch\/de\/wp-json\/wp\/v2\/media\/12772"}],"wp:attachment":[{"href":"https:\/\/petitecave.ch\/de\/wp-json\/wp\/v2\/media?parent=9371"}],"wp:term":[{"taxonomy":"product_cat","embeddable":true,"href":"https:\/\/petitecave.ch\/de\/wp-json\/wp\/v2\/product_cat?post=9371"},{"taxonomy":"product_tag","embeddable":true,"href":"https:\/\/petitecave.ch\/de\/wp-json\/wp\/v2\/product_tag?post=9371"}],"curies":[{"name":"wp","href":"https:\/\/api.w.org\/{rel}","templated":true}]}}